{"id":3458,"date":"2024-11-18T15:30:47","date_gmt":"2024-11-18T14:30:47","guid":{"rendered":"https:\/\/miksch-werkzeugwechsler.de\/?post_type=product&#038;p=3458"},"modified":"2026-03-30T09:05:04","modified_gmt":"2026-03-30T08:05:04","slug":"werkzeugwechselsysteme-fuer-spezifische-anforderungen","status":"publish","type":"product","link":"https:\/\/miksch-werkzeugwechsler.de\/en\/product\/werkzeugwechselsysteme-fuer-spezifische-anforderungen\/","title":{"rendered":"Tool changing system for specific solutions"},"content":{"rendered":"<h2 class=\"title\" style=\"font-size: 24px; padding: 30px 0px 10px;\">YOUR BENEFITS AT A GLANCE<\/h2>\n<div class=\"responsive-columns\">\n<div>\n<h3 style=\"margin-bottom: 15px;\"><strong>increasing productivity<\/strong><\/h3>\n<ul>\n<li style=\"list-style-type: none;\">\n<ul>\n<li><img decoding=\"async\" src=\"https:\/\/miksch-werkzeugwechsler.de\/wp-content\/uploads\/2020\/06\/Frame-116.png\" width=\"16\" height=\"12\" \/> high packing density<\/li>\n<li><img decoding=\"async\" src=\"https:\/\/miksch-werkzeugwechsler.de\/wp-content\/uploads\/2020\/06\/Frame-116.png\" width=\"16\" height=\"12\" \/> Tool weight up to 45 kg possible<\/li>\n<li><img decoding=\"async\" src=\"https:\/\/miksch-werkzeugwechsler.de\/wp-content\/uploads\/2020\/06\/Frame-116.png\" width=\"16\" height=\"12\" \/> reduces downtime<\/li>\n<li><img decoding=\"async\" src=\"https:\/\/miksch-werkzeugwechsler.de\/wp-content\/uploads\/2020\/06\/Frame-116.png\" width=\"16\" height=\"12\" \/> low maintenance<\/li>\n<\/ul>\n<\/li>\n<\/ul>\n<p>&lt;<\/p>\n<\/div>\n<div>\n<h3 style=\"margin-bottom: 15px;\"><strong>Flexible in application<\/strong><\/h3>\n<ul>\n<li><img decoding=\"async\" src=\"https:\/\/miksch-werkzeugwechsler.de\/wp-content\/uploads\/2020\/06\/Frame-116.png\" width=\"16\" height=\"12\" \/> any installation position<\/li>\n<li><img decoding=\"async\" src=\"https:\/\/miksch-werkzeugwechsler.de\/wp-content\/uploads\/2020\/06\/Frame-116.png\" width=\"16\" height=\"12\" \/> all common tool holders special holders on request<\/li>\n<li><img decoding=\"async\" src=\"https:\/\/miksch-werkzeugwechsler.de\/wp-content\/uploads\/2020\/06\/Frame-116.png\" width=\"16\" height=\"12\" \/> expandable if required<\/li>\n<\/ul>\n<\/div>\n<div>\n<h3 style=\"margin-bottom: 15px;\"><strong>reducing costs<\/strong><\/h3>\n<ul>\n<li><img decoding=\"async\" src=\"https:\/\/miksch-werkzeugwechsler.de\/wp-content\/uploads\/2020\/06\/Frame-116.png\" width=\"16\" height=\"12\" \/> long availability of spare parts<\/li>\n<li><img decoding=\"async\" src=\"https:\/\/miksch-werkzeugwechsler.de\/wp-content\/uploads\/2020\/06\/Frame-116.png\" width=\"16\" height=\"12\" \/> robust and reliable<\/li>\n<li><img decoding=\"async\" src=\"https:\/\/miksch-werkzeugwechsler.de\/wp-content\/uploads\/2020\/06\/Frame-116.png\" width=\"16\" height=\"12\" \/> low wear and maintenance<\/li>\n<li><img decoding=\"async\" src=\"https:\/\/miksch-werkzeugwechsler.de\/wp-content\/uploads\/2020\/06\/Frame-116.png\" width=\"16\" height=\"12\" \/> no additional control required<\/li>\n<\/ul>\n<\/div>\n<\/div>\n<h2 class=\"title\" style=\"font-size: 24px;\">TECHNICAL DATA<\/h2>\n<table style=\"font-size: 14px !important; line-height: 22px !important;\" border=\"1\">\n<tbody>\n<tr>\n<td style=\"background: #c0c0c0; font-weight: bold; color: #000000;\">Designation<\/td>\n<td style=\"background: #d8d8d8; color: #000000;\">MCS, MDS<\/td>\n<\/tr>\n<tr>\n<td style=\"background: #cccccc; font-weight: bold; color: #000000;\">Tool weight<\/td>\n<td style=\"background: #e4e4e4; color: #000000;\">up to 45 kg<\/td>\n<\/tr>\n<tr>\n<td style=\"background: #c0c0c0; font-weight: bold; color: #000000;\">drive<\/td>\n<td style=\"background: #d8d8d8; color: #000000;\">Three-phase brake motor, three-phase motor, servo motor<\/td>\n<\/tr>\n<tr>\n<td style=\"background: #cccccc; font-weight: bold; color: #000000;\">tool holders<\/td>\n<td style=\"background: #e4e4e4; color: #000000;\">all common tool holders<br \/>\nSpecial recordings on request<\/td>\n<\/tr>\n<\/tbody>\n<\/table>","protected":false},"excerpt":{"rendered":"<p>A <strong>MIKSCH tool changing system<\/strong> is the perfect combination of a tool magazine and a tool changer. We have been active in the field of tool changing systems since 1982 and provide you with sophisticated and absolutely reliable technology at an ideal price-performance ratio.<\/p>\n<p>At <strong>specific<\/strong> If you have specific requirements for a tool-changing system, we&#039;re happy to review their feasibility. We pay particular attention to using as many standard parts as possible.<\/p>\n<p>Do you need initial technical data or details about a tool changing system for specific solutions? No problem. Send us a completely non-binding inquiry, and we&#039;ll be happy to help.<\/p>\n<p>Under \u201eDownload\u201c you will find our technical questionnaire so that we can interpret your request in detail.<\/p>\n<div id=\"linkContainer\">\n<ul>\n<li><a href=\"https:\/\/miksch-werkzeugwechsler.de\/wp-content\/uploads\/2026\/01\/M1325DE2601_tool-changing_systems-questionnaire.pdf\" target=\"_blank\" rel=\"noopener\">Questionnaire tool changing systems<\/a><\/li>\n<\/ul>\n<\/div>","protected":false},"featured_media":4344,"comment_status":"closed","ping_status":"closed","template":"","meta":{"_acf_changed":false},"product_brand":[],"product_cat":[81,86],"class_list":{"0":"post-3458","1":"product","2":"type-product","3":"status-publish","4":"has-post-thumbnail","6":"product_cat-effiziente-flexible-werkzeugwechselsysteme-miksch-gmbh","7":"product_cat-sonderloesungen","9":"first","10":"instock","11":"shipping-taxable","12":"product-type-external"},"acf":[],"yoast_head":"<!-- This site is optimized with the Yoast SEO plugin v27.3 - https:\/\/yoast.com\/product\/yoast-seo-wordpress\/ -->\n<title>Werkzeugwechselsystem f\u00fcr spezifische L\u00f6sungen<\/title>\n<meta name=\"description\" content=\"Kundenspezifische Werkzeugwechselsysteme von MIKSCH, optimiert auf Ihre speziellen Bed\u00fcrfnisse, h\u00f6chste Zuverl\u00e4ssigkeit &amp; optimale Leistung!\" \/>\n<meta name=\"robots\" content=\"noindex, follow, max-snippet:-1, max-image-preview:large, max-video-preview:-1\" \/>\n<meta property=\"og:locale\" content=\"en_US\" \/>\n<meta property=\"og:type\" content=\"article\" \/>\n<meta property=\"og:title\" content=\"Werkzeugwechselsystem f\u00fcr spezifische L\u00f6sungen\" \/>\n<meta property=\"og:description\" content=\"Kundenspezifische Werkzeugwechselsysteme von MIKSCH, optimiert auf Ihre speziellen Bed\u00fcrfnisse, h\u00f6chste Zuverl\u00e4ssigkeit &amp; optimale Leistung!\" \/>\n<meta property=\"og:url\" content=\"https:\/\/miksch-werkzeugwechsler.de\/en\/product\/werkzeugwechselsysteme-fuer-spezifische-anforderungen\/\" \/>\n<meta property=\"og:site_name\" content=\"MIKSCH - accelerates\" \/>\n<meta property=\"article:publisher\" content=\"https:\/\/www.facebook.com\/people\/Miksch-GmbH\/100066497170541\/\" \/>\n<meta property=\"article:modified_time\" content=\"2026-03-30T08:05:04+00:00\" \/>\n<meta property=\"og:image\" content=\"https:\/\/miksch-werkzeugwechsler.de\/wp-content\/uploads\/2025\/01\/werkzeugwechsler-werkzeugmagazin-scheiben-magazin-system-sonderloesung-Vors.webp\" \/>\n\t<meta property=\"og:image:width\" content=\"350\" \/>\n\t<meta property=\"og:image:height\" content=\"350\" \/>\n\t<meta property=\"og:image:type\" content=\"image\/webp\" \/>\n<meta name=\"twitter:card\" content=\"summary_large_image\" \/>\n<meta name=\"twitter:label1\" content=\"Est. reading time\" \/>\n\t<meta name=\"twitter:data1\" content=\"3 minutes\" \/>\n<script type=\"application\/ld+json\" class=\"yoast-schema-graph\">{\"@context\":\"https:\\\/\\\/schema.org\",\"@graph\":[{\"@type\":\"WebPage\",\"@id\":\"https:\\\/\\\/miksch-werkzeugwechsler.de\\\/produkt\\\/werkzeugwechselsysteme-fuer-spezifische-anforderungen\\\/\",\"url\":\"https:\\\/\\\/miksch-werkzeugwechsler.de\\\/produkt\\\/werkzeugwechselsysteme-fuer-spezifische-anforderungen\\\/\",\"name\":\"Werkzeugwechselsystem f\u00fcr spezifische L\u00f6sungen\",\"isPartOf\":{\"@id\":\"https:\\\/\\\/miksch-werkzeugwechsler.de\\\/#website\"},\"primaryImageOfPage\":{\"@id\":\"https:\\\/\\\/miksch-werkzeugwechsler.de\\\/produkt\\\/werkzeugwechselsysteme-fuer-spezifische-anforderungen\\\/#primaryimage\"},\"image\":{\"@id\":\"https:\\\/\\\/miksch-werkzeugwechsler.de\\\/produkt\\\/werkzeugwechselsysteme-fuer-spezifische-anforderungen\\\/#primaryimage\"},\"thumbnailUrl\":\"https:\\\/\\\/miksch-werkzeugwechsler.de\\\/wp-content\\\/uploads\\\/2025\\\/01\\\/werkzeugwechsler-werkzeugmagazin-scheiben-magazin-system-sonderloesung-Vors.webp\",\"datePublished\":\"2024-11-18T14:30:47+00:00\",\"dateModified\":\"2026-03-30T08:05:04+00:00\",\"description\":\"Kundenspezifische Werkzeugwechselsysteme von MIKSCH, optimiert auf Ihre speziellen Bed\u00fcrfnisse, h\u00f6chste Zuverl\u00e4ssigkeit & optimale Leistung!\",\"breadcrumb\":{\"@id\":\"https:\\\/\\\/miksch-werkzeugwechsler.de\\\/produkt\\\/werkzeugwechselsysteme-fuer-spezifische-anforderungen\\\/#breadcrumb\"},\"inLanguage\":\"en-US\",\"potentialAction\":[{\"@type\":\"ReadAction\",\"target\":[\"https:\\\/\\\/miksch-werkzeugwechsler.de\\\/produkt\\\/werkzeugwechselsysteme-fuer-spezifische-anforderungen\\\/\"]}]},{\"@type\":\"ImageObject\",\"inLanguage\":\"en-US\",\"@id\":\"https:\\\/\\\/miksch-werkzeugwechsler.de\\\/produkt\\\/werkzeugwechselsysteme-fuer-spezifische-anforderungen\\\/#primaryimage\",\"url\":\"https:\\\/\\\/miksch-werkzeugwechsler.de\\\/wp-content\\\/uploads\\\/2025\\\/01\\\/werkzeugwechsler-werkzeugmagazin-scheiben-magazin-system-sonderloesung-Vors.webp\",\"contentUrl\":\"https:\\\/\\\/miksch-werkzeugwechsler.de\\\/wp-content\\\/uploads\\\/2025\\\/01\\\/werkzeugwechsler-werkzeugmagazin-scheiben-magazin-system-sonderloesung-Vors.webp\",\"width\":350,\"height\":350,\"caption\":\"Sonderl\u00f6sung eines Werkzeugwechselsystems mit angepasstem Magazin.\"},{\"@type\":\"BreadcrumbList\",\"@id\":\"https:\\\/\\\/miksch-werkzeugwechsler.de\\\/produkt\\\/werkzeugwechselsysteme-fuer-spezifische-anforderungen\\\/#breadcrumb\",\"itemListElement\":[{\"@type\":\"ListItem\",\"position\":1,\"name\":\"Home\",\"item\":\"https:\\\/\\\/miksch-werkzeugwechsler.de\\\/\"},{\"@type\":\"ListItem\",\"position\":2,\"name\":\"Produkte\",\"item\":\"https:\\\/\\\/miksch-werkzeugwechsler.de\\\/shop\\\/\"},{\"@type\":\"ListItem\",\"position\":3,\"name\":\"Werkzeugwechselsystem f\u00fcr spezifische L\u00f6sungen\"}]},{\"@type\":\"WebSite\",\"@id\":\"https:\\\/\\\/miksch-werkzeugwechsler.de\\\/#website\",\"url\":\"https:\\\/\\\/miksch-werkzeugwechsler.de\\\/\",\"name\":\"MIKSCH GmbH\",\"description\":\"\",\"publisher\":{\"@id\":\"https:\\\/\\\/miksch-werkzeugwechsler.de\\\/#organization\"},\"potentialAction\":[{\"@type\":\"SearchAction\",\"target\":{\"@type\":\"EntryPoint\",\"urlTemplate\":\"https:\\\/\\\/miksch-werkzeugwechsler.de\\\/?s={search_term_string}\"},\"query-input\":{\"@type\":\"PropertyValueSpecification\",\"valueRequired\":true,\"valueName\":\"search_term_string\"}}],\"inLanguage\":\"en-US\"},{\"@type\":\"Organization\",\"@id\":\"https:\\\/\\\/miksch-werkzeugwechsler.de\\\/#organization\",\"name\":\"MIKSCH GmbH\",\"url\":\"https:\\\/\\\/miksch-werkzeugwechsler.de\\\/\",\"logo\":{\"@type\":\"ImageObject\",\"inLanguage\":\"en-US\",\"@id\":\"https:\\\/\\\/miksch-werkzeugwechsler.de\\\/#\\\/schema\\\/logo\\\/image\\\/\",\"url\":\"https:\\\/\\\/miksch-werkzeugwechsler.de\\\/wp-content\\\/uploads\\\/2024\\\/11\\\/gcOnlineDirectory-5-2.png\",\"contentUrl\":\"https:\\\/\\\/miksch-werkzeugwechsler.de\\\/wp-content\\\/uploads\\\/2024\\\/11\\\/gcOnlineDirectory-5-2.png\",\"width\":227,\"height\":48,\"caption\":\"MIKSCH GmbH\"},\"image\":{\"@id\":\"https:\\\/\\\/miksch-werkzeugwechsler.de\\\/#\\\/schema\\\/logo\\\/image\\\/\"},\"sameAs\":[\"https:\\\/\\\/www.facebook.com\\\/people\\\/Miksch-GmbH\\\/100066497170541\\\/\",\"https:\\\/\\\/au.linkedin.com\\\/company\\\/miksch-gmbh\"]}]}<\/script>\n<!-- \/ Yoast SEO plugin. -->","yoast_head_json":{"title":"Tool changing system for specific solutions","description":"Customized tool changing systems from MIKSCH, optimized to your specific needs, offering maximum reliability and optimal performance!","robots":{"index":"noindex","follow":"follow","max-snippet":"max-snippet:-1","max-image-preview":"max-image-preview:large","max-video-preview":"max-video-preview:-1"},"og_locale":"en_US","og_type":"article","og_title":"Werkzeugwechselsystem f\u00fcr spezifische L\u00f6sungen","og_description":"Kundenspezifische Werkzeugwechselsysteme von MIKSCH, optimiert auf Ihre speziellen Bed\u00fcrfnisse, h\u00f6chste Zuverl\u00e4ssigkeit & optimale Leistung!","og_url":"https:\/\/miksch-werkzeugwechsler.de\/en\/product\/werkzeugwechselsysteme-fuer-spezifische-anforderungen\/","og_site_name":"MIKSCH - accelerates","article_publisher":"https:\/\/www.facebook.com\/people\/Miksch-GmbH\/100066497170541\/","article_modified_time":"2026-03-30T08:05:04+00:00","og_image":[{"width":350,"height":350,"url":"https:\/\/miksch-werkzeugwechsler.de\/wp-content\/uploads\/2025\/01\/werkzeugwechsler-werkzeugmagazin-scheiben-magazin-system-sonderloesung-Vors.webp","type":"image\/webp"}],"twitter_card":"summary_large_image","twitter_misc":{"Est. reading time":"3 minutes"},"schema":{"@context":"https:\/\/schema.org","@graph":[{"@type":"WebPage","@id":"https:\/\/miksch-werkzeugwechsler.de\/produkt\/werkzeugwechselsysteme-fuer-spezifische-anforderungen\/","url":"https:\/\/miksch-werkzeugwechsler.de\/produkt\/werkzeugwechselsysteme-fuer-spezifische-anforderungen\/","name":"Tool changing system for specific solutions","isPartOf":{"@id":"https:\/\/miksch-werkzeugwechsler.de\/#website"},"primaryImageOfPage":{"@id":"https:\/\/miksch-werkzeugwechsler.de\/produkt\/werkzeugwechselsysteme-fuer-spezifische-anforderungen\/#primaryimage"},"image":{"@id":"https:\/\/miksch-werkzeugwechsler.de\/produkt\/werkzeugwechselsysteme-fuer-spezifische-anforderungen\/#primaryimage"},"thumbnailUrl":"https:\/\/miksch-werkzeugwechsler.de\/wp-content\/uploads\/2025\/01\/werkzeugwechsler-werkzeugmagazin-scheiben-magazin-system-sonderloesung-Vors.webp","datePublished":"2024-11-18T14:30:47+00:00","dateModified":"2026-03-30T08:05:04+00:00","description":"Customized tool changing systems from MIKSCH, optimized to your specific needs, offering maximum reliability and optimal performance!","breadcrumb":{"@id":"https:\/\/miksch-werkzeugwechsler.de\/produkt\/werkzeugwechselsysteme-fuer-spezifische-anforderungen\/#breadcrumb"},"inLanguage":"en-US","potentialAction":[{"@type":"ReadAction","target":["https:\/\/miksch-werkzeugwechsler.de\/produkt\/werkzeugwechselsysteme-fuer-spezifische-anforderungen\/"]}]},{"@type":"ImageObject","inLanguage":"en-US","@id":"https:\/\/miksch-werkzeugwechsler.de\/produkt\/werkzeugwechselsysteme-fuer-spezifische-anforderungen\/#primaryimage","url":"https:\/\/miksch-werkzeugwechsler.de\/wp-content\/uploads\/2025\/01\/werkzeugwechsler-werkzeugmagazin-scheiben-magazin-system-sonderloesung-Vors.webp","contentUrl":"https:\/\/miksch-werkzeugwechsler.de\/wp-content\/uploads\/2025\/01\/werkzeugwechsler-werkzeugmagazin-scheiben-magazin-system-sonderloesung-Vors.webp","width":350,"height":350,"caption":"Sonderl\u00f6sung eines Werkzeugwechselsystems mit angepasstem Magazin."},{"@type":"BreadcrumbList","@id":"https:\/\/miksch-werkzeugwechsler.de\/produkt\/werkzeugwechselsysteme-fuer-spezifische-anforderungen\/#breadcrumb","itemListElement":[{"@type":"ListItem","position":1,"name":"Home","item":"https:\/\/miksch-werkzeugwechsler.de\/"},{"@type":"ListItem","position":2,"name":"Produkte","item":"https:\/\/miksch-werkzeugwechsler.de\/shop\/"},{"@type":"ListItem","position":3,"name":"Werkzeugwechselsystem f\u00fcr spezifische L\u00f6sungen"}]},{"@type":"WebSite","@id":"https:\/\/miksch-werkzeugwechsler.de\/#website","url":"https:\/\/miksch-werkzeugwechsler.de\/","name":"MIKSCH GmbH","description":"","publisher":{"@id":"https:\/\/miksch-werkzeugwechsler.de\/#organization"},"potentialAction":[{"@type":"SearchAction","target":{"@type":"EntryPoint","urlTemplate":"https:\/\/miksch-werkzeugwechsler.de\/?s={search_term_string}"},"query-input":{"@type":"PropertyValueSpecification","valueRequired":true,"valueName":"search_term_string"}}],"inLanguage":"en-US"},{"@type":"Organization","@id":"https:\/\/miksch-werkzeugwechsler.de\/#organization","name":"MIKSCH GmbH","url":"https:\/\/miksch-werkzeugwechsler.de\/","logo":{"@type":"ImageObject","inLanguage":"en-US","@id":"https:\/\/miksch-werkzeugwechsler.de\/#\/schema\/logo\/image\/","url":"https:\/\/miksch-werkzeugwechsler.de\/wp-content\/uploads\/2024\/11\/gcOnlineDirectory-5-2.png","contentUrl":"https:\/\/miksch-werkzeugwechsler.de\/wp-content\/uploads\/2024\/11\/gcOnlineDirectory-5-2.png","width":227,"height":48,"caption":"MIKSCH GmbH"},"image":{"@id":"https:\/\/miksch-werkzeugwechsler.de\/#\/schema\/logo\/image\/"},"sameAs":["https:\/\/www.facebook.com\/people\/Miksch-GmbH\/100066497170541\/","https:\/\/au.linkedin.com\/company\/miksch-gmbh"]}]}},"_links":{"self":[{"href":"https:\/\/miksch-werkzeugwechsler.de\/en\/wp-json\/wp\/v2\/product\/3458","targetHints":{"allow":["GET"]}}],"collection":[{"href":"https:\/\/miksch-werkzeugwechsler.de\/en\/wp-json\/wp\/v2\/product"}],"about":[{"href":"https:\/\/miksch-werkzeugwechsler.de\/en\/wp-json\/wp\/v2\/types\/product"}],"replies":[{"embeddable":true,"href":"https:\/\/miksch-werkzeugwechsler.de\/en\/wp-json\/wp\/v2\/comments?post=3458"}],"wp:featuredmedia":[{"embeddable":true,"href":"https:\/\/miksch-werkzeugwechsler.de\/en\/wp-json\/wp\/v2\/media\/4344"}],"wp:attachment":[{"href":"https:\/\/miksch-werkzeugwechsler.de\/en\/wp-json\/wp\/v2\/media?parent=3458"}],"wp:term":[{"taxonomy":"product_brand","embeddable":true,"href":"https:\/\/miksch-werkzeugwechsler.de\/en\/wp-json\/wp\/v2\/product_brand?post=3458"},{"taxonomy":"product_cat","embeddable":true,"href":"https:\/\/miksch-werkzeugwechsler.de\/en\/wp-json\/wp\/v2\/product_cat?post=3458"}],"curies":[{"name":"wp","href":"https:\/\/api.w.org\/{rel}","templated":true}]}}