{"id":3383,"date":"2024-11-12T15:18:32","date_gmt":"2024-11-12T14:18:32","guid":{"rendered":"https:\/\/miksch-werkzeugwechsler.de\/?post_type=product&#038;p=3383"},"modified":"2026-03-30T09:52:11","modified_gmt":"2026-03-30T08:52:11","slug":"kurvengetriebe-fuer-spezifische-bewegungsablaeufe","status":"publish","type":"product","link":"https:\/\/miksch-werkzeugwechsler.de\/en\/product\/kurvengetriebe-fuer-spezifische-bewegungsablaeufe\/","title":{"rendered":"Cam gears for specific solutions"},"content":{"rendered":"<div>\n<h2 class=\"title\" style=\"font-size: 24px; padding: 30px 0px 10px;\">YOUR BENEFITS AT A GLANCE<\/h2>\n<div class=\"responsive-columns\">\n<div>\n<ul>\n<li><img decoding=\"async\" class=\"alignnone size-full wp-image-3279\" src=\"https:\/\/miksch-werkzeugwechsler.de\/wp-content\/uploads\/2020\/06\/Frame-116.png\" alt=\"\" width=\"16\" height=\"12\" \/> quiet<\/li>\n<li><img decoding=\"async\" class=\"alignnone size-full wp-image-3279\" src=\"https:\/\/miksch-werkzeugwechsler.de\/wp-content\/uploads\/2020\/06\/Frame-116.png\" alt=\"\" width=\"16\" height=\"12\" \/> form-fitting<\/li>\n<li><img decoding=\"async\" class=\"alignnone wp-image-3279\" src=\"https:\/\/miksch-werkzeugwechsler.de\/wp-content\/uploads\/2020\/06\/Frame-116.png\" alt=\"\" width=\"16\" height=\"12\" \/> short switching times<\/li>\n<li><img decoding=\"async\" class=\"alignnone size-full wp-image-3279\" src=\"https:\/\/miksch-werkzeugwechsler.de\/wp-content\/uploads\/2020\/06\/Frame-116.png\" alt=\"\" width=\"16\" height=\"12\" \/> harmonious motion sequence<\/li>\n<\/ul>\n<\/div>\n<div>\n<ul>\n<li><img decoding=\"async\" class=\"alignnone size-full wp-image-3279\" src=\"https:\/\/miksch-werkzeugwechsler.de\/wp-content\/uploads\/2020\/06\/Frame-116.png\" alt=\"\" width=\"16\" height=\"12\" \/> any installation position<\/li>\n<li><img decoding=\"async\" class=\"alignnone size-full wp-image-3279\" src=\"https:\/\/miksch-werkzeugwechsler.de\/wp-content\/uploads\/2020\/06\/Frame-116.png\" alt=\"\" width=\"16\" height=\"12\" \/> no additional indexing required<\/li>\n<li><img decoding=\"async\" class=\"alignnone size-full wp-image-3279\" src=\"https:\/\/miksch-werkzeugwechsler.de\/wp-content\/uploads\/2020\/06\/Frame-116.png\" alt=\"\" width=\"16\" height=\"12\" \/> direct mounting of the reduction gear on the housing<\/li>\n<\/ul>\n<\/div>\n<div>\n<ul>\n<li><img decoding=\"async\" class=\"alignnone size-full wp-image-3279\" src=\"https:\/\/miksch-werkzeugwechsler.de\/wp-content\/uploads\/2020\/06\/Frame-116.png\" alt=\"\" width=\"16\" height=\"12\" \/> compact housing<\/li>\n<li><img decoding=\"async\" class=\"alignnone size-full wp-image-3279\" src=\"https:\/\/miksch-werkzeugwechsler.de\/wp-content\/uploads\/2020\/06\/Frame-116.png\" alt=\"\" width=\"16\" height=\"12\" \/> long lifespan<\/li>\n<li><img decoding=\"async\" class=\"alignnone size-full wp-image-3279\" src=\"https:\/\/miksch-werkzeugwechsler.de\/wp-content\/uploads\/2020\/06\/Frame-116.png\" alt=\"\" width=\"16\" height=\"12\" \/> largely low-maintenance<\/li>\n<li><img decoding=\"async\" class=\"alignnone size-full wp-image-3279\" src=\"https:\/\/miksch-werkzeugwechsler.de\/wp-content\/uploads\/2020\/06\/Frame-116.png\" alt=\"\" width=\"16\" height=\"12\" \/> permanently lubricated<\/li>\n<\/ul>\n<\/div>\n<\/div>\n<\/div>","protected":false},"excerpt":{"rendered":"<p>The motion sequence of cam mechanisms can be freely specified over a wide range. By coupling several cam mechanisms and in conjunction with downstream articulated gears, a virtually infinite number of motion sequences can be realized. This applies to both plane and three-dimensional movements.<\/p>\n<p>Describe your desired motion to us, and we&#039;ll examine whether and how it can be realized using cam drives. We have powerful computer programs at our disposal for design and optimization.<\/p>\n<p>Often your desired movement can be realized by using modified curves in our standard housings.<\/p>\n<p>In all other cases, we design a new gearbox optimized for your desired motion. We pay particular attention to using as many standard parts as possible.<\/p>\n<p>Do you need initial technical data or details on a cam gear for specific solutions? No problem. Send us a completely non-binding inquiry, and we&#039;ll be happy to help.<\/p>\n<p>Under \u201eDownload\u201c you will find our technical questionnaire so that we can interpret your request in detail.<\/p>\n<div id=\"linkContainer\">\n<ul>\n<li><a href=\"https:\/\/miksch-werkzeugwechsler.de\/wp-content\/uploads\/2026\/01\/M1326DD2601_cam-gears_questionnaire.pdf\" target=\"_blank\" rel=\"noopener\">Questionnaire Cam Gear<\/a><\/li>\n<\/ul>\n<\/div>","protected":false},"featured_media":4343,"comment_status":"closed","ping_status":"closed","template":"","meta":{"_acf_changed":false},"product_brand":[],"product_cat":[82,86],"class_list":{"0":"post-3383","1":"product","2":"type-product","3":"status-publish","4":"has-post-thumbnail","6":"product_cat-kurvengetriebe","7":"product_cat-sonderloesungen","9":"first","10":"instock","11":"shipping-taxable","12":"product-type-external"},"acf":[],"yoast_head":"<!-- This site is optimized with the Yoast SEO plugin v27.3 - https:\/\/yoast.com\/product\/yoast-seo-wordpress\/ -->\n<title>Kurvengetriebe f\u00fcr spezifische L\u00f6sungen<\/title>\n<meta name=\"description\" content=\"Entdecken Sie unsere spezifischen Kurvengetriebe, optimiert f\u00fcr Ihre spezifischen Bewegungsanforderungen, angepasst an Ihre Anforderungen.\" \/>\n<meta name=\"robots\" content=\"noindex, follow, max-snippet:-1, max-image-preview:large, max-video-preview:-1\" \/>\n<meta property=\"og:locale\" content=\"en_US\" \/>\n<meta property=\"og:type\" content=\"article\" \/>\n<meta property=\"og:title\" content=\"Kurvengetriebe f\u00fcr spezifische L\u00f6sungen\" \/>\n<meta property=\"og:description\" content=\"Entdecken Sie unsere spezifischen Kurvengetriebe, optimiert f\u00fcr Ihre spezifischen Bewegungsanforderungen, angepasst an Ihre Anforderungen.\" \/>\n<meta property=\"og:url\" content=\"https:\/\/miksch-werkzeugwechsler.de\/en\/product\/kurvengetriebe-fuer-spezifische-bewegungsablaeufe\/\" \/>\n<meta property=\"og:site_name\" content=\"MIKSCH - accelerates\" \/>\n<meta property=\"article:publisher\" content=\"https:\/\/www.facebook.com\/people\/Miksch-GmbH\/100066497170541\/\" \/>\n<meta property=\"article:modified_time\" content=\"2026-03-30T08:52:11+00:00\" \/>\n<meta property=\"og:image\" content=\"https:\/\/miksch-werkzeugwechsler.de\/wp-content\/uploads\/2025\/01\/werkzeugwechsler-werkzeugmagazin-scheiben-magazin-system-sonderloesung-miks.webp\" \/>\n\t<meta property=\"og:image:width\" content=\"350\" \/>\n\t<meta property=\"og:image:height\" content=\"350\" \/>\n\t<meta property=\"og:image:type\" content=\"image\/webp\" \/>\n<meta name=\"twitter:card\" content=\"summary_large_image\" \/>\n<meta name=\"twitter:label1\" content=\"Est. reading time\" \/>\n\t<meta name=\"twitter:data1\" content=\"3 minutes\" \/>\n<script type=\"application\/ld+json\" class=\"yoast-schema-graph\">{\"@context\":\"https:\\\/\\\/schema.org\",\"@graph\":[{\"@type\":\"WebPage\",\"@id\":\"https:\\\/\\\/miksch-werkzeugwechsler.de\\\/produkt\\\/kurvengetriebe-fuer-spezifische-bewegungsablaeufe\\\/\",\"url\":\"https:\\\/\\\/miksch-werkzeugwechsler.de\\\/produkt\\\/kurvengetriebe-fuer-spezifische-bewegungsablaeufe\\\/\",\"name\":\"Kurvengetriebe f\u00fcr spezifische L\u00f6sungen\",\"isPartOf\":{\"@id\":\"https:\\\/\\\/miksch-werkzeugwechsler.de\\\/#website\"},\"primaryImageOfPage\":{\"@id\":\"https:\\\/\\\/miksch-werkzeugwechsler.de\\\/produkt\\\/kurvengetriebe-fuer-spezifische-bewegungsablaeufe\\\/#primaryimage\"},\"image\":{\"@id\":\"https:\\\/\\\/miksch-werkzeugwechsler.de\\\/produkt\\\/kurvengetriebe-fuer-spezifische-bewegungsablaeufe\\\/#primaryimage\"},\"thumbnailUrl\":\"https:\\\/\\\/miksch-werkzeugwechsler.de\\\/wp-content\\\/uploads\\\/2025\\\/01\\\/werkzeugwechsler-werkzeugmagazin-scheiben-magazin-system-sonderloesung-miks.webp\",\"datePublished\":\"2024-11-12T14:18:32+00:00\",\"dateModified\":\"2026-03-30T08:52:11+00:00\",\"description\":\"Entdecken Sie unsere spezifischen Kurvengetriebe, optimiert f\u00fcr Ihre spezifischen Bewegungsanforderungen, angepasst an Ihre Anforderungen.\",\"breadcrumb\":{\"@id\":\"https:\\\/\\\/miksch-werkzeugwechsler.de\\\/produkt\\\/kurvengetriebe-fuer-spezifische-bewegungsablaeufe\\\/#breadcrumb\"},\"inLanguage\":\"en-US\",\"potentialAction\":[{\"@type\":\"ReadAction\",\"target\":[\"https:\\\/\\\/miksch-werkzeugwechsler.de\\\/produkt\\\/kurvengetriebe-fuer-spezifische-bewegungsablaeufe\\\/\"]}]},{\"@type\":\"ImageObject\",\"inLanguage\":\"en-US\",\"@id\":\"https:\\\/\\\/miksch-werkzeugwechsler.de\\\/produkt\\\/kurvengetriebe-fuer-spezifische-bewegungsablaeufe\\\/#primaryimage\",\"url\":\"https:\\\/\\\/miksch-werkzeugwechsler.de\\\/wp-content\\\/uploads\\\/2025\\\/01\\\/werkzeugwechsler-werkzeugmagazin-scheiben-magazin-system-sonderloesung-miks.webp\",\"contentUrl\":\"https:\\\/\\\/miksch-werkzeugwechsler.de\\\/wp-content\\\/uploads\\\/2025\\\/01\\\/werkzeugwechsler-werkzeugmagazin-scheiben-magazin-system-sonderloesung-miks.webp\",\"width\":350,\"height\":350,\"caption\":\"Sonderl\u00f6sung eines Werkzeugwechselsystems mit angepasstem Magazin.\"},{\"@type\":\"BreadcrumbList\",\"@id\":\"https:\\\/\\\/miksch-werkzeugwechsler.de\\\/produkt\\\/kurvengetriebe-fuer-spezifische-bewegungsablaeufe\\\/#breadcrumb\",\"itemListElement\":[{\"@type\":\"ListItem\",\"position\":1,\"name\":\"Home\",\"item\":\"https:\\\/\\\/miksch-werkzeugwechsler.de\\\/\"},{\"@type\":\"ListItem\",\"position\":2,\"name\":\"Produkte\",\"item\":\"https:\\\/\\\/miksch-werkzeugwechsler.de\\\/shop\\\/\"},{\"@type\":\"ListItem\",\"position\":3,\"name\":\"Kurvengetriebe f\u00fcr spezifische L\u00f6sungen\"}]},{\"@type\":\"WebSite\",\"@id\":\"https:\\\/\\\/miksch-werkzeugwechsler.de\\\/#website\",\"url\":\"https:\\\/\\\/miksch-werkzeugwechsler.de\\\/\",\"name\":\"MIKSCH GmbH\",\"description\":\"\",\"publisher\":{\"@id\":\"https:\\\/\\\/miksch-werkzeugwechsler.de\\\/#organization\"},\"potentialAction\":[{\"@type\":\"SearchAction\",\"target\":{\"@type\":\"EntryPoint\",\"urlTemplate\":\"https:\\\/\\\/miksch-werkzeugwechsler.de\\\/?s={search_term_string}\"},\"query-input\":{\"@type\":\"PropertyValueSpecification\",\"valueRequired\":true,\"valueName\":\"search_term_string\"}}],\"inLanguage\":\"en-US\"},{\"@type\":\"Organization\",\"@id\":\"https:\\\/\\\/miksch-werkzeugwechsler.de\\\/#organization\",\"name\":\"MIKSCH GmbH\",\"url\":\"https:\\\/\\\/miksch-werkzeugwechsler.de\\\/\",\"logo\":{\"@type\":\"ImageObject\",\"inLanguage\":\"en-US\",\"@id\":\"https:\\\/\\\/miksch-werkzeugwechsler.de\\\/#\\\/schema\\\/logo\\\/image\\\/\",\"url\":\"https:\\\/\\\/miksch-werkzeugwechsler.de\\\/wp-content\\\/uploads\\\/2024\\\/11\\\/gcOnlineDirectory-5-2.png\",\"contentUrl\":\"https:\\\/\\\/miksch-werkzeugwechsler.de\\\/wp-content\\\/uploads\\\/2024\\\/11\\\/gcOnlineDirectory-5-2.png\",\"width\":227,\"height\":48,\"caption\":\"MIKSCH GmbH\"},\"image\":{\"@id\":\"https:\\\/\\\/miksch-werkzeugwechsler.de\\\/#\\\/schema\\\/logo\\\/image\\\/\"},\"sameAs\":[\"https:\\\/\\\/www.facebook.com\\\/people\\\/Miksch-GmbH\\\/100066497170541\\\/\",\"https:\\\/\\\/au.linkedin.com\\\/company\\\/miksch-gmbh\"]}]}<\/script>\n<!-- \/ Yoast SEO plugin. -->","yoast_head_json":{"title":"Cam gears for specific solutions","description":"Discover our specific cam drives, optimized for your specific motion requirements, adapted to your needs.","robots":{"index":"noindex","follow":"follow","max-snippet":"max-snippet:-1","max-image-preview":"max-image-preview:large","max-video-preview":"max-video-preview:-1"},"og_locale":"en_US","og_type":"article","og_title":"Kurvengetriebe f\u00fcr spezifische L\u00f6sungen","og_description":"Entdecken Sie unsere spezifischen Kurvengetriebe, optimiert f\u00fcr Ihre spezifischen Bewegungsanforderungen, angepasst an Ihre Anforderungen.","og_url":"https:\/\/miksch-werkzeugwechsler.de\/en\/product\/kurvengetriebe-fuer-spezifische-bewegungsablaeufe\/","og_site_name":"MIKSCH - accelerates","article_publisher":"https:\/\/www.facebook.com\/people\/Miksch-GmbH\/100066497170541\/","article_modified_time":"2026-03-30T08:52:11+00:00","og_image":[{"width":350,"height":350,"url":"https:\/\/miksch-werkzeugwechsler.de\/wp-content\/uploads\/2025\/01\/werkzeugwechsler-werkzeugmagazin-scheiben-magazin-system-sonderloesung-miks.webp","type":"image\/webp"}],"twitter_card":"summary_large_image","twitter_misc":{"Est. reading time":"3 minutes"},"schema":{"@context":"https:\/\/schema.org","@graph":[{"@type":"WebPage","@id":"https:\/\/miksch-werkzeugwechsler.de\/produkt\/kurvengetriebe-fuer-spezifische-bewegungsablaeufe\/","url":"https:\/\/miksch-werkzeugwechsler.de\/produkt\/kurvengetriebe-fuer-spezifische-bewegungsablaeufe\/","name":"Cam gears for specific solutions","isPartOf":{"@id":"https:\/\/miksch-werkzeugwechsler.de\/#website"},"primaryImageOfPage":{"@id":"https:\/\/miksch-werkzeugwechsler.de\/produkt\/kurvengetriebe-fuer-spezifische-bewegungsablaeufe\/#primaryimage"},"image":{"@id":"https:\/\/miksch-werkzeugwechsler.de\/produkt\/kurvengetriebe-fuer-spezifische-bewegungsablaeufe\/#primaryimage"},"thumbnailUrl":"https:\/\/miksch-werkzeugwechsler.de\/wp-content\/uploads\/2025\/01\/werkzeugwechsler-werkzeugmagazin-scheiben-magazin-system-sonderloesung-miks.webp","datePublished":"2024-11-12T14:18:32+00:00","dateModified":"2026-03-30T08:52:11+00:00","description":"Discover our specific cam drives, optimized for your specific motion requirements, adapted to your needs.","breadcrumb":{"@id":"https:\/\/miksch-werkzeugwechsler.de\/produkt\/kurvengetriebe-fuer-spezifische-bewegungsablaeufe\/#breadcrumb"},"inLanguage":"en-US","potentialAction":[{"@type":"ReadAction","target":["https:\/\/miksch-werkzeugwechsler.de\/produkt\/kurvengetriebe-fuer-spezifische-bewegungsablaeufe\/"]}]},{"@type":"ImageObject","inLanguage":"en-US","@id":"https:\/\/miksch-werkzeugwechsler.de\/produkt\/kurvengetriebe-fuer-spezifische-bewegungsablaeufe\/#primaryimage","url":"https:\/\/miksch-werkzeugwechsler.de\/wp-content\/uploads\/2025\/01\/werkzeugwechsler-werkzeugmagazin-scheiben-magazin-system-sonderloesung-miks.webp","contentUrl":"https:\/\/miksch-werkzeugwechsler.de\/wp-content\/uploads\/2025\/01\/werkzeugwechsler-werkzeugmagazin-scheiben-magazin-system-sonderloesung-miks.webp","width":350,"height":350,"caption":"Sonderl\u00f6sung eines Werkzeugwechselsystems mit angepasstem Magazin."},{"@type":"BreadcrumbList","@id":"https:\/\/miksch-werkzeugwechsler.de\/produkt\/kurvengetriebe-fuer-spezifische-bewegungsablaeufe\/#breadcrumb","itemListElement":[{"@type":"ListItem","position":1,"name":"Home","item":"https:\/\/miksch-werkzeugwechsler.de\/"},{"@type":"ListItem","position":2,"name":"Produkte","item":"https:\/\/miksch-werkzeugwechsler.de\/shop\/"},{"@type":"ListItem","position":3,"name":"Kurvengetriebe f\u00fcr spezifische L\u00f6sungen"}]},{"@type":"WebSite","@id":"https:\/\/miksch-werkzeugwechsler.de\/#website","url":"https:\/\/miksch-werkzeugwechsler.de\/","name":"MIKSCH GmbH","description":"","publisher":{"@id":"https:\/\/miksch-werkzeugwechsler.de\/#organization"},"potentialAction":[{"@type":"SearchAction","target":{"@type":"EntryPoint","urlTemplate":"https:\/\/miksch-werkzeugwechsler.de\/?s={search_term_string}"},"query-input":{"@type":"PropertyValueSpecification","valueRequired":true,"valueName":"search_term_string"}}],"inLanguage":"en-US"},{"@type":"Organization","@id":"https:\/\/miksch-werkzeugwechsler.de\/#organization","name":"MIKSCH GmbH","url":"https:\/\/miksch-werkzeugwechsler.de\/","logo":{"@type":"ImageObject","inLanguage":"en-US","@id":"https:\/\/miksch-werkzeugwechsler.de\/#\/schema\/logo\/image\/","url":"https:\/\/miksch-werkzeugwechsler.de\/wp-content\/uploads\/2024\/11\/gcOnlineDirectory-5-2.png","contentUrl":"https:\/\/miksch-werkzeugwechsler.de\/wp-content\/uploads\/2024\/11\/gcOnlineDirectory-5-2.png","width":227,"height":48,"caption":"MIKSCH GmbH"},"image":{"@id":"https:\/\/miksch-werkzeugwechsler.de\/#\/schema\/logo\/image\/"},"sameAs":["https:\/\/www.facebook.com\/people\/Miksch-GmbH\/100066497170541\/","https:\/\/au.linkedin.com\/company\/miksch-gmbh"]}]}},"_links":{"self":[{"href":"https:\/\/miksch-werkzeugwechsler.de\/en\/wp-json\/wp\/v2\/product\/3383","targetHints":{"allow":["GET"]}}],"collection":[{"href":"https:\/\/miksch-werkzeugwechsler.de\/en\/wp-json\/wp\/v2\/product"}],"about":[{"href":"https:\/\/miksch-werkzeugwechsler.de\/en\/wp-json\/wp\/v2\/types\/product"}],"replies":[{"embeddable":true,"href":"https:\/\/miksch-werkzeugwechsler.de\/en\/wp-json\/wp\/v2\/comments?post=3383"}],"wp:featuredmedia":[{"embeddable":true,"href":"https:\/\/miksch-werkzeugwechsler.de\/en\/wp-json\/wp\/v2\/media\/4343"}],"wp:attachment":[{"href":"https:\/\/miksch-werkzeugwechsler.de\/en\/wp-json\/wp\/v2\/media?parent=3383"}],"wp:term":[{"taxonomy":"product_brand","embeddable":true,"href":"https:\/\/miksch-werkzeugwechsler.de\/en\/wp-json\/wp\/v2\/product_brand?post=3383"},{"taxonomy":"product_cat","embeddable":true,"href":"https:\/\/miksch-werkzeugwechsler.de\/en\/wp-json\/wp\/v2\/product_cat?post=3383"}],"curies":[{"name":"wp","href":"https:\/\/api.w.org\/{rel}","templated":true}]}}