{"id":5234,"date":"2026-01-15T15:48:58","date_gmt":"2026-01-15T14:48:58","guid":{"rendered":"https:\/\/miksch-werkzeugwechsler.de\/?page_id=5234"},"modified":"2026-01-19T12:38:09","modified_gmt":"2026-01-19T11:38:09","slug":"accessibility","status":"publish","type":"page","link":"https:\/\/miksch-werkzeugwechsler.de\/en\/accessibility\/","title":{"rendered":"Accessibility"},"content":{"rendered":"<h2 class=\"wp-block-heading\"><strong>Finding on the inapplicability of the Accessibility Strengthening Act (BFSG)<\/strong><\/h2>\n\n\n\n<p><\/p>\n\n\n\n<p>MIKSCH GmbH is a private company and <strong>exclusively operating in the business-to-business (B2B) sector<\/strong>. Their services and products are aimed exclusively at commercial customers and public clients, and not at consumers as defined in \u00a7 13 of the German Civil Code (BGB).<\/p>\n\n\n\n<p>According to Section 1 Paragraph 1 of the Accessibility Strengthening Act (BFSG), it applies exclusively to certain products and services intended for consumers. Since MIKSCH GmbH does not conclude contracts with consumers and its services are not geared towards the end-consumer market (e.g., through a webshop for private individuals, digital consumer services, or mobile applications), <strong>It is not subject to the personal and material scope of application of the BFSG<\/strong>.<br>Therefore, as things stand, MIKSCH GmbH <strong>no legal obligation to implement the accessibility requirements regulated in the BFSG<\/strong>, especially with regard to digital offerings such as this website, which are used exclusively in a B2B context.<\/p>\n\n\n\n<p>Regardless of the current lack of a legal obligation, MIKSCH GmbH <strong>voluntary supporting functions<\/strong>, to improve the usability and user-friendliness of their website for as many users as possible. These measures serve to improve overall user-friendliness. <strong>Complete accessibility in the sense of legal or technical standards cannot be guaranteed.<\/strong><\/p>\n\n\n\n<p>This assessment is based on the currently applicable legal situation and on the clear distinction between B2B and B2C business models within the meaning of German civil and consumer law.<\/p>\n\n\n\n<p>Best regards<\/p>\n\n\n\n<p>MIKSCH GmbH<\/p>","protected":false},"excerpt":{"rendered":"<p>Statement on the inapplicability of the Accessibility Strengthening Act (BFSG): MIKSCH GmbH is a private company operating exclusively in the business-to-business (B2B) sector. Its services and products are aimed exclusively at commercial customers and public sector clients, and not at consumers as defined in Section 13 of the German Civil Code (BGB). According to Section 1, Paragraph 1 of the BGB, the Accessibility Strengthening Act (BFSG) does not apply to MIKSCH GmbH.<\/p>","protected":false},"author":5,"featured_media":0,"parent":0,"menu_order":0,"comment_status":"closed","ping_status":"closed","template":"","meta":{"_acf_changed":false,"footnotes":""},"class_list":["post-5234","page","type-page","status-publish","hentry"],"acf":[],"yoast_head":"<!-- This site is optimized with the Yoast SEO plugin v27.3 - https:\/\/yoast.com\/product\/yoast-seo-wordpress\/ -->\n<title>Barrierefreiheit - MIKSCH - accelerates<\/title>\n<meta name=\"description\" content=\"Hiermit wird best\u00e4tigt, dass die MIKSCH GmbH ausschlie\u00dflich als B2B-Unternehmen (Business-to-Business) t\u00e4tig ist und ihre Leistungen sowie Produkte nicht an Verbraucher im Sinne des \u00a7 13 BGB, sondern ausschlie\u00dflich an gewerbliche Kunden richtet.\" \/>\n<meta name=\"robots\" content=\"noindex, follow, max-snippet:-1, max-image-preview:large, max-video-preview:-1\" \/>\n<meta property=\"og:locale\" content=\"en_US\" \/>\n<meta property=\"og:type\" content=\"article\" \/>\n<meta property=\"og:title\" content=\"Barrierefreiheit - MIKSCH - accelerates\" \/>\n<meta property=\"og:description\" content=\"Hiermit wird best\u00e4tigt, dass die MIKSCH GmbH ausschlie\u00dflich als B2B-Unternehmen (Business-to-Business) t\u00e4tig ist und ihre Leistungen sowie Produkte nicht an Verbraucher im Sinne des \u00a7 13 BGB, sondern ausschlie\u00dflich an gewerbliche Kunden richtet.\" \/>\n<meta property=\"og:url\" content=\"https:\/\/miksch-werkzeugwechsler.de\/en\/accessibility\/\" \/>\n<meta property=\"og:site_name\" content=\"MIKSCH - accelerates\" \/>\n<meta property=\"article:publisher\" content=\"https:\/\/www.facebook.com\/people\/Miksch-GmbH\/100066497170541\/\" \/>\n<meta property=\"article:modified_time\" content=\"2026-01-19T11:38:09+00:00\" \/>\n<meta name=\"twitter:card\" content=\"summary_large_image\" \/>\n<meta name=\"twitter:label1\" content=\"Est. reading time\" \/>\n\t<meta name=\"twitter:data1\" content=\"2 minutes\" \/>\n<script type=\"application\/ld+json\" class=\"yoast-schema-graph\">{\"@context\":\"https:\\\/\\\/schema.org\",\"@graph\":[{\"@type\":\"WebPage\",\"@id\":\"https:\\\/\\\/miksch-werkzeugwechsler.de\\\/barrierefreiheit\\\/\",\"url\":\"https:\\\/\\\/miksch-werkzeugwechsler.de\\\/barrierefreiheit\\\/\",\"name\":\"Barrierefreiheit - MIKSCH - accelerates\",\"isPartOf\":{\"@id\":\"https:\\\/\\\/miksch-werkzeugwechsler.de\\\/#website\"},\"datePublished\":\"2026-01-15T14:48:58+00:00\",\"dateModified\":\"2026-01-19T11:38:09+00:00\",\"description\":\"Hiermit wird best\u00e4tigt, dass die MIKSCH GmbH ausschlie\u00dflich als B2B-Unternehmen (Business-to-Business) t\u00e4tig ist und ihre Leistungen sowie Produkte nicht an Verbraucher im Sinne des \u00a7 13 BGB, sondern ausschlie\u00dflich an gewerbliche Kunden richtet.\",\"breadcrumb\":{\"@id\":\"https:\\\/\\\/miksch-werkzeugwechsler.de\\\/barrierefreiheit\\\/#breadcrumb\"},\"inLanguage\":\"en-US\",\"potentialAction\":[{\"@type\":\"ReadAction\",\"target\":[\"https:\\\/\\\/miksch-werkzeugwechsler.de\\\/barrierefreiheit\\\/\"]}]},{\"@type\":\"BreadcrumbList\",\"@id\":\"https:\\\/\\\/miksch-werkzeugwechsler.de\\\/barrierefreiheit\\\/#breadcrumb\",\"itemListElement\":[{\"@type\":\"ListItem\",\"position\":1,\"name\":\"Home\",\"item\":\"https:\\\/\\\/miksch-werkzeugwechsler.de\\\/\"},{\"@type\":\"ListItem\",\"position\":2,\"name\":\"Barrierefreiheit\"}]},{\"@type\":\"WebSite\",\"@id\":\"https:\\\/\\\/miksch-werkzeugwechsler.de\\\/#website\",\"url\":\"https:\\\/\\\/miksch-werkzeugwechsler.de\\\/\",\"name\":\"MIKSCH GmbH\",\"description\":\"\",\"publisher\":{\"@id\":\"https:\\\/\\\/miksch-werkzeugwechsler.de\\\/#organization\"},\"potentialAction\":[{\"@type\":\"SearchAction\",\"target\":{\"@type\":\"EntryPoint\",\"urlTemplate\":\"https:\\\/\\\/miksch-werkzeugwechsler.de\\\/?s={search_term_string}\"},\"query-input\":{\"@type\":\"PropertyValueSpecification\",\"valueRequired\":true,\"valueName\":\"search_term_string\"}}],\"inLanguage\":\"en-US\"},{\"@type\":\"Organization\",\"@id\":\"https:\\\/\\\/miksch-werkzeugwechsler.de\\\/#organization\",\"name\":\"MIKSCH GmbH\",\"url\":\"https:\\\/\\\/miksch-werkzeugwechsler.de\\\/\",\"logo\":{\"@type\":\"ImageObject\",\"inLanguage\":\"en-US\",\"@id\":\"https:\\\/\\\/miksch-werkzeugwechsler.de\\\/#\\\/schema\\\/logo\\\/image\\\/\",\"url\":\"https:\\\/\\\/miksch-werkzeugwechsler.de\\\/wp-content\\\/uploads\\\/2024\\\/11\\\/gcOnlineDirectory-5-2.png\",\"contentUrl\":\"https:\\\/\\\/miksch-werkzeugwechsler.de\\\/wp-content\\\/uploads\\\/2024\\\/11\\\/gcOnlineDirectory-5-2.png\",\"width\":227,\"height\":48,\"caption\":\"MIKSCH GmbH\"},\"image\":{\"@id\":\"https:\\\/\\\/miksch-werkzeugwechsler.de\\\/#\\\/schema\\\/logo\\\/image\\\/\"},\"sameAs\":[\"https:\\\/\\\/www.facebook.com\\\/people\\\/Miksch-GmbH\\\/100066497170541\\\/\",\"https:\\\/\\\/au.linkedin.com\\\/company\\\/miksch-gmbh\"]}]}<\/script>\n<!-- \/ Yoast SEO plugin. -->","yoast_head_json":{"title":"Accessibility - MIKSCH - accelerates","description":"This confirms that MIKSCH GmbH operates exclusively as a B2B (business-to-business) company and directs its services and products not to consumers as defined in \u00a7 13 BGB, but exclusively to commercial customers.","robots":{"index":"noindex","follow":"follow","max-snippet":"max-snippet:-1","max-image-preview":"max-image-preview:large","max-video-preview":"max-video-preview:-1"},"og_locale":"en_US","og_type":"article","og_title":"Barrierefreiheit - MIKSCH - accelerates","og_description":"Hiermit wird best\u00e4tigt, dass die MIKSCH GmbH ausschlie\u00dflich als B2B-Unternehmen (Business-to-Business) t\u00e4tig ist und ihre Leistungen sowie Produkte nicht an Verbraucher im Sinne des \u00a7 13 BGB, sondern ausschlie\u00dflich an gewerbliche Kunden richtet.","og_url":"https:\/\/miksch-werkzeugwechsler.de\/en\/accessibility\/","og_site_name":"MIKSCH - accelerates","article_publisher":"https:\/\/www.facebook.com\/people\/Miksch-GmbH\/100066497170541\/","article_modified_time":"2026-01-19T11:38:09+00:00","twitter_card":"summary_large_image","twitter_misc":{"Est. reading time":"2 minutes"},"schema":{"@context":"https:\/\/schema.org","@graph":[{"@type":"WebPage","@id":"https:\/\/miksch-werkzeugwechsler.de\/barrierefreiheit\/","url":"https:\/\/miksch-werkzeugwechsler.de\/barrierefreiheit\/","name":"Accessibility - MIKSCH - accelerates","isPartOf":{"@id":"https:\/\/miksch-werkzeugwechsler.de\/#website"},"datePublished":"2026-01-15T14:48:58+00:00","dateModified":"2026-01-19T11:38:09+00:00","description":"This confirms that MIKSCH GmbH operates exclusively as a B2B (business-to-business) company and directs its services and products not to consumers as defined in \u00a7 13 BGB, but exclusively to commercial customers.","breadcrumb":{"@id":"https:\/\/miksch-werkzeugwechsler.de\/barrierefreiheit\/#breadcrumb"},"inLanguage":"en-US","potentialAction":[{"@type":"ReadAction","target":["https:\/\/miksch-werkzeugwechsler.de\/barrierefreiheit\/"]}]},{"@type":"BreadcrumbList","@id":"https:\/\/miksch-werkzeugwechsler.de\/barrierefreiheit\/#breadcrumb","itemListElement":[{"@type":"ListItem","position":1,"name":"Home","item":"https:\/\/miksch-werkzeugwechsler.de\/"},{"@type":"ListItem","position":2,"name":"Barrierefreiheit"}]},{"@type":"WebSite","@id":"https:\/\/miksch-werkzeugwechsler.de\/#website","url":"https:\/\/miksch-werkzeugwechsler.de\/","name":"MIKSCH GmbH","description":"","publisher":{"@id":"https:\/\/miksch-werkzeugwechsler.de\/#organization"},"potentialAction":[{"@type":"SearchAction","target":{"@type":"EntryPoint","urlTemplate":"https:\/\/miksch-werkzeugwechsler.de\/?s={search_term_string}"},"query-input":{"@type":"PropertyValueSpecification","valueRequired":true,"valueName":"search_term_string"}}],"inLanguage":"en-US"},{"@type":"Organization","@id":"https:\/\/miksch-werkzeugwechsler.de\/#organization","name":"MIKSCH GmbH","url":"https:\/\/miksch-werkzeugwechsler.de\/","logo":{"@type":"ImageObject","inLanguage":"en-US","@id":"https:\/\/miksch-werkzeugwechsler.de\/#\/schema\/logo\/image\/","url":"https:\/\/miksch-werkzeugwechsler.de\/wp-content\/uploads\/2024\/11\/gcOnlineDirectory-5-2.png","contentUrl":"https:\/\/miksch-werkzeugwechsler.de\/wp-content\/uploads\/2024\/11\/gcOnlineDirectory-5-2.png","width":227,"height":48,"caption":"MIKSCH GmbH"},"image":{"@id":"https:\/\/miksch-werkzeugwechsler.de\/#\/schema\/logo\/image\/"},"sameAs":["https:\/\/www.facebook.com\/people\/Miksch-GmbH\/100066497170541\/","https:\/\/au.linkedin.com\/company\/miksch-gmbh"]}]}},"_links":{"self":[{"href":"https:\/\/miksch-werkzeugwechsler.de\/en\/wp-json\/wp\/v2\/pages\/5234","targetHints":{"allow":["GET"]}}],"collection":[{"href":"https:\/\/miksch-werkzeugwechsler.de\/en\/wp-json\/wp\/v2\/pages"}],"about":[{"href":"https:\/\/miksch-werkzeugwechsler.de\/en\/wp-json\/wp\/v2\/types\/page"}],"author":[{"embeddable":true,"href":"https:\/\/miksch-werkzeugwechsler.de\/en\/wp-json\/wp\/v2\/users\/5"}],"replies":[{"embeddable":true,"href":"https:\/\/miksch-werkzeugwechsler.de\/en\/wp-json\/wp\/v2\/comments?post=5234"}],"version-history":[{"count":5,"href":"https:\/\/miksch-werkzeugwechsler.de\/en\/wp-json\/wp\/v2\/pages\/5234\/revisions"}],"predecessor-version":[{"id":5247,"href":"https:\/\/miksch-werkzeugwechsler.de\/en\/wp-json\/wp\/v2\/pages\/5234\/revisions\/5247"}],"wp:attachment":[{"href":"https:\/\/miksch-werkzeugwechsler.de\/en\/wp-json\/wp\/v2\/media?parent=5234"}],"curies":[{"name":"wp","href":"https:\/\/api.w.org\/{rel}","templated":true}]}}