{"id":5066,"date":"2025-11-26T11:00:38","date_gmt":"2025-11-26T10:00:38","guid":{"rendered":"https:\/\/miksch-werkzeugwechsler.de\/?page_id=5066"},"modified":"2026-03-12T10:11:33","modified_gmt":"2026-03-12T09:11:33","slug":"miksch-survey-2025","status":"publish","type":"page","link":"https:\/\/miksch-werkzeugwechsler.de\/en\/miksch-survey-2025\/","title":{"rendered":"MIKSCH Survey 2025"},"content":{"rendered":"<div class=\"wpb-content-wrapper\"><div class=\"vc_row wpb_row vc_row-fluid position-relative\"><div class=\"wpb_column vc_column_container vc_col-sm-12\"><div class=\"vc_column-inner\"><div class=\"wpb_wrapper\"><h2 class=\"deeper-text align-left \" style=\"\" ><h2 class=\"wp-block-heading\">MIKSCH Umfrage 2025<\/h2>\n<\/h2><div class=\"deeper-text align-left \" style=\"\" ><span>Willkommen zu unserer diesj\u00e4hrigen Umfrage! Wir laden Sie herzlich ein,\u00a0daran teilzunehmen. Ihre Meinung ist uns \u00e4u\u00dferst wichtig. Die Beantwortung der Fragen nimmt nur wenige Minuten in Anspruch und gibt Ihnen die M\u00f6glichkeit, aktiv Einfluss auf zuk\u00fcnftige Entscheidungen und Entwicklungen zu nehmen.<\/span>\n<\/div><div class=\"deeper-spacer clearfix\" data-config='{\"desktop\":50,\"mobile\":50,\"smobile\":50}'><\/div><div class=\"deeper-text align-left \" style=\"\" ><span><strong>Und so einfach geht\u2019s:<\/strong><\/span>\n<ol>\n<li>Nehmen Sie sich ein paar Minuten Zeit und geben Sie Ihr Feedback.<\/li>\n<li>Nach Abschluss der Umfrage haben Sie die M\u00f6glichkeit, an unserem Gewinnspiel teilzunehmen.<\/li>\n<\/ol>\n<\/div><div class=\"deeper-spacer clearfix\" data-config='{\"desktop\":50,\"mobile\":50,\"smobile\":50}'><\/div><\/div><\/div><\/div><\/div><div id=\"american\" class=\"vc_row wpb_row vc_row-fluid position-relative\"><div class=\"wpb_column vc_column_container vc_col-sm-12\"><div class=\"vc_column-inner\"><div class=\"wpb_wrapper\">\n\t<div class=\"wpb_raw_code wpb_raw_html wpb_content_element\" >\n\t\t<div class=\"wpb_wrapper\">\n\t\t\t<script>(function(t,e,s,n){var o,a,c;t.SMCX=t.SMCX||[],e.getElementById(n)||(o=e.getElementsByTagName(s),a=o[o.length-1],c=e.createElement(s),c.type=\"text\/javascript\",c.async=!0,c.id=n,c.src=\"https:\/\/widget.surveymonkey.com\/collect\/website\/js\/tRaiETqnLgj758hTBazgdxQZPvxe8bLyaw6SR_2B_2FTr_2BjKuXO2iw22Z_2Bsn68L2ICpq.js\",a.parentNode.insertBefore(c,a))})(window,document,\"script\",\"smcx-sdk\");<\/script>\n\t\t<\/div>\n\t<\/div>\n<\/div><\/div><\/div><\/div><div class=\"vc_row wpb_row vc_row-fluid position-relative\"><div class=\"wpb_column vc_column_container vc_col-sm-12\"><div class=\"vc_column-inner\"><div class=\"wpb_wrapper\"><div class=\"deeper-spacer clearfix\" data-config='{\"desktop\":50,\"mobile\":50,\"smobile\":50}'><\/div><div class=\"deeper-text align-left \" style=\"\" ><span>Wir wissen Ihre Zeit sehr zu sch\u00e4tzen und danken Ihnen daf\u00fcr bereits heute.<\/span>\n<span>Selbstverst\u00e4ndlich behandeln wir Ihre Angaben streng vertraulich gem\u00e4\u00df unseren Datenschutzbestimmungen. Diese finden Sie hier <a class=\"_ps2id\" href=\"https:\/\/miksch-werkzeugwechsler.de\/miksch-gmbh-datenschutzerklaerung\/\" data-ps2id-offset=\"\">MIKSCH GmbH | Datenschutzerkl\u00e4rung<\/a><\/span>\n<\/div><div class=\"deeper-spacer clearfix\" data-config='{\"desktop\":50,\"mobile\":50,\"smobile\":50}'><\/div><div class=\"deeper-text align-left \" style=\"\" ><span>Herzlichen Dank f\u00fcr Ihre Unterst\u00fctzung und viel Erfolg beim Gewinnspiel!<\/span>\n<\/div><div class=\"deeper-spacer clearfix\" data-config='{\"desktop\":20,\"mobile\":20,\"smobile\":20}'><\/div><div class=\"deeper-text align-left \" style=\"\" ><span>Mit den besten Gr\u00fc\u00dfen aus G\u00f6ppingen<\/span>\n<span>Ihr MIKSCH-Vertriebs-Team<\/span>\n<\/div><div class=\"deeper-text align-left \" style=\"\" ><span>P.S.: Teilen Sie diesen Link gern mit Ihren Kolleginnen und Kollegen \u2013 je mehr mitmachen, desto besser!<\/span>\n<\/div><div class=\"deeper-spacer clearfix\" data-config='{\"desktop\":20,\"mobile\":20,\"smobile\":20}'><\/div><\/div><\/div><\/div><\/div>\n<\/div>","protected":false},"excerpt":{"rendered":"MIKSCH Umfrage 2025 Willkommen zu unserer diesj\u00e4hrigen Umfrage! Wir laden Sie herzlich ein,\u00a0daran teilzunehmen. Ihre Meinung ist uns \u00e4u\u00dferst wichtig. Die Beantwortung der Fragen nimmt nur wenige Minuten in Anspruch und gibt Ihnen die M\u00f6glichkeit, aktiv Einfluss auf zuk\u00fcnftige Entscheidungen und Entwicklungen zu nehmen. Und so einfach geht\u2019s: Nehmen Sie","protected":false},"author":5,"featured_media":0,"parent":0,"menu_order":0,"comment_status":"closed","ping_status":"closed","template":"","meta":{"_acf_changed":false,"footnotes":""},"class_list":["post-5066","page","type-page","status-publish","hentry"],"acf":[],"yoast_head":"<!-- This site is optimized with the Yoast SEO plugin v27.3 - https:\/\/yoast.com\/product\/yoast-seo-wordpress\/ -->\n<title>MIKSCH Umfrage 2025 - MIKSCH - accelerates<\/title>\n<meta name=\"description\" content=\"Unserer allj\u00e4hrliche Umfrage zu unseren Podukten, Service und Dienstleistungen rund um Werkzeugwechsler und Werkzeugwechselsysteme\" \/>\n<meta name=\"robots\" content=\"noindex, follow, max-snippet:-1, max-image-preview:large, max-video-preview:-1\" \/>\n<meta property=\"og:locale\" content=\"en_US\" \/>\n<meta property=\"og:type\" content=\"article\" \/>\n<meta property=\"og:title\" content=\"MIKSCH Umfrage 2025 - MIKSCH - accelerates\" \/>\n<meta property=\"og:description\" content=\"Unserer allj\u00e4hrliche Umfrage zu unseren Podukten, Service und Dienstleistungen rund um Werkzeugwechsler und Werkzeugwechselsysteme\" \/>\n<meta property=\"og:url\" content=\"https:\/\/miksch-werkzeugwechsler.de\/en\/miksch-survey-2025\/\" \/>\n<meta property=\"og:site_name\" content=\"MIKSCH - accelerates\" \/>\n<meta property=\"article:publisher\" content=\"https:\/\/www.facebook.com\/people\/Miksch-GmbH\/100066497170541\/\" \/>\n<meta property=\"article:modified_time\" content=\"2026-03-12T09:11:33+00:00\" \/>\n<meta name=\"twitter:card\" content=\"summary_large_image\" \/>\n<meta name=\"twitter:label1\" content=\"Est. reading time\" \/>\n\t<meta name=\"twitter:data1\" content=\"2 minutes\" \/>\n<script type=\"application\/ld+json\" class=\"yoast-schema-graph\">{\"@context\":\"https:\\\/\\\/schema.org\",\"@graph\":[{\"@type\":\"WebPage\",\"@id\":\"https:\\\/\\\/miksch-werkzeugwechsler.de\\\/miksch-umfrage-2025\\\/\",\"url\":\"https:\\\/\\\/miksch-werkzeugwechsler.de\\\/miksch-umfrage-2025\\\/\",\"name\":\"MIKSCH Umfrage 2025 - MIKSCH - accelerates\",\"isPartOf\":{\"@id\":\"https:\\\/\\\/miksch-werkzeugwechsler.de\\\/#website\"},\"datePublished\":\"2025-11-26T10:00:38+00:00\",\"dateModified\":\"2026-03-12T09:11:33+00:00\",\"description\":\"Unserer allj\u00e4hrliche Umfrage zu unseren Podukten, Service und Dienstleistungen rund um Werkzeugwechsler und Werkzeugwechselsysteme\",\"breadcrumb\":{\"@id\":\"https:\\\/\\\/miksch-werkzeugwechsler.de\\\/miksch-umfrage-2025\\\/#breadcrumb\"},\"inLanguage\":\"en-US\",\"potentialAction\":[{\"@type\":\"ReadAction\",\"target\":[\"https:\\\/\\\/miksch-werkzeugwechsler.de\\\/miksch-umfrage-2025\\\/\"]}]},{\"@type\":\"BreadcrumbList\",\"@id\":\"https:\\\/\\\/miksch-werkzeugwechsler.de\\\/miksch-umfrage-2025\\\/#breadcrumb\",\"itemListElement\":[{\"@type\":\"ListItem\",\"position\":1,\"name\":\"Home\",\"item\":\"https:\\\/\\\/miksch-werkzeugwechsler.de\\\/\"},{\"@type\":\"ListItem\",\"position\":2,\"name\":\"MIKSCH Umfrage 2025\"}]},{\"@type\":\"WebSite\",\"@id\":\"https:\\\/\\\/miksch-werkzeugwechsler.de\\\/#website\",\"url\":\"https:\\\/\\\/miksch-werkzeugwechsler.de\\\/\",\"name\":\"MIKSCH GmbH\",\"description\":\"\",\"publisher\":{\"@id\":\"https:\\\/\\\/miksch-werkzeugwechsler.de\\\/#organization\"},\"potentialAction\":[{\"@type\":\"SearchAction\",\"target\":{\"@type\":\"EntryPoint\",\"urlTemplate\":\"https:\\\/\\\/miksch-werkzeugwechsler.de\\\/?s={search_term_string}\"},\"query-input\":{\"@type\":\"PropertyValueSpecification\",\"valueRequired\":true,\"valueName\":\"search_term_string\"}}],\"inLanguage\":\"en-US\"},{\"@type\":\"Organization\",\"@id\":\"https:\\\/\\\/miksch-werkzeugwechsler.de\\\/#organization\",\"name\":\"MIKSCH GmbH\",\"url\":\"https:\\\/\\\/miksch-werkzeugwechsler.de\\\/\",\"logo\":{\"@type\":\"ImageObject\",\"inLanguage\":\"en-US\",\"@id\":\"https:\\\/\\\/miksch-werkzeugwechsler.de\\\/#\\\/schema\\\/logo\\\/image\\\/\",\"url\":\"https:\\\/\\\/miksch-werkzeugwechsler.de\\\/wp-content\\\/uploads\\\/2024\\\/11\\\/gcOnlineDirectory-5-2.png\",\"contentUrl\":\"https:\\\/\\\/miksch-werkzeugwechsler.de\\\/wp-content\\\/uploads\\\/2024\\\/11\\\/gcOnlineDirectory-5-2.png\",\"width\":227,\"height\":48,\"caption\":\"MIKSCH GmbH\"},\"image\":{\"@id\":\"https:\\\/\\\/miksch-werkzeugwechsler.de\\\/#\\\/schema\\\/logo\\\/image\\\/\"},\"sameAs\":[\"https:\\\/\\\/www.facebook.com\\\/people\\\/Miksch-GmbH\\\/100066497170541\\\/\",\"https:\\\/\\\/au.linkedin.com\\\/company\\\/miksch-gmbh\"]}]}<\/script>\n<!-- \/ Yoast SEO plugin. -->","yoast_head_json":{"title":"MIKSCH Survey 2025 - MIKSCH - accelerates","description":"Our annual survey on our products, services and support related to tool changers and tool changing systems","robots":{"index":"noindex","follow":"follow","max-snippet":"max-snippet:-1","max-image-preview":"max-image-preview:large","max-video-preview":"max-video-preview:-1"},"og_locale":"en_US","og_type":"article","og_title":"MIKSCH Umfrage 2025 - MIKSCH - accelerates","og_description":"Unserer allj\u00e4hrliche Umfrage zu unseren Podukten, Service und Dienstleistungen rund um Werkzeugwechsler und Werkzeugwechselsysteme","og_url":"https:\/\/miksch-werkzeugwechsler.de\/en\/miksch-survey-2025\/","og_site_name":"MIKSCH - accelerates","article_publisher":"https:\/\/www.facebook.com\/people\/Miksch-GmbH\/100066497170541\/","article_modified_time":"2026-03-12T09:11:33+00:00","twitter_card":"summary_large_image","twitter_misc":{"Est. reading time":"2 minutes"},"schema":{"@context":"https:\/\/schema.org","@graph":[{"@type":"WebPage","@id":"https:\/\/miksch-werkzeugwechsler.de\/miksch-umfrage-2025\/","url":"https:\/\/miksch-werkzeugwechsler.de\/miksch-umfrage-2025\/","name":"MIKSCH Survey 2025 - MIKSCH - accelerates","isPartOf":{"@id":"https:\/\/miksch-werkzeugwechsler.de\/#website"},"datePublished":"2025-11-26T10:00:38+00:00","dateModified":"2026-03-12T09:11:33+00:00","description":"Our annual survey on our products, services and support related to tool changers and tool changing systems","breadcrumb":{"@id":"https:\/\/miksch-werkzeugwechsler.de\/miksch-umfrage-2025\/#breadcrumb"},"inLanguage":"en-US","potentialAction":[{"@type":"ReadAction","target":["https:\/\/miksch-werkzeugwechsler.de\/miksch-umfrage-2025\/"]}]},{"@type":"BreadcrumbList","@id":"https:\/\/miksch-werkzeugwechsler.de\/miksch-umfrage-2025\/#breadcrumb","itemListElement":[{"@type":"ListItem","position":1,"name":"Home","item":"https:\/\/miksch-werkzeugwechsler.de\/"},{"@type":"ListItem","position":2,"name":"MIKSCH Umfrage 2025"}]},{"@type":"WebSite","@id":"https:\/\/miksch-werkzeugwechsler.de\/#website","url":"https:\/\/miksch-werkzeugwechsler.de\/","name":"MIKSCH GmbH","description":"","publisher":{"@id":"https:\/\/miksch-werkzeugwechsler.de\/#organization"},"potentialAction":[{"@type":"SearchAction","target":{"@type":"EntryPoint","urlTemplate":"https:\/\/miksch-werkzeugwechsler.de\/?s={search_term_string}"},"query-input":{"@type":"PropertyValueSpecification","valueRequired":true,"valueName":"search_term_string"}}],"inLanguage":"en-US"},{"@type":"Organization","@id":"https:\/\/miksch-werkzeugwechsler.de\/#organization","name":"MIKSCH GmbH","url":"https:\/\/miksch-werkzeugwechsler.de\/","logo":{"@type":"ImageObject","inLanguage":"en-US","@id":"https:\/\/miksch-werkzeugwechsler.de\/#\/schema\/logo\/image\/","url":"https:\/\/miksch-werkzeugwechsler.de\/wp-content\/uploads\/2024\/11\/gcOnlineDirectory-5-2.png","contentUrl":"https:\/\/miksch-werkzeugwechsler.de\/wp-content\/uploads\/2024\/11\/gcOnlineDirectory-5-2.png","width":227,"height":48,"caption":"MIKSCH GmbH"},"image":{"@id":"https:\/\/miksch-werkzeugwechsler.de\/#\/schema\/logo\/image\/"},"sameAs":["https:\/\/www.facebook.com\/people\/Miksch-GmbH\/100066497170541\/","https:\/\/au.linkedin.com\/company\/miksch-gmbh"]}]}},"_links":{"self":[{"href":"https:\/\/miksch-werkzeugwechsler.de\/en\/wp-json\/wp\/v2\/pages\/5066","targetHints":{"allow":["GET"]}}],"collection":[{"href":"https:\/\/miksch-werkzeugwechsler.de\/en\/wp-json\/wp\/v2\/pages"}],"about":[{"href":"https:\/\/miksch-werkzeugwechsler.de\/en\/wp-json\/wp\/v2\/types\/page"}],"author":[{"embeddable":true,"href":"https:\/\/miksch-werkzeugwechsler.de\/en\/wp-json\/wp\/v2\/users\/5"}],"replies":[{"embeddable":true,"href":"https:\/\/miksch-werkzeugwechsler.de\/en\/wp-json\/wp\/v2\/comments?post=5066"}],"version-history":[{"count":30,"href":"https:\/\/miksch-werkzeugwechsler.de\/en\/wp-json\/wp\/v2\/pages\/5066\/revisions"}],"predecessor-version":[{"id":5404,"href":"https:\/\/miksch-werkzeugwechsler.de\/en\/wp-json\/wp\/v2\/pages\/5066\/revisions\/5404"}],"wp:attachment":[{"href":"https:\/\/miksch-werkzeugwechsler.de\/en\/wp-json\/wp\/v2\/media?parent=5066"}],"curies":[{"name":"wp","href":"https:\/\/api.w.org\/{rel}","templated":true}]}}