{"id":4571,"date":"2025-04-29T08:00:41","date_gmt":"2025-04-29T07:00:41","guid":{"rendered":"https:\/\/miksch-werkzeugwechsler.de\/?page_id=4571"},"modified":"2026-03-30T12:44:59","modified_gmt":"2026-03-30T11:44:59","slug":"miksch-gmbh-customer-feedback-your-wishes","status":"publish","type":"page","link":"https:\/\/miksch-werkzeugwechsler.de\/en\/miksch-gmbh-customer-feedback-your-wishes\/","title":{"rendered":"Miksch GmbH \u2013 Customer Feedback \u2013 Your Wishes"},"content":{"rendered":"<h2 class=\"wp-block-heading\">Wishes \u2013 Optimizations \u2013 Improvements<\/h2>\n\n\n<p>In order to consistently meet the high expectations of our customers, we greatly appreciate both praise and constructive criticism.<\/p>\n\n\n<figure class=\"wp-block-image size-full is-resized\"><a href=\"https:\/\/miksch-werkzeugwechsler.de\/wp-content\/uploads\/2026\/03\/Gluehbirne_blau.jpg\"><img decoding=\"async\" width=\"835\" height=\"815\" src=\"https:\/\/miksch-werkzeugwechsler.de\/wp-content\/uploads\/2026\/03\/Gluehbirne_blau.jpg\" alt=\"\" class=\"wp-image-5614\" style=\"width:459px;height:auto\" srcset=\"https:\/\/miksch-werkzeugwechsler.de\/wp-content\/uploads\/2026\/03\/Gluehbirne_blau.jpg 835w, https:\/\/miksch-werkzeugwechsler.de\/wp-content\/uploads\/2026\/03\/Gluehbirne_blau-300x293.jpg 300w, https:\/\/miksch-werkzeugwechsler.de\/wp-content\/uploads\/2026\/03\/Gluehbirne_blau-768x750.jpg 768w, https:\/\/miksch-werkzeugwechsler.de\/wp-content\/uploads\/2026\/03\/Gluehbirne_blau-12x12.jpg 12w, https:\/\/miksch-werkzeugwechsler.de\/wp-content\/uploads\/2026\/03\/Gluehbirne_blau-500x488.jpg 500w\" sizes=\"(max-width: 835px) 100vw, 835px\" \/><\/a><\/figure>\n\n\n\n<p><\/p>\n\n\n\n<h3 class=\"wp-block-heading\"><strong>Your feedback counts!<\/strong><\/h3>\n\n\n\n<div><span data-slate-fragment=\"JTVCJTdCJTIydHlwZSUyMiUzQSUyMnAlMjIlMkMlMjJpbmRlbnQlMjIlM0EwJTJDJTIyY2hpbGRyZW4lMjIlM0ElNUIlN0IlMjJ0ZXh0JTIyJTNBJTIyU2luZCUyMFNpZSUyMG1pdCUyMHVuc2VyZW4lMjBMZWlzdHVuZ2VuJTIwdW56dWZyaWVkZW4lM0YlMjIlN0QlNUQlMkMlMjJpZCUyMiUzQSUyMnkybTZsJTIyJTdEJTVE\">Are you satisfied with our services?<\/span><\/div>\n\n\n\n<div>\u00a0<\/div>\n\n\n\n<div><span data-slate-fragment=\"JTVCJTdCJTIydHlwZSUyMiUzQSUyMnAlMjIlMkMlMjJpbmRlbnQlMjIlM0EwJTJDJTIyY2hpbGRyZW4lMjIlM0ElNUIlN0IlMjJ0ZXh0JTIyJTNBJTIyT2RlciUyMGhhYmVuJTIwU2llJTIwVm9yc2NobCVDMyVBNGdlJTJDJTIwd2llJTIwd2lyJTIwdW5zJTIwdmVyYmVzc2VybiUyMGslQzMlQjZubnRlbiUzRiUyMiU3RCU1RCUyQyUyMmlkJTIyJTNBJTIyNXRhZGolMjIlN0QlNUQ=\">Or do you have suggestions on how we could improve?<\/span><\/div>\n\n\n\n<div>\u00a0<\/div>\n\n\n\n<div><span data-slate-fragment=\"JTVCJTdCJTIydHlwZSUyMiUzQSUyMnAlMjIlMkMlMjJpbmRlbnQlMjIlM0EwJTJDJTIyY2hpbGRyZW4lMjIlM0ElNUIlN0IlMjJ0ZXh0JTIyJTNBJTIyRGFubiUyMGxhc3NlbiUyMFNpZSUyMGVzJTIwdW5zJTIwYml0dGUlMjB3aXNzZW4hJTIwTnV0emVuJTIwU2llJTIwaGllcmYlQzMlQkNyJTIwdW5zZXIlMjBLb250YWt0Zm9ybXVsYXIlMjBvZGVyJTIwc2VuZGVuJTIwU2llJTIwdW5zJTIwZWluZSUyMEUtTWFpbC4lMjIlN0QlNUQlMkMlMjJpZCUyMiUzQSUyMmV1Zmh4JTIyJTdEJTVE\">Then please let us know! Use our <a class=\"internal-link\" href=\"\/en\/contact-miksch-gmbh-your-inquiry-contact-options\/\" target=\"_blank\" rel=\"noopener\">Contact form<\/a><br \/>or a\u00a0<\/span><a href=\"mailto:mi****@*********************er.de\" data-original-string=\"3Mejto9R7tRKWPgn+s1lUw==f42C61UO0nuNKvnUjI22qa7seOANsPTZUAJOM4ULIf\/aGcbCqS+7hu8HMf5m1+cBQuSYGPNSkmO6yKA9p98ngt4nyPScYWhlk9+K7r38GaXlfXbLn4iZMEAo8QB739J6yMT5DRqVYklZGa7DsplvUmkdRR3RLZbXgUOM2KqXmNLrdab+yJVk4eztLuSIvjDRpFymp4PgjRdgagBxS7bZYwQIU3GqJr+OWbVt3QSLdZOa6lDiFbNkbhwKDUx1UXsCqL\/7E\/4GZpnm5phycCzvGQzRdqYuz67fLMPSy\/Gz2q3+NDrBDDq9mywfLFE\/3caIhyPdz3WScGjPAm7IfsiJDlzaQ==\" title=\"This contact has been encoded by Anti-Spam by CleanTalk. Click to decode. To finish the decoding make sure that JavaScript is enabled in your browser.?subject=MIKSCH-Website%20-%20Ihre%20W\u00fcnsche-Optimierungen-Verbesserungen&amp;body=Sehr%20geehrtes%20MIKSCH-Team,%0A%0Aich%20habe%20folgendes%20Feedback%20an%20Sie:%20%0A%0ABitte%20kontaktieren%20Sie%20mich.%0A%0ADanke!\"> Send email to MIKSCH<\/a><\/div>\n\n\n\n<p>Your MIKSCH team<\/p>","protected":false},"excerpt":{"rendered":"<p>W\u00fcnsche&nbsp; &#8211; Optimierungen &#8211; Verbesserungen Um den hohen Erwartungen unserer Kunden durchgehend gerecht zu werden, sch\u00e4tzen wir sowohl Lob als auch konstruktive Kritik sehr. Ihr Feedback z\u00e4hlt! Sind Sie mit unseren Leistungen zufrieden? \u00a0 Oder haben Sie Vorschl\u00e4ge, wie wir uns verbessern k\u00f6nnten? \u00a0 Dann lassen Sie es uns bitte<\/p>","protected":false},"author":4,"featured_media":5614,"parent":0,"menu_order":0,"comment_status":"closed","ping_status":"closed","template":"","meta":{"_acf_changed":false,"footnotes":""},"class_list":["post-4571","page","type-page","status-publish","has-post-thumbnail","hentry"],"acf":[],"yoast_head":"<!-- This site is optimized with the Yoast SEO plugin v27.3 - https:\/\/yoast.com\/product\/yoast-seo-wordpress\/ -->\n<title>Miksch GmbH - Kunden Feedback - Ihre W\u00fcnsche<\/title>\n<meta name=\"description\" content=\"Verbesserungs- und \u00c4nderungsw\u00fcnsche an Miksch GmbH: Schreiben Sie uns Ihre W\u00fcnsche \/ Optimierungen \/ Verbesserungen - Vielen Dank vorab!\" \/>\n<meta name=\"robots\" content=\"noindex, follow, max-snippet:-1, max-image-preview:large, max-video-preview:-1\" \/>\n<meta property=\"og:locale\" content=\"en_US\" \/>\n<meta property=\"og:type\" content=\"article\" \/>\n<meta property=\"og:title\" content=\"Miksch GmbH - Kunden Feedback - Ihre W\u00fcnsche\" \/>\n<meta property=\"og:description\" content=\"Verbesserungs- und \u00c4nderungsw\u00fcnsche an Miksch GmbH: Schreiben Sie uns Ihre W\u00fcnsche \/ Optimierungen \/ Verbesserungen - Vielen Dank vorab!\" \/>\n<meta property=\"og:url\" content=\"https:\/\/miksch-werkzeugwechsler.de\/en\/miksch-gmbh-customer-feedback-your-wishes\/\" \/>\n<meta property=\"og:site_name\" content=\"MIKSCH - accelerates\" \/>\n<meta property=\"article:publisher\" content=\"https:\/\/www.facebook.com\/people\/Miksch-GmbH\/100066497170541\/\" \/>\n<meta property=\"article:modified_time\" content=\"2026-03-30T11:44:59+00:00\" \/>\n<meta property=\"og:image\" content=\"https:\/\/miksch-werkzeugwechsler.de\/wp-content\/uploads\/2026\/03\/Gluehbirne_blau.jpg\" \/>\n\t<meta property=\"og:image:width\" content=\"835\" \/>\n\t<meta property=\"og:image:height\" content=\"815\" \/>\n\t<meta property=\"og:image:type\" content=\"image\/jpeg\" \/>\n<meta name=\"twitter:card\" content=\"summary_large_image\" \/>\n<meta name=\"twitter:label1\" content=\"Est. reading time\" \/>\n\t<meta name=\"twitter:data1\" content=\"1 minute\" \/>\n<script type=\"application\/ld+json\" class=\"yoast-schema-graph\">{\"@context\":\"https:\\\/\\\/schema.org\",\"@graph\":[{\"@type\":\"WebPage\",\"@id\":\"https:\\\/\\\/miksch-werkzeugwechsler.de\\\/miksch-gmbh-kunden-feedback-ihre-wuensche\\\/\",\"url\":\"https:\\\/\\\/miksch-werkzeugwechsler.de\\\/miksch-gmbh-kunden-feedback-ihre-wuensche\\\/\",\"name\":\"Miksch GmbH - Kunden Feedback - Ihre W\u00fcnsche\",\"isPartOf\":{\"@id\":\"https:\\\/\\\/miksch-werkzeugwechsler.de\\\/#website\"},\"primaryImageOfPage\":{\"@id\":\"https:\\\/\\\/miksch-werkzeugwechsler.de\\\/miksch-gmbh-kunden-feedback-ihre-wuensche\\\/#primaryimage\"},\"image\":{\"@id\":\"https:\\\/\\\/miksch-werkzeugwechsler.de\\\/miksch-gmbh-kunden-feedback-ihre-wuensche\\\/#primaryimage\"},\"thumbnailUrl\":\"https:\\\/\\\/miksch-werkzeugwechsler.de\\\/wp-content\\\/uploads\\\/2026\\\/03\\\/Gluehbirne_blau.jpg\",\"datePublished\":\"2025-04-29T07:00:41+00:00\",\"dateModified\":\"2026-03-30T11:44:59+00:00\",\"description\":\"Verbesserungs- und \u00c4nderungsw\u00fcnsche an Miksch GmbH: Schreiben Sie uns Ihre W\u00fcnsche \\\/ Optimierungen \\\/ Verbesserungen - Vielen Dank vorab!\",\"breadcrumb\":{\"@id\":\"https:\\\/\\\/miksch-werkzeugwechsler.de\\\/miksch-gmbh-kunden-feedback-ihre-wuensche\\\/#breadcrumb\"},\"inLanguage\":\"en-US\",\"potentialAction\":[{\"@type\":\"ReadAction\",\"target\":[\"https:\\\/\\\/miksch-werkzeugwechsler.de\\\/miksch-gmbh-kunden-feedback-ihre-wuensche\\\/\"]}]},{\"@type\":\"ImageObject\",\"inLanguage\":\"en-US\",\"@id\":\"https:\\\/\\\/miksch-werkzeugwechsler.de\\\/miksch-gmbh-kunden-feedback-ihre-wuensche\\\/#primaryimage\",\"url\":\"https:\\\/\\\/miksch-werkzeugwechsler.de\\\/wp-content\\\/uploads\\\/2026\\\/03\\\/Gluehbirne_blau.jpg\",\"contentUrl\":\"https:\\\/\\\/miksch-werkzeugwechsler.de\\\/wp-content\\\/uploads\\\/2026\\\/03\\\/Gluehbirne_blau.jpg\",\"width\":835,\"height\":815},{\"@type\":\"BreadcrumbList\",\"@id\":\"https:\\\/\\\/miksch-werkzeugwechsler.de\\\/miksch-gmbh-kunden-feedback-ihre-wuensche\\\/#breadcrumb\",\"itemListElement\":[{\"@type\":\"ListItem\",\"position\":1,\"name\":\"Home\",\"item\":\"https:\\\/\\\/miksch-werkzeugwechsler.de\\\/\"},{\"@type\":\"ListItem\",\"position\":2,\"name\":\"Miksch GmbH &#8211; Kunden Feedback &#8211; Ihre W\u00fcnsche\"}]},{\"@type\":\"WebSite\",\"@id\":\"https:\\\/\\\/miksch-werkzeugwechsler.de\\\/#website\",\"url\":\"https:\\\/\\\/miksch-werkzeugwechsler.de\\\/\",\"name\":\"MIKSCH GmbH\",\"description\":\"\",\"publisher\":{\"@id\":\"https:\\\/\\\/miksch-werkzeugwechsler.de\\\/#organization\"},\"potentialAction\":[{\"@type\":\"SearchAction\",\"target\":{\"@type\":\"EntryPoint\",\"urlTemplate\":\"https:\\\/\\\/miksch-werkzeugwechsler.de\\\/?s={search_term_string}\"},\"query-input\":{\"@type\":\"PropertyValueSpecification\",\"valueRequired\":true,\"valueName\":\"search_term_string\"}}],\"inLanguage\":\"en-US\"},{\"@type\":\"Organization\",\"@id\":\"https:\\\/\\\/miksch-werkzeugwechsler.de\\\/#organization\",\"name\":\"MIKSCH GmbH\",\"url\":\"https:\\\/\\\/miksch-werkzeugwechsler.de\\\/\",\"logo\":{\"@type\":\"ImageObject\",\"inLanguage\":\"en-US\",\"@id\":\"https:\\\/\\\/miksch-werkzeugwechsler.de\\\/#\\\/schema\\\/logo\\\/image\\\/\",\"url\":\"https:\\\/\\\/miksch-werkzeugwechsler.de\\\/wp-content\\\/uploads\\\/2024\\\/11\\\/gcOnlineDirectory-5-2.png\",\"contentUrl\":\"https:\\\/\\\/miksch-werkzeugwechsler.de\\\/wp-content\\\/uploads\\\/2024\\\/11\\\/gcOnlineDirectory-5-2.png\",\"width\":227,\"height\":48,\"caption\":\"MIKSCH GmbH\"},\"image\":{\"@id\":\"https:\\\/\\\/miksch-werkzeugwechsler.de\\\/#\\\/schema\\\/logo\\\/image\\\/\"},\"sameAs\":[\"https:\\\/\\\/www.facebook.com\\\/people\\\/Miksch-GmbH\\\/100066497170541\\\/\",\"https:\\\/\\\/au.linkedin.com\\\/company\\\/miksch-gmbh\"]}]}<\/script>\n<!-- \/ Yoast SEO plugin. -->","yoast_head_json":{"title":"Miksch GmbH - Customer Feedback - Your Wishes","description":"Suggestions for improvements and changes to Miksch GmbH: Please write to us with your wishes \/ optimizations \/ improvements - Thank you in advance!","robots":{"index":"noindex","follow":"follow","max-snippet":"max-snippet:-1","max-image-preview":"max-image-preview:large","max-video-preview":"max-video-preview:-1"},"og_locale":"en_US","og_type":"article","og_title":"Miksch GmbH - Kunden Feedback - Ihre W\u00fcnsche","og_description":"Verbesserungs- und \u00c4nderungsw\u00fcnsche an Miksch GmbH: Schreiben Sie uns Ihre W\u00fcnsche \/ Optimierungen \/ Verbesserungen - Vielen Dank vorab!","og_url":"https:\/\/miksch-werkzeugwechsler.de\/en\/miksch-gmbh-customer-feedback-your-wishes\/","og_site_name":"MIKSCH - accelerates","article_publisher":"https:\/\/www.facebook.com\/people\/Miksch-GmbH\/100066497170541\/","article_modified_time":"2026-03-30T11:44:59+00:00","og_image":[{"width":835,"height":815,"url":"https:\/\/miksch-werkzeugwechsler.de\/wp-content\/uploads\/2026\/03\/Gluehbirne_blau.jpg","type":"image\/jpeg"}],"twitter_card":"summary_large_image","twitter_misc":{"Est. reading time":"1 minute"},"schema":{"@context":"https:\/\/schema.org","@graph":[{"@type":"WebPage","@id":"https:\/\/miksch-werkzeugwechsler.de\/miksch-gmbh-kunden-feedback-ihre-wuensche\/","url":"https:\/\/miksch-werkzeugwechsler.de\/miksch-gmbh-kunden-feedback-ihre-wuensche\/","name":"Miksch GmbH - Customer Feedback - Your Wishes","isPartOf":{"@id":"https:\/\/miksch-werkzeugwechsler.de\/#website"},"primaryImageOfPage":{"@id":"https:\/\/miksch-werkzeugwechsler.de\/miksch-gmbh-kunden-feedback-ihre-wuensche\/#primaryimage"},"image":{"@id":"https:\/\/miksch-werkzeugwechsler.de\/miksch-gmbh-kunden-feedback-ihre-wuensche\/#primaryimage"},"thumbnailUrl":"https:\/\/miksch-werkzeugwechsler.de\/wp-content\/uploads\/2026\/03\/Gluehbirne_blau.jpg","datePublished":"2025-04-29T07:00:41+00:00","dateModified":"2026-03-30T11:44:59+00:00","description":"Suggestions for improvements and changes to Miksch GmbH: Please write to us with your wishes \/ optimizations \/ improvements - Thank you in advance!","breadcrumb":{"@id":"https:\/\/miksch-werkzeugwechsler.de\/miksch-gmbh-kunden-feedback-ihre-wuensche\/#breadcrumb"},"inLanguage":"en-US","potentialAction":[{"@type":"ReadAction","target":["https:\/\/miksch-werkzeugwechsler.de\/miksch-gmbh-kunden-feedback-ihre-wuensche\/"]}]},{"@type":"ImageObject","inLanguage":"en-US","@id":"https:\/\/miksch-werkzeugwechsler.de\/miksch-gmbh-kunden-feedback-ihre-wuensche\/#primaryimage","url":"https:\/\/miksch-werkzeugwechsler.de\/wp-content\/uploads\/2026\/03\/Gluehbirne_blau.jpg","contentUrl":"https:\/\/miksch-werkzeugwechsler.de\/wp-content\/uploads\/2026\/03\/Gluehbirne_blau.jpg","width":835,"height":815},{"@type":"BreadcrumbList","@id":"https:\/\/miksch-werkzeugwechsler.de\/miksch-gmbh-kunden-feedback-ihre-wuensche\/#breadcrumb","itemListElement":[{"@type":"ListItem","position":1,"name":"Home","item":"https:\/\/miksch-werkzeugwechsler.de\/"},{"@type":"ListItem","position":2,"name":"Miksch GmbH &#8211; Kunden Feedback &#8211; Ihre W\u00fcnsche"}]},{"@type":"WebSite","@id":"https:\/\/miksch-werkzeugwechsler.de\/#website","url":"https:\/\/miksch-werkzeugwechsler.de\/","name":"MIKSCH GmbH","description":"","publisher":{"@id":"https:\/\/miksch-werkzeugwechsler.de\/#organization"},"potentialAction":[{"@type":"SearchAction","target":{"@type":"EntryPoint","urlTemplate":"https:\/\/miksch-werkzeugwechsler.de\/?s={search_term_string}"},"query-input":{"@type":"PropertyValueSpecification","valueRequired":true,"valueName":"search_term_string"}}],"inLanguage":"en-US"},{"@type":"Organization","@id":"https:\/\/miksch-werkzeugwechsler.de\/#organization","name":"MIKSCH GmbH","url":"https:\/\/miksch-werkzeugwechsler.de\/","logo":{"@type":"ImageObject","inLanguage":"en-US","@id":"https:\/\/miksch-werkzeugwechsler.de\/#\/schema\/logo\/image\/","url":"https:\/\/miksch-werkzeugwechsler.de\/wp-content\/uploads\/2024\/11\/gcOnlineDirectory-5-2.png","contentUrl":"https:\/\/miksch-werkzeugwechsler.de\/wp-content\/uploads\/2024\/11\/gcOnlineDirectory-5-2.png","width":227,"height":48,"caption":"MIKSCH GmbH"},"image":{"@id":"https:\/\/miksch-werkzeugwechsler.de\/#\/schema\/logo\/image\/"},"sameAs":["https:\/\/www.facebook.com\/people\/Miksch-GmbH\/100066497170541\/","https:\/\/au.linkedin.com\/company\/miksch-gmbh"]}]}},"_links":{"self":[{"href":"https:\/\/miksch-werkzeugwechsler.de\/en\/wp-json\/wp\/v2\/pages\/4571","targetHints":{"allow":["GET"]}}],"collection":[{"href":"https:\/\/miksch-werkzeugwechsler.de\/en\/wp-json\/wp\/v2\/pages"}],"about":[{"href":"https:\/\/miksch-werkzeugwechsler.de\/en\/wp-json\/wp\/v2\/types\/page"}],"author":[{"embeddable":true,"href":"https:\/\/miksch-werkzeugwechsler.de\/en\/wp-json\/wp\/v2\/users\/4"}],"replies":[{"embeddable":true,"href":"https:\/\/miksch-werkzeugwechsler.de\/en\/wp-json\/wp\/v2\/comments?post=4571"}],"version-history":[{"count":5,"href":"https:\/\/miksch-werkzeugwechsler.de\/en\/wp-json\/wp\/v2\/pages\/4571\/revisions"}],"predecessor-version":[{"id":5624,"href":"https:\/\/miksch-werkzeugwechsler.de\/en\/wp-json\/wp\/v2\/pages\/4571\/revisions\/5624"}],"wp:featuredmedia":[{"embeddable":true,"href":"https:\/\/miksch-werkzeugwechsler.de\/en\/wp-json\/wp\/v2\/media\/5614"}],"wp:attachment":[{"href":"https:\/\/miksch-werkzeugwechsler.de\/en\/wp-json\/wp\/v2\/media?parent=4571"}],"curies":[{"name":"wp","href":"https:\/\/api.w.org\/{rel}","templated":true}]}}