{"id":3730,"date":"2024-11-25T10:59:38","date_gmt":"2024-11-25T09:59:38","guid":{"rendered":"https:\/\/miksch-werkzeugwechsler.de\/?post_type=product&#038;p=3730"},"modified":"2026-02-27T13:44:04","modified_gmt":"2026-02-27T12:44:04","slug":"engineering-fuer-kurvengetriebe-berechnung-bis-fertigung","status":"publish","type":"product","link":"https:\/\/miksch-werkzeugwechsler.de\/de\/produkt\/engineering-fuer-kurvengetriebe-berechnung-bis-fertigung\/","title":{"rendered":"Engineering f\u00fcr Kurvengetriebe"},"content":{"rendered":"<h2 class=\"title\" style=\"font-size: 24px;padding: 30px 0px 10px;\">Damit k\u00f6nnen Sie rechnen!<\/h2>\n<div class=\"responsive-columns\">\n<div>\n<h3 style=\"margin-bottom: 15px;\"><strong>Beratung<\/strong><\/h3>\n<ul>\n<li><img decoding=\"async\" class=\"alignnone size-full wp-image-3279\" src=\"https:\/\/miksch-werkzeugwechsler.de\/wp-content\/uploads\/2020\/06\/Frame-116.png\" alt=\"\" width=\"16\" height=\"12\" \/> gemeinsame Suche nach einem optimalen Antriebskonzept<\/li>\n<li><img decoding=\"async\" class=\"alignnone size-full wp-image-3279\" src=\"https:\/\/miksch-werkzeugwechsler.de\/wp-content\/uploads\/2020\/06\/Frame-116.png\" alt=\"\" width=\"16\" height=\"12\" \/> Besprechung konstruktiver Besonderheiten bei Kurvenantrieben<\/li>\n<\/ul>\n<\/div>\n<\/div>\n<p><a href=\"https:\/\/miksch-werkzeugwechsler.de\/wp-content\/uploads\/2025\/01\/karriere-stellenangebot-1-miksch-e1737379579943.webp\"><img decoding=\"async\" class=\"alignnone wp-image-4267\" src=\"https:\/\/miksch-werkzeugwechsler.de\/wp-content\/uploads\/2025\/01\/karriere-stellenangebot-1-miksch-e1737379579943-1024x677.webp\" alt=\"\" width=\"516\" height=\"341\" srcset=\"https:\/\/miksch-werkzeugwechsler.de\/wp-content\/uploads\/2025\/01\/karriere-stellenangebot-1-miksch-e1737379579943-1024x677.webp 1024w, https:\/\/miksch-werkzeugwechsler.de\/wp-content\/uploads\/2025\/01\/karriere-stellenangebot-1-miksch-e1737379579943-300x198.webp 300w, https:\/\/miksch-werkzeugwechsler.de\/wp-content\/uploads\/2025\/01\/karriere-stellenangebot-1-miksch-e1737379579943-768x508.webp 768w, https:\/\/miksch-werkzeugwechsler.de\/wp-content\/uploads\/2025\/01\/karriere-stellenangebot-1-miksch-e1737379579943-1536x1016.webp 1536w, https:\/\/miksch-werkzeugwechsler.de\/wp-content\/uploads\/2025\/01\/karriere-stellenangebot-1-miksch-e1737379579943-2048x1355.webp 2048w, https:\/\/miksch-werkzeugwechsler.de\/wp-content\/uploads\/2025\/01\/karriere-stellenangebot-1-miksch-e1737379579943-500x331.webp 500w\" sizes=\"(max-width: 516px) 100vw, 516px\" \/><\/a><\/p>\n<h3><strong>Auslegung<\/strong><\/h3>\n<div class=\"responsive-columns\">\n<div>\n<ul>\n<li><img decoding=\"async\" class=\"alignnone size-full wp-image-3279\" src=\"https:\/\/miksch-werkzeugwechsler.de\/wp-content\/uploads\/2020\/06\/Frame-116.png\" alt=\"\" width=\"16\" height=\"12\" \/> Bewegungsdesign an Ihrem Arbeitsorgan<\/li>\n<li><img decoding=\"async\" class=\"alignnone size-full wp-image-3279\" src=\"https:\/\/miksch-werkzeugwechsler.de\/wp-content\/uploads\/2020\/06\/Frame-116.png\" alt=\"\" width=\"16\" height=\"12\" \/> Auswahl Bewegungsfunktionen abh\u00e4ngig von Ihren Anforderungen (harmonische Bewegungen, schwingungsarm, ger\u00e4uschoptimiert etc.)<\/li>\n<li><img decoding=\"async\" class=\"alignnone size-full wp-image-3279\" src=\"https:\/\/miksch-werkzeugwechsler.de\/wp-content\/uploads\/2020\/06\/Frame-116.png\" alt=\"\" width=\"16\" height=\"12\" \/> Kollisionskontrolle mehrerer Bewegungen<\/li>\n<\/ul>\n<\/div>\n<\/div>\n<p><a href=\"https:\/\/miksch-werkzeugwechsler.de\/wp-content\/uploads\/2025\/01\/kurvengetriebe-pendelbewegung-auswahl-empfehlung-miksch-e1737381171974.webp\"><img decoding=\"async\" class=\"alignnone wp-image-4262\" src=\"https:\/\/miksch-werkzeugwechsler.de\/wp-content\/uploads\/2025\/01\/kurvengetriebe-pendelbewegung-auswahl-empfehlung-miksch-e1737381171974-300x154.webp\" alt=\"\" width=\"1172\" height=\"601\" srcset=\"https:\/\/miksch-werkzeugwechsler.de\/wp-content\/uploads\/2025\/01\/kurvengetriebe-pendelbewegung-auswahl-empfehlung-miksch-e1737381171974-300x154.webp 300w, https:\/\/miksch-werkzeugwechsler.de\/wp-content\/uploads\/2025\/01\/kurvengetriebe-pendelbewegung-auswahl-empfehlung-miksch-e1737381171974-1024x526.webp 1024w, https:\/\/miksch-werkzeugwechsler.de\/wp-content\/uploads\/2025\/01\/kurvengetriebe-pendelbewegung-auswahl-empfehlung-miksch-e1737381171974-768x394.webp 768w, https:\/\/miksch-werkzeugwechsler.de\/wp-content\/uploads\/2025\/01\/kurvengetriebe-pendelbewegung-auswahl-empfehlung-miksch-e1737381171974-1536x788.webp 1536w, https:\/\/miksch-werkzeugwechsler.de\/wp-content\/uploads\/2025\/01\/kurvengetriebe-pendelbewegung-auswahl-empfehlung-miksch-e1737381171974-2048x1051.webp 2048w, https:\/\/miksch-werkzeugwechsler.de\/wp-content\/uploads\/2025\/01\/kurvengetriebe-pendelbewegung-auswahl-empfehlung-miksch-e1737381171974-500x257.webp 500w\" sizes=\"(max-width: 1172px) 100vw, 1172px\" \/><\/a><\/p>\n<p><!--more--><\/p>\n<p><a href=\"https:\/\/miksch-werkzeugwechsler.de\/wp-content\/uploads\/2025\/02\/Auswahlmatrix_Kurvengetriebe_Schrittbewegungen_2500pixel.webp\"><img decoding=\"async\" class=\"alignnone wp-image-4403\" src=\"https:\/\/miksch-werkzeugwechsler.de\/wp-content\/uploads\/2025\/02\/Auswahlmatrix_Kurvengetriebe_Schrittbewegungen_2500pixel-300x226.webp\" alt=\"\" width=\"1174\" height=\"885\" srcset=\"https:\/\/miksch-werkzeugwechsler.de\/wp-content\/uploads\/2025\/02\/Auswahlmatrix_Kurvengetriebe_Schrittbewegungen_2500pixel-300x226.webp 300w, https:\/\/miksch-werkzeugwechsler.de\/wp-content\/uploads\/2025\/02\/Auswahlmatrix_Kurvengetriebe_Schrittbewegungen_2500pixel-1024x772.webp 1024w, https:\/\/miksch-werkzeugwechsler.de\/wp-content\/uploads\/2025\/02\/Auswahlmatrix_Kurvengetriebe_Schrittbewegungen_2500pixel-768x579.webp 768w, https:\/\/miksch-werkzeugwechsler.de\/wp-content\/uploads\/2025\/02\/Auswahlmatrix_Kurvengetriebe_Schrittbewegungen_2500pixel-1536x1158.webp 1536w, https:\/\/miksch-werkzeugwechsler.de\/wp-content\/uploads\/2025\/02\/Auswahlmatrix_Kurvengetriebe_Schrittbewegungen_2500pixel-2048x1544.webp 2048w, https:\/\/miksch-werkzeugwechsler.de\/wp-content\/uploads\/2025\/02\/Auswahlmatrix_Kurvengetriebe_Schrittbewegungen_2500pixel-500x377.webp 500w\" sizes=\"(max-width: 1174px) 100vw, 1174px\" \/><\/a><\/p>\n<h3><strong>Berechnung<\/strong><\/h3>\n<div class=\"responsive-columns\">\n<div>\n<ul>\n<li><img decoding=\"async\" class=\"alignnone size-full wp-image-3279\" src=\"https:\/\/miksch-werkzeugwechsler.de\/wp-content\/uploads\/2020\/06\/Frame-116.png\" alt=\"\" width=\"16\" height=\"12\" \/> Festlegung der Hauptabmessungen<\/li>\n<li><img decoding=\"async\" class=\"alignnone size-full wp-image-3279\" src=\"https:\/\/miksch-werkzeugwechsler.de\/wp-content\/uploads\/2020\/06\/Frame-116.png\" alt=\"\" width=\"16\" height=\"12\" \/> Kontrolle der geometrischen Realisierbarkeit<\/li>\n<li><img decoding=\"async\" class=\"alignnone size-full wp-image-3279\" src=\"https:\/\/miksch-werkzeugwechsler.de\/wp-content\/uploads\/2020\/06\/Frame-116.png\" alt=\"\" width=\"16\" height=\"12\" \/> An- und Abtriebsbelastungen aus Massen und Kr\u00e4fte<\/li>\n<li><img decoding=\"async\" class=\"alignnone size-full wp-image-3279\" src=\"https:\/\/miksch-werkzeugwechsler.de\/wp-content\/uploads\/2020\/06\/Frame-116.png\" alt=\"\" width=\"16\" height=\"12\" \/> Auswahl der Rolle abh\u00e4ngig von der erforderlichen Lebensdauer<\/li>\n<li><img decoding=\"async\" class=\"alignnone size-full wp-image-3279\" src=\"https:\/\/miksch-werkzeugwechsler.de\/wp-content\/uploads\/2020\/06\/Frame-116.png\" alt=\"\" width=\"16\" height=\"12\" \/> Dokumentation der Berechnung f\u00fcr Ihre Unterlagen<\/li>\n<li><img decoding=\"async\" class=\"alignnone size-full wp-image-3279\" src=\"https:\/\/miksch-werkzeugwechsler.de\/wp-content\/uploads\/2020\/06\/Frame-116.png\" alt=\"\" width=\"16\" height=\"12\" \/> Koordinaten der Rolle-\/Kurvenbahn f\u00fcr Ihre Fertigung<\/li>\n<li><img decoding=\"async\" class=\"alignnone size-full wp-image-3279\" src=\"https:\/\/miksch-werkzeugwechsler.de\/wp-content\/uploads\/2020\/06\/Frame-116.png\" alt=\"\" width=\"16\" height=\"12\" \/> Fertigungsgerechte Zeichnung f\u00fcr unsere Fertigung<\/li>\n<\/ul>\n<\/div>\n<\/div>\n<h3><strong>Optimierung<\/strong><\/h3>\n<ul>\n<li><img decoding=\"async\" class=\"alignnone size-full wp-image-3279\" src=\"https:\/\/miksch-werkzeugwechsler.de\/wp-content\/uploads\/2020\/06\/Frame-116.png\" alt=\"\" width=\"16\" height=\"12\" \/> \u00dcberpr\u00fcfung und Neuberechnung der Bewegungsabl\u00e4ufe und Kurvengetriebe zur Leistungssteigerung bestehender Anlagen<\/li>\n<\/ul>\n<h3><strong>Erfahrung<\/strong><\/h3>\n<ul>\n<li><img decoding=\"async\" class=\"alignnone size-full wp-image-3279\" src=\"https:\/\/miksch-werkzeugwechsler.de\/wp-content\/uploads\/2020\/06\/Frame-116.png\" alt=\"\" width=\"16\" height=\"12\" \/> Seit ca. 1970 rechnergest\u00fctztes Bewegungsdesign und Entwicklung von Kurven<\/li>\n<li><img decoding=\"async\" class=\"alignnone size-full wp-image-3279\" src=\"https:\/\/miksch-werkzeugwechsler.de\/wp-content\/uploads\/2020\/06\/Frame-116.png\" alt=\"\" width=\"16\" height=\"12\" \/> Bewegungsdesign und Kurvenl\u00f6sungen in den unterschiedlichsten Branchen<\/li>\n<\/ul>\n<p><a href=\"https:\/\/miksch-werkzeugwechsler.de\/wp-content\/uploads\/2024\/11\/AM_Portraet_2500pixel.webp\"><img decoding=\"async\" class=\"alignnone wp-image-4404\" src=\"https:\/\/miksch-werkzeugwechsler.de\/wp-content\/uploads\/2024\/11\/AM_Portraet_2500pixel-300x200.webp\" alt=\"\" width=\"557\" height=\"371\" srcset=\"https:\/\/miksch-werkzeugwechsler.de\/wp-content\/uploads\/2024\/11\/AM_Portraet_2500pixel-300x200.webp 300w, https:\/\/miksch-werkzeugwechsler.de\/wp-content\/uploads\/2024\/11\/AM_Portraet_2500pixel-1024x683.webp 1024w, https:\/\/miksch-werkzeugwechsler.de\/wp-content\/uploads\/2024\/11\/AM_Portraet_2500pixel-768x512.webp 768w, https:\/\/miksch-werkzeugwechsler.de\/wp-content\/uploads\/2024\/11\/AM_Portraet_2500pixel-1536x1024.webp 1536w, https:\/\/miksch-werkzeugwechsler.de\/wp-content\/uploads\/2024\/11\/AM_Portraet_2500pixel-2048x1366.webp 2048w, https:\/\/miksch-werkzeugwechsler.de\/wp-content\/uploads\/2024\/11\/AM_Portraet_2500pixel-500x333.webp 500w\" sizes=\"(max-width: 557px) 100vw, 557px\" \/><\/a><\/p>\n<h3><strong>Bewegungsfunktionen<\/strong><\/h3>\n<ul>\n<li><img decoding=\"async\" class=\"alignnone size-full wp-image-3279\" src=\"https:\/\/miksch-werkzeugwechsler.de\/wp-content\/uploads\/2020\/06\/Frame-116.png\" alt=\"\" width=\"16\" height=\"12\" \/> Nach VDI-Richtlinie 2143<\/li>\n<li><img decoding=\"async\" class=\"alignnone size-full wp-image-3279\" src=\"https:\/\/miksch-werkzeugwechsler.de\/wp-content\/uploads\/2020\/06\/Frame-116.png\" alt=\"\" width=\"16\" height=\"12\" \/> Eigenentwicklungen aufbauend auf VDI 2143<\/li>\n<li><img decoding=\"async\" class=\"alignnone size-full wp-image-3279\" src=\"https:\/\/miksch-werkzeugwechsler.de\/wp-content\/uploads\/2020\/06\/Frame-116.png\" alt=\"\" width=\"16\" height=\"12\" \/> Eigenentwicklungen f\u00fcr schwingungsarmen Bewegungsablauf<\/li>\n<li><img decoding=\"async\" class=\"alignnone size-full wp-image-3279\" src=\"https:\/\/miksch-werkzeugwechsler.de\/wp-content\/uploads\/2020\/06\/Frame-116.png\" alt=\"\" width=\"16\" height=\"12\" \/> Splinefunktionen<\/li>\n<\/ul>\n<h3><strong>Software<\/strong><\/h3>\n<ul>\n<li><img decoding=\"async\" class=\"alignnone size-full wp-image-3279\" src=\"https:\/\/miksch-werkzeugwechsler.de\/wp-content\/uploads\/2020\/06\/Frame-116.png\" alt=\"\" width=\"16\" height=\"12\" \/> Eigenentwicklungen unserer Kurvenspezialisten mit st\u00e4ndiger Weiterentwicklung<\/li>\n<li><img decoding=\"async\" class=\"alignnone size-full wp-image-3279\" src=\"https:\/\/miksch-werkzeugwechsler.de\/wp-content\/uploads\/2020\/06\/Frame-116.png\" alt=\"\" width=\"16\" height=\"12\" \/> Anpassung an neue Kurvenanforderungen<\/li>\n<li><img decoding=\"async\" class=\"alignnone size-full wp-image-3279\" src=\"https:\/\/miksch-werkzeugwechsler.de\/wp-content\/uploads\/2020\/06\/Frame-116.png\" alt=\"\" width=\"16\" height=\"12\" \/> Anbindung an CAD mit Ausgabe der Kurvenprofile auf CAD Standardformate<\/li>\n<\/ul>\n","protected":false},"excerpt":{"rendered":"<p>Bewegungsdesign und Kurvenentwicklung als Dienstleistung.<br \/>\nDer modulare Aufbau unserer Dienstleistung bietet ein breites kundenorientiertes Angebot. Dies besteht aus Beratung, Auslegung, Berechnung und Fertigung.\u2028W\u00e4hlen Sie einzelne Module oder eine komplette L\u00f6sung aus unserer Hand.<\/p>\n<p>Sie ben\u00f6tigen erste Technische Daten oder Details? Kein Problem. Lassen Sie uns hierzu einfach eine v\u00f6llig unverbindliche \u201cAnfrage\u201d zukommen und wir helfen Ihnen weiter.<\/p>\n<p>Unter &#8222;Download&#8220; finden Sie erste technische Informationen zum Produkt.<\/p>\n<div id=\"linkContainer\">\n<ul>\n<li><a href=\"\/wp-content\/uploads\/2025\/01\/kurvengetriebe-pendelbewegung-auswahl-empfehlung-miksch-e1737381171974.webp\" target=\"_blank\" rel=\"noopener\">Auswahlmatrix Kurvengetriebe<\/a><\/li>\n<li><a href=\"\/wp-content\/uploads\/2025\/02\/Auswahlmatrix_Kurvengetriebe_Schrittbewegungen_2500pixel.webp\" target=\"_blank\" rel=\"noopener\">Auswahlmatrix Schrittgetriebe<\/a><\/li>\n<\/ul>\n<\/div>\n","protected":false},"featured_media":4320,"comment_status":"closed","ping_status":"closed","template":"","meta":{"_acf_changed":false},"product_brand":[],"product_cat":[82],"class_list":{"0":"post-3730","1":"product","2":"type-product","3":"status-publish","4":"has-post-thumbnail","6":"product_cat-kurvengetriebe","8":"first","9":"instock","10":"shipping-taxable","11":"product-type-external"},"acf":[],"yoast_head":"<!-- This site is optimized with the Yoast SEO plugin v27.3 - https:\/\/yoast.com\/product\/yoast-seo-wordpress\/ -->\n<title>Engineering f\u00fcr Kurvengetriebe<\/title>\n<meta name=\"description\" content=\"MIKSCH bietet ma\u00dfgeschneiderte Engineering-Dienstleistungen f\u00fcr Entwicklung und Optimierung von Kurvengetrieben, von der Berechnung bis zur Fertigung.\" \/>\n<meta name=\"robots\" content=\"noindex, follow, max-snippet:-1, max-image-preview:large, max-video-preview:-1\" \/>\n<meta property=\"og:locale\" content=\"de_DE\" \/>\n<meta property=\"og:type\" content=\"article\" \/>\n<meta property=\"og:title\" content=\"Engineering f\u00fcr Kurvengetriebe\" \/>\n<meta property=\"og:description\" content=\"MIKSCH bietet ma\u00dfgeschneiderte Engineering-Dienstleistungen f\u00fcr Entwicklung und Optimierung von Kurvengetrieben, von der Berechnung bis zur Fertigung.\" \/>\n<meta property=\"og:url\" content=\"https:\/\/miksch-werkzeugwechsler.de\/de\/produkt\/engineering-fuer-kurvengetriebe-berechnung-bis-fertigung\/\" \/>\n<meta property=\"og:site_name\" content=\"MIKSCH - accelerates\" \/>\n<meta property=\"article:publisher\" content=\"https:\/\/www.facebook.com\/people\/Miksch-GmbH\/100066497170541\/\" \/>\n<meta property=\"article:modified_time\" content=\"2026-02-27T12:44:04+00:00\" \/>\n<meta property=\"og:image\" content=\"https:\/\/miksch-werkzeugwechsler.de\/wp-content\/uploads\/2025\/01\/kurvengetriebe-schrittgetriebe-einbausatz-miksch-Vors.webp\" \/>\n\t<meta property=\"og:image:width\" content=\"350\" \/>\n\t<meta property=\"og:image:height\" content=\"350\" \/>\n\t<meta property=\"og:image:type\" content=\"image\/webp\" \/>\n<meta name=\"twitter:card\" content=\"summary_large_image\" \/>\n<meta name=\"twitter:label1\" content=\"Gesch\u00e4tzte Lesezeit\" \/>\n\t<meta name=\"twitter:data1\" content=\"7\u00a0Minuten\" \/>\n<script type=\"application\/ld+json\" class=\"yoast-schema-graph\">{\"@context\":\"https:\\\/\\\/schema.org\",\"@graph\":[{\"@type\":\"WebPage\",\"@id\":\"https:\\\/\\\/miksch-werkzeugwechsler.de\\\/produkt\\\/engineering-fuer-kurvengetriebe-berechnung-bis-fertigung\\\/\",\"url\":\"https:\\\/\\\/miksch-werkzeugwechsler.de\\\/produkt\\\/engineering-fuer-kurvengetriebe-berechnung-bis-fertigung\\\/\",\"name\":\"Engineering f\u00fcr Kurvengetriebe\",\"isPartOf\":{\"@id\":\"https:\\\/\\\/miksch-werkzeugwechsler.de\\\/#website\"},\"primaryImageOfPage\":{\"@id\":\"https:\\\/\\\/miksch-werkzeugwechsler.de\\\/produkt\\\/engineering-fuer-kurvengetriebe-berechnung-bis-fertigung\\\/#primaryimage\"},\"image\":{\"@id\":\"https:\\\/\\\/miksch-werkzeugwechsler.de\\\/produkt\\\/engineering-fuer-kurvengetriebe-berechnung-bis-fertigung\\\/#primaryimage\"},\"thumbnailUrl\":\"https:\\\/\\\/miksch-werkzeugwechsler.de\\\/wp-content\\\/uploads\\\/2025\\\/01\\\/kurvengetriebe-schrittgetriebe-einbausatz-miksch-Vors.webp\",\"datePublished\":\"2024-11-25T09:59:38+00:00\",\"dateModified\":\"2026-02-27T12:44:04+00:00\",\"description\":\"MIKSCH bietet ma\u00dfgeschneiderte Engineering-Dienstleistungen f\u00fcr Entwicklung und Optimierung von Kurvengetrieben, von der Berechnung bis zur Fertigung.\",\"breadcrumb\":{\"@id\":\"https:\\\/\\\/miksch-werkzeugwechsler.de\\\/produkt\\\/engineering-fuer-kurvengetriebe-berechnung-bis-fertigung\\\/#breadcrumb\"},\"inLanguage\":\"de\",\"potentialAction\":[{\"@type\":\"ReadAction\",\"target\":[\"https:\\\/\\\/miksch-werkzeugwechsler.de\\\/produkt\\\/engineering-fuer-kurvengetriebe-berechnung-bis-fertigung\\\/\"]}]},{\"@type\":\"ImageObject\",\"inLanguage\":\"de\",\"@id\":\"https:\\\/\\\/miksch-werkzeugwechsler.de\\\/produkt\\\/engineering-fuer-kurvengetriebe-berechnung-bis-fertigung\\\/#primaryimage\",\"url\":\"https:\\\/\\\/miksch-werkzeugwechsler.de\\\/wp-content\\\/uploads\\\/2025\\\/01\\\/kurvengetriebe-schrittgetriebe-einbausatz-miksch-Vors.webp\",\"contentUrl\":\"https:\\\/\\\/miksch-werkzeugwechsler.de\\\/wp-content\\\/uploads\\\/2025\\\/01\\\/kurvengetriebe-schrittgetriebe-einbausatz-miksch-Vors.webp\",\"width\":350,\"height\":350,\"caption\":\"Einbausatz f\u00fcr ein Kurvengetriebe mit Schrittbewegung.\"},{\"@type\":\"BreadcrumbList\",\"@id\":\"https:\\\/\\\/miksch-werkzeugwechsler.de\\\/produkt\\\/engineering-fuer-kurvengetriebe-berechnung-bis-fertigung\\\/#breadcrumb\",\"itemListElement\":[{\"@type\":\"ListItem\",\"position\":1,\"name\":\"Home\",\"item\":\"https:\\\/\\\/miksch-werkzeugwechsler.de\\\/\"},{\"@type\":\"ListItem\",\"position\":2,\"name\":\"Produkte\",\"item\":\"https:\\\/\\\/miksch-werkzeugwechsler.de\\\/shop\\\/\"},{\"@type\":\"ListItem\",\"position\":3,\"name\":\"Engineering f\u00fcr Kurvengetriebe\"}]},{\"@type\":\"WebSite\",\"@id\":\"https:\\\/\\\/miksch-werkzeugwechsler.de\\\/#website\",\"url\":\"https:\\\/\\\/miksch-werkzeugwechsler.de\\\/\",\"name\":\"MIKSCH GmbH\",\"description\":\"\",\"publisher\":{\"@id\":\"https:\\\/\\\/miksch-werkzeugwechsler.de\\\/#organization\"},\"potentialAction\":[{\"@type\":\"SearchAction\",\"target\":{\"@type\":\"EntryPoint\",\"urlTemplate\":\"https:\\\/\\\/miksch-werkzeugwechsler.de\\\/?s={search_term_string}\"},\"query-input\":{\"@type\":\"PropertyValueSpecification\",\"valueRequired\":true,\"valueName\":\"search_term_string\"}}],\"inLanguage\":\"de\"},{\"@type\":\"Organization\",\"@id\":\"https:\\\/\\\/miksch-werkzeugwechsler.de\\\/#organization\",\"name\":\"MIKSCH GmbH\",\"url\":\"https:\\\/\\\/miksch-werkzeugwechsler.de\\\/\",\"logo\":{\"@type\":\"ImageObject\",\"inLanguage\":\"de\",\"@id\":\"https:\\\/\\\/miksch-werkzeugwechsler.de\\\/#\\\/schema\\\/logo\\\/image\\\/\",\"url\":\"https:\\\/\\\/miksch-werkzeugwechsler.de\\\/wp-content\\\/uploads\\\/2024\\\/11\\\/gcOnlineDirectory-5-2.png\",\"contentUrl\":\"https:\\\/\\\/miksch-werkzeugwechsler.de\\\/wp-content\\\/uploads\\\/2024\\\/11\\\/gcOnlineDirectory-5-2.png\",\"width\":227,\"height\":48,\"caption\":\"MIKSCH GmbH\"},\"image\":{\"@id\":\"https:\\\/\\\/miksch-werkzeugwechsler.de\\\/#\\\/schema\\\/logo\\\/image\\\/\"},\"sameAs\":[\"https:\\\/\\\/www.facebook.com\\\/people\\\/Miksch-GmbH\\\/100066497170541\\\/\",\"https:\\\/\\\/au.linkedin.com\\\/company\\\/miksch-gmbh\"]}]}<\/script>\n<!-- \/ Yoast SEO plugin. -->","yoast_head_json":{"title":"Engineering f\u00fcr Kurvengetriebe","description":"MIKSCH bietet ma\u00dfgeschneiderte Engineering-Dienstleistungen f\u00fcr Entwicklung und Optimierung von Kurvengetrieben, von der Berechnung bis zur Fertigung.","robots":{"index":"noindex","follow":"follow","max-snippet":"max-snippet:-1","max-image-preview":"max-image-preview:large","max-video-preview":"max-video-preview:-1"},"og_locale":"de_DE","og_type":"article","og_title":"Engineering f\u00fcr Kurvengetriebe","og_description":"MIKSCH bietet ma\u00dfgeschneiderte Engineering-Dienstleistungen f\u00fcr Entwicklung und Optimierung von Kurvengetrieben, von der Berechnung bis zur Fertigung.","og_url":"https:\/\/miksch-werkzeugwechsler.de\/de\/produkt\/engineering-fuer-kurvengetriebe-berechnung-bis-fertigung\/","og_site_name":"MIKSCH - accelerates","article_publisher":"https:\/\/www.facebook.com\/people\/Miksch-GmbH\/100066497170541\/","article_modified_time":"2026-02-27T12:44:04+00:00","og_image":[{"width":350,"height":350,"url":"https:\/\/miksch-werkzeugwechsler.de\/wp-content\/uploads\/2025\/01\/kurvengetriebe-schrittgetriebe-einbausatz-miksch-Vors.webp","type":"image\/webp"}],"twitter_card":"summary_large_image","twitter_misc":{"Gesch\u00e4tzte Lesezeit":"7\u00a0Minuten"},"schema":{"@context":"https:\/\/schema.org","@graph":[{"@type":"WebPage","@id":"https:\/\/miksch-werkzeugwechsler.de\/produkt\/engineering-fuer-kurvengetriebe-berechnung-bis-fertigung\/","url":"https:\/\/miksch-werkzeugwechsler.de\/produkt\/engineering-fuer-kurvengetriebe-berechnung-bis-fertigung\/","name":"Engineering f\u00fcr Kurvengetriebe","isPartOf":{"@id":"https:\/\/miksch-werkzeugwechsler.de\/#website"},"primaryImageOfPage":{"@id":"https:\/\/miksch-werkzeugwechsler.de\/produkt\/engineering-fuer-kurvengetriebe-berechnung-bis-fertigung\/#primaryimage"},"image":{"@id":"https:\/\/miksch-werkzeugwechsler.de\/produkt\/engineering-fuer-kurvengetriebe-berechnung-bis-fertigung\/#primaryimage"},"thumbnailUrl":"https:\/\/miksch-werkzeugwechsler.de\/wp-content\/uploads\/2025\/01\/kurvengetriebe-schrittgetriebe-einbausatz-miksch-Vors.webp","datePublished":"2024-11-25T09:59:38+00:00","dateModified":"2026-02-27T12:44:04+00:00","description":"MIKSCH bietet ma\u00dfgeschneiderte Engineering-Dienstleistungen f\u00fcr Entwicklung und Optimierung von Kurvengetrieben, von der Berechnung bis zur Fertigung.","breadcrumb":{"@id":"https:\/\/miksch-werkzeugwechsler.de\/produkt\/engineering-fuer-kurvengetriebe-berechnung-bis-fertigung\/#breadcrumb"},"inLanguage":"de","potentialAction":[{"@type":"ReadAction","target":["https:\/\/miksch-werkzeugwechsler.de\/produkt\/engineering-fuer-kurvengetriebe-berechnung-bis-fertigung\/"]}]},{"@type":"ImageObject","inLanguage":"de","@id":"https:\/\/miksch-werkzeugwechsler.de\/produkt\/engineering-fuer-kurvengetriebe-berechnung-bis-fertigung\/#primaryimage","url":"https:\/\/miksch-werkzeugwechsler.de\/wp-content\/uploads\/2025\/01\/kurvengetriebe-schrittgetriebe-einbausatz-miksch-Vors.webp","contentUrl":"https:\/\/miksch-werkzeugwechsler.de\/wp-content\/uploads\/2025\/01\/kurvengetriebe-schrittgetriebe-einbausatz-miksch-Vors.webp","width":350,"height":350,"caption":"Einbausatz f\u00fcr ein Kurvengetriebe mit Schrittbewegung."},{"@type":"BreadcrumbList","@id":"https:\/\/miksch-werkzeugwechsler.de\/produkt\/engineering-fuer-kurvengetriebe-berechnung-bis-fertigung\/#breadcrumb","itemListElement":[{"@type":"ListItem","position":1,"name":"Home","item":"https:\/\/miksch-werkzeugwechsler.de\/"},{"@type":"ListItem","position":2,"name":"Produkte","item":"https:\/\/miksch-werkzeugwechsler.de\/shop\/"},{"@type":"ListItem","position":3,"name":"Engineering f\u00fcr Kurvengetriebe"}]},{"@type":"WebSite","@id":"https:\/\/miksch-werkzeugwechsler.de\/#website","url":"https:\/\/miksch-werkzeugwechsler.de\/","name":"MIKSCH GmbH","description":"","publisher":{"@id":"https:\/\/miksch-werkzeugwechsler.de\/#organization"},"potentialAction":[{"@type":"SearchAction","target":{"@type":"EntryPoint","urlTemplate":"https:\/\/miksch-werkzeugwechsler.de\/?s={search_term_string}"},"query-input":{"@type":"PropertyValueSpecification","valueRequired":true,"valueName":"search_term_string"}}],"inLanguage":"de"},{"@type":"Organization","@id":"https:\/\/miksch-werkzeugwechsler.de\/#organization","name":"MIKSCH GmbH","url":"https:\/\/miksch-werkzeugwechsler.de\/","logo":{"@type":"ImageObject","inLanguage":"de","@id":"https:\/\/miksch-werkzeugwechsler.de\/#\/schema\/logo\/image\/","url":"https:\/\/miksch-werkzeugwechsler.de\/wp-content\/uploads\/2024\/11\/gcOnlineDirectory-5-2.png","contentUrl":"https:\/\/miksch-werkzeugwechsler.de\/wp-content\/uploads\/2024\/11\/gcOnlineDirectory-5-2.png","width":227,"height":48,"caption":"MIKSCH GmbH"},"image":{"@id":"https:\/\/miksch-werkzeugwechsler.de\/#\/schema\/logo\/image\/"},"sameAs":["https:\/\/www.facebook.com\/people\/Miksch-GmbH\/100066497170541\/","https:\/\/au.linkedin.com\/company\/miksch-gmbh"]}]}},"_links":{"self":[{"href":"https:\/\/miksch-werkzeugwechsler.de\/de\/wp-json\/wp\/v2\/product\/3730","targetHints":{"allow":["GET"]}}],"collection":[{"href":"https:\/\/miksch-werkzeugwechsler.de\/de\/wp-json\/wp\/v2\/product"}],"about":[{"href":"https:\/\/miksch-werkzeugwechsler.de\/de\/wp-json\/wp\/v2\/types\/product"}],"replies":[{"embeddable":true,"href":"https:\/\/miksch-werkzeugwechsler.de\/de\/wp-json\/wp\/v2\/comments?post=3730"}],"wp:featuredmedia":[{"embeddable":true,"href":"https:\/\/miksch-werkzeugwechsler.de\/de\/wp-json\/wp\/v2\/media\/4320"}],"wp:attachment":[{"href":"https:\/\/miksch-werkzeugwechsler.de\/de\/wp-json\/wp\/v2\/media?parent=3730"}],"wp:term":[{"taxonomy":"product_brand","embeddable":true,"href":"https:\/\/miksch-werkzeugwechsler.de\/de\/wp-json\/wp\/v2\/product_brand?post=3730"},{"taxonomy":"product_cat","embeddable":true,"href":"https:\/\/miksch-werkzeugwechsler.de\/de\/wp-json\/wp\/v2\/product_cat?post=3730"}],"curies":[{"name":"wp","href":"https:\/\/api.w.org\/{rel}","templated":true}]}}