{"id":3728,"date":"2024-11-25T10:04:06","date_gmt":"2024-11-25T09:04:06","guid":{"rendered":"https:\/\/miksch-werkzeugwechsler.de\/?post_type=product&#038;p=3728"},"modified":"2026-02-11T10:10:28","modified_gmt":"2026-02-11T09:10:28","slug":"pendelbewegungen-funktionsweise-von-pendelgetrieben","status":"publish","type":"product","link":"https:\/\/miksch-werkzeugwechsler.de\/de\/produkt\/pendelbewegungen-funktionsweise-von-pendelgetrieben\/","title":{"rendered":"Pendelbewegungen &#8211; Funktionsweise"},"content":{"rendered":"<h3><\/h3>\n<h3>Der Bewegungsablauf ganz allgemein<\/h3>\n<p>Der <strong>Antrieb<\/strong> dreht sich kontinuierlich und erzeugt bei jeder Umdrehung einen Takt. Dabei werden die Bereiche Schaltwinkel und Rastwinkel durchlaufen.<br \/>\nDer <strong>Abtrieb<\/strong> f\u00fchrt eine Bewegung aus, wenn der Antrieb einen der Schaltwinkel durchl\u00e4uft und steht still, wenn der Antrieb einen der Rastwinkel durchl\u00e4uft. Die Gr\u00f6\u00dfe der Bewegung wird durch den Pendelwinkel bestimmt.<\/p>\n<p>Die Bewegung des Abtriebs wird durch ein\u00a0Bewegungsgesetz\u00a0bestimmt. Dabei handelt es sich um eine mathematische Funktion, welche f\u00fcr jede Stellung des Antriebs die zugeh\u00f6rige Stellung des Abtriebs festlegt. Bei Vorgabe einer Antriebsdrehzahl werden so auch Geschwindigkeit und Beschleunigung des Abtriebs ermittelt.<\/p>\n<p>Die Bewegungsgesetze unserer\u00a0Pendelgetriebe sind so gew\u00e4hlt, dass sich eine \u00e4u\u00dferst harmonische\u00a0<strong>sto\u00df- und ruckfreie Bewegung<\/strong>\u00a0ergibt.<\/p>\n","protected":false},"excerpt":{"rendered":"<p>Pendelgetriebe erzeugen aus einer gleichf\u00f6rmigen Drehbewegung des Antriebs Pendelbewegungen des Abtriebs.<\/p>\n<p>Sie ben\u00f6tigen erste Technische Daten oder Details? Kein Problem. Lassen Sie uns hierzu einfach eine v\u00f6llig unverbindliche \u201cAnfrage\u201d zukommen und wir helfen Ihnen weiter.<\/p>\n","protected":false},"featured_media":4318,"comment_status":"closed","ping_status":"closed","template":"","meta":{"_acf_changed":false},"product_brand":[],"product_cat":[82],"class_list":{"0":"post-3728","1":"product","2":"type-product","3":"status-publish","4":"has-post-thumbnail","6":"product_cat-kurvengetriebe","8":"first","9":"instock","10":"shipping-taxable","11":"product-type-external"},"acf":[],"yoast_head":"<!-- This site is optimized with the Yoast SEO plugin v27.3 - https:\/\/yoast.com\/product\/yoast-seo-wordpress\/ -->\n<title>Pendelbewegungen - Funktionsweise<\/title>\n<meta name=\"description\" content=\"Pendelbewegungen \/ Pendelantrieb - wie Pendelgetriebe aus kontinuierlicher Antriebsdrehung pr\u00e4zise Pendelbewegungen des Abtriebs erzeugen\" \/>\n<meta name=\"robots\" content=\"noindex, follow, max-snippet:-1, max-image-preview:large, max-video-preview:-1\" \/>\n<meta property=\"og:locale\" content=\"de_DE\" \/>\n<meta property=\"og:type\" content=\"article\" \/>\n<meta property=\"og:title\" content=\"Pendelbewegungen - Funktionsweise\" \/>\n<meta property=\"og:description\" content=\"Pendelbewegungen \/ Pendelantrieb - wie Pendelgetriebe aus kontinuierlicher Antriebsdrehung pr\u00e4zise Pendelbewegungen des Abtriebs erzeugen\" \/>\n<meta property=\"og:url\" content=\"https:\/\/miksch-werkzeugwechsler.de\/de\/produkt\/pendelbewegungen-funktionsweise-von-pendelgetrieben\/\" \/>\n<meta property=\"og:site_name\" content=\"MIKSCH - accelerates\" \/>\n<meta property=\"article:publisher\" content=\"https:\/\/www.facebook.com\/people\/Miksch-GmbH\/100066497170541\/\" \/>\n<meta property=\"article:modified_time\" content=\"2026-02-11T09:10:28+00:00\" \/>\n<meta property=\"og:image\" content=\"https:\/\/miksch-werkzeugwechsler.de\/wp-content\/uploads\/2025\/01\/kurvengetriebe-pendelgetriebe-scheibenkurve-miksch-Vors.webp\" \/>\n\t<meta property=\"og:image:width\" content=\"350\" \/>\n\t<meta property=\"og:image:height\" content=\"350\" \/>\n\t<meta property=\"og:image:type\" content=\"image\/webp\" \/>\n<meta name=\"twitter:card\" content=\"summary_large_image\" \/>\n<meta name=\"twitter:label1\" content=\"Gesch\u00e4tzte Lesezeit\" \/>\n\t<meta name=\"twitter:data1\" content=\"1\u00a0Minute\" \/>\n<script type=\"application\/ld+json\" class=\"yoast-schema-graph\">{\"@context\":\"https:\\\/\\\/schema.org\",\"@graph\":[{\"@type\":\"WebPage\",\"@id\":\"https:\\\/\\\/miksch-werkzeugwechsler.de\\\/de\\\/produkt\\\/pendelbewegungen-funktionsweise-von-pendelgetrieben\\\/\",\"url\":\"https:\\\/\\\/miksch-werkzeugwechsler.de\\\/de\\\/produkt\\\/pendelbewegungen-funktionsweise-von-pendelgetrieben\\\/\",\"name\":\"Pendelbewegungen - Funktionsweise\",\"isPartOf\":{\"@id\":\"https:\\\/\\\/miksch-werkzeugwechsler.de\\\/#website\"},\"primaryImageOfPage\":{\"@id\":\"https:\\\/\\\/miksch-werkzeugwechsler.de\\\/de\\\/produkt\\\/pendelbewegungen-funktionsweise-von-pendelgetrieben\\\/#primaryimage\"},\"image\":{\"@id\":\"https:\\\/\\\/miksch-werkzeugwechsler.de\\\/de\\\/produkt\\\/pendelbewegungen-funktionsweise-von-pendelgetrieben\\\/#primaryimage\"},\"thumbnailUrl\":\"https:\\\/\\\/miksch-werkzeugwechsler.de\\\/wp-content\\\/uploads\\\/2025\\\/01\\\/kurvengetriebe-pendelgetriebe-scheibenkurve-miksch-Vors.webp\",\"datePublished\":\"2024-11-25T09:04:06+00:00\",\"dateModified\":\"2026-02-11T09:10:28+00:00\",\"description\":\"Pendelbewegungen \\\/ Pendelantrieb - wie Pendelgetriebe aus kontinuierlicher Antriebsdrehung pr\u00e4zise Pendelbewegungen des Abtriebs erzeugen\",\"breadcrumb\":{\"@id\":\"https:\\\/\\\/miksch-werkzeugwechsler.de\\\/de\\\/produkt\\\/pendelbewegungen-funktionsweise-von-pendelgetrieben\\\/#breadcrumb\"},\"inLanguage\":\"de\",\"potentialAction\":[{\"@type\":\"ReadAction\",\"target\":[\"https:\\\/\\\/miksch-werkzeugwechsler.de\\\/de\\\/produkt\\\/pendelbewegungen-funktionsweise-von-pendelgetrieben\\\/\"]}]},{\"@type\":\"ImageObject\",\"inLanguage\":\"de\",\"@id\":\"https:\\\/\\\/miksch-werkzeugwechsler.de\\\/de\\\/produkt\\\/pendelbewegungen-funktionsweise-von-pendelgetrieben\\\/#primaryimage\",\"url\":\"https:\\\/\\\/miksch-werkzeugwechsler.de\\\/wp-content\\\/uploads\\\/2025\\\/01\\\/kurvengetriebe-pendelgetriebe-scheibenkurve-miksch-Vors.webp\",\"contentUrl\":\"https:\\\/\\\/miksch-werkzeugwechsler.de\\\/wp-content\\\/uploads\\\/2025\\\/01\\\/kurvengetriebe-pendelgetriebe-scheibenkurve-miksch-Vors.webp\",\"width\":350,\"height\":350,\"caption\":\"Kurvengetriebenes Pendelgetriebe mit Scheibenkurve f\u00fcr oszillierende Bewegungen.\"},{\"@type\":\"BreadcrumbList\",\"@id\":\"https:\\\/\\\/miksch-werkzeugwechsler.de\\\/de\\\/produkt\\\/pendelbewegungen-funktionsweise-von-pendelgetrieben\\\/#breadcrumb\",\"itemListElement\":[{\"@type\":\"ListItem\",\"position\":1,\"name\":\"Home\",\"item\":\"https:\\\/\\\/miksch-werkzeugwechsler.de\\\/\"},{\"@type\":\"ListItem\",\"position\":2,\"name\":\"Produkte\",\"item\":\"https:\\\/\\\/miksch-werkzeugwechsler.de\\\/shop\\\/\"},{\"@type\":\"ListItem\",\"position\":3,\"name\":\"Pendelbewegungen &#8211; Funktionsweise\"}]},{\"@type\":\"WebSite\",\"@id\":\"https:\\\/\\\/miksch-werkzeugwechsler.de\\\/#website\",\"url\":\"https:\\\/\\\/miksch-werkzeugwechsler.de\\\/\",\"name\":\"MIKSCH GmbH\",\"description\":\"\",\"publisher\":{\"@id\":\"https:\\\/\\\/miksch-werkzeugwechsler.de\\\/#organization\"},\"potentialAction\":[{\"@type\":\"SearchAction\",\"target\":{\"@type\":\"EntryPoint\",\"urlTemplate\":\"https:\\\/\\\/miksch-werkzeugwechsler.de\\\/?s={search_term_string}\"},\"query-input\":{\"@type\":\"PropertyValueSpecification\",\"valueRequired\":true,\"valueName\":\"search_term_string\"}}],\"inLanguage\":\"de\"},{\"@type\":\"Organization\",\"@id\":\"https:\\\/\\\/miksch-werkzeugwechsler.de\\\/#organization\",\"name\":\"MIKSCH GmbH\",\"url\":\"https:\\\/\\\/miksch-werkzeugwechsler.de\\\/\",\"logo\":{\"@type\":\"ImageObject\",\"inLanguage\":\"de\",\"@id\":\"https:\\\/\\\/miksch-werkzeugwechsler.de\\\/#\\\/schema\\\/logo\\\/image\\\/\",\"url\":\"https:\\\/\\\/miksch-werkzeugwechsler.de\\\/wp-content\\\/uploads\\\/2024\\\/11\\\/gcOnlineDirectory-5-2.png\",\"contentUrl\":\"https:\\\/\\\/miksch-werkzeugwechsler.de\\\/wp-content\\\/uploads\\\/2024\\\/11\\\/gcOnlineDirectory-5-2.png\",\"width\":227,\"height\":48,\"caption\":\"MIKSCH GmbH\"},\"image\":{\"@id\":\"https:\\\/\\\/miksch-werkzeugwechsler.de\\\/#\\\/schema\\\/logo\\\/image\\\/\"},\"sameAs\":[\"https:\\\/\\\/www.facebook.com\\\/people\\\/Miksch-GmbH\\\/100066497170541\\\/\",\"https:\\\/\\\/au.linkedin.com\\\/company\\\/miksch-gmbh\"]}]}<\/script>\n<!-- \/ Yoast SEO plugin. -->","yoast_head_json":{"title":"Pendelbewegungen - Funktionsweise","description":"Pendelbewegungen \/ Pendelantrieb - wie Pendelgetriebe aus kontinuierlicher Antriebsdrehung pr\u00e4zise Pendelbewegungen des Abtriebs erzeugen","robots":{"index":"noindex","follow":"follow","max-snippet":"max-snippet:-1","max-image-preview":"max-image-preview:large","max-video-preview":"max-video-preview:-1"},"og_locale":"de_DE","og_type":"article","og_title":"Pendelbewegungen - Funktionsweise","og_description":"Pendelbewegungen \/ Pendelantrieb - wie Pendelgetriebe aus kontinuierlicher Antriebsdrehung pr\u00e4zise Pendelbewegungen des Abtriebs erzeugen","og_url":"https:\/\/miksch-werkzeugwechsler.de\/de\/produkt\/pendelbewegungen-funktionsweise-von-pendelgetrieben\/","og_site_name":"MIKSCH - accelerates","article_publisher":"https:\/\/www.facebook.com\/people\/Miksch-GmbH\/100066497170541\/","article_modified_time":"2026-02-11T09:10:28+00:00","og_image":[{"width":350,"height":350,"url":"https:\/\/miksch-werkzeugwechsler.de\/wp-content\/uploads\/2025\/01\/kurvengetriebe-pendelgetriebe-scheibenkurve-miksch-Vors.webp","type":"image\/webp"}],"twitter_card":"summary_large_image","twitter_misc":{"Gesch\u00e4tzte Lesezeit":"1\u00a0Minute"},"schema":{"@context":"https:\/\/schema.org","@graph":[{"@type":"WebPage","@id":"https:\/\/miksch-werkzeugwechsler.de\/de\/produkt\/pendelbewegungen-funktionsweise-von-pendelgetrieben\/","url":"https:\/\/miksch-werkzeugwechsler.de\/de\/produkt\/pendelbewegungen-funktionsweise-von-pendelgetrieben\/","name":"Pendelbewegungen - Funktionsweise","isPartOf":{"@id":"https:\/\/miksch-werkzeugwechsler.de\/#website"},"primaryImageOfPage":{"@id":"https:\/\/miksch-werkzeugwechsler.de\/de\/produkt\/pendelbewegungen-funktionsweise-von-pendelgetrieben\/#primaryimage"},"image":{"@id":"https:\/\/miksch-werkzeugwechsler.de\/de\/produkt\/pendelbewegungen-funktionsweise-von-pendelgetrieben\/#primaryimage"},"thumbnailUrl":"https:\/\/miksch-werkzeugwechsler.de\/wp-content\/uploads\/2025\/01\/kurvengetriebe-pendelgetriebe-scheibenkurve-miksch-Vors.webp","datePublished":"2024-11-25T09:04:06+00:00","dateModified":"2026-02-11T09:10:28+00:00","description":"Pendelbewegungen \/ Pendelantrieb - wie Pendelgetriebe aus kontinuierlicher Antriebsdrehung pr\u00e4zise Pendelbewegungen des Abtriebs erzeugen","breadcrumb":{"@id":"https:\/\/miksch-werkzeugwechsler.de\/de\/produkt\/pendelbewegungen-funktionsweise-von-pendelgetrieben\/#breadcrumb"},"inLanguage":"de","potentialAction":[{"@type":"ReadAction","target":["https:\/\/miksch-werkzeugwechsler.de\/de\/produkt\/pendelbewegungen-funktionsweise-von-pendelgetrieben\/"]}]},{"@type":"ImageObject","inLanguage":"de","@id":"https:\/\/miksch-werkzeugwechsler.de\/de\/produkt\/pendelbewegungen-funktionsweise-von-pendelgetrieben\/#primaryimage","url":"https:\/\/miksch-werkzeugwechsler.de\/wp-content\/uploads\/2025\/01\/kurvengetriebe-pendelgetriebe-scheibenkurve-miksch-Vors.webp","contentUrl":"https:\/\/miksch-werkzeugwechsler.de\/wp-content\/uploads\/2025\/01\/kurvengetriebe-pendelgetriebe-scheibenkurve-miksch-Vors.webp","width":350,"height":350,"caption":"Kurvengetriebenes Pendelgetriebe mit Scheibenkurve f\u00fcr oszillierende Bewegungen."},{"@type":"BreadcrumbList","@id":"https:\/\/miksch-werkzeugwechsler.de\/de\/produkt\/pendelbewegungen-funktionsweise-von-pendelgetrieben\/#breadcrumb","itemListElement":[{"@type":"ListItem","position":1,"name":"Home","item":"https:\/\/miksch-werkzeugwechsler.de\/"},{"@type":"ListItem","position":2,"name":"Produkte","item":"https:\/\/miksch-werkzeugwechsler.de\/shop\/"},{"@type":"ListItem","position":3,"name":"Pendelbewegungen &#8211; Funktionsweise"}]},{"@type":"WebSite","@id":"https:\/\/miksch-werkzeugwechsler.de\/#website","url":"https:\/\/miksch-werkzeugwechsler.de\/","name":"MIKSCH GmbH","description":"","publisher":{"@id":"https:\/\/miksch-werkzeugwechsler.de\/#organization"},"potentialAction":[{"@type":"SearchAction","target":{"@type":"EntryPoint","urlTemplate":"https:\/\/miksch-werkzeugwechsler.de\/?s={search_term_string}"},"query-input":{"@type":"PropertyValueSpecification","valueRequired":true,"valueName":"search_term_string"}}],"inLanguage":"de"},{"@type":"Organization","@id":"https:\/\/miksch-werkzeugwechsler.de\/#organization","name":"MIKSCH GmbH","url":"https:\/\/miksch-werkzeugwechsler.de\/","logo":{"@type":"ImageObject","inLanguage":"de","@id":"https:\/\/miksch-werkzeugwechsler.de\/#\/schema\/logo\/image\/","url":"https:\/\/miksch-werkzeugwechsler.de\/wp-content\/uploads\/2024\/11\/gcOnlineDirectory-5-2.png","contentUrl":"https:\/\/miksch-werkzeugwechsler.de\/wp-content\/uploads\/2024\/11\/gcOnlineDirectory-5-2.png","width":227,"height":48,"caption":"MIKSCH GmbH"},"image":{"@id":"https:\/\/miksch-werkzeugwechsler.de\/#\/schema\/logo\/image\/"},"sameAs":["https:\/\/www.facebook.com\/people\/Miksch-GmbH\/100066497170541\/","https:\/\/au.linkedin.com\/company\/miksch-gmbh"]}]}},"_links":{"self":[{"href":"https:\/\/miksch-werkzeugwechsler.de\/de\/wp-json\/wp\/v2\/product\/3728","targetHints":{"allow":["GET"]}}],"collection":[{"href":"https:\/\/miksch-werkzeugwechsler.de\/de\/wp-json\/wp\/v2\/product"}],"about":[{"href":"https:\/\/miksch-werkzeugwechsler.de\/de\/wp-json\/wp\/v2\/types\/product"}],"replies":[{"embeddable":true,"href":"https:\/\/miksch-werkzeugwechsler.de\/de\/wp-json\/wp\/v2\/comments?post=3728"}],"wp:featuredmedia":[{"embeddable":true,"href":"https:\/\/miksch-werkzeugwechsler.de\/de\/wp-json\/wp\/v2\/media\/4318"}],"wp:attachment":[{"href":"https:\/\/miksch-werkzeugwechsler.de\/de\/wp-json\/wp\/v2\/media?parent=3728"}],"wp:term":[{"taxonomy":"product_brand","embeddable":true,"href":"https:\/\/miksch-werkzeugwechsler.de\/de\/wp-json\/wp\/v2\/product_brand?post=3728"},{"taxonomy":"product_cat","embeddable":true,"href":"https:\/\/miksch-werkzeugwechsler.de\/de\/wp-json\/wp\/v2\/product_cat?post=3728"}],"curies":[{"name":"wp","href":"https:\/\/api.w.org\/{rel}","templated":true}]}}