{"id":3727,"date":"2024-11-25T09:54:12","date_gmt":"2024-11-25T08:54:12","guid":{"rendered":"https:\/\/miksch-werkzeugwechsler.de\/?post_type=product&#038;p=3727"},"modified":"2026-02-11T10:14:33","modified_gmt":"2026-02-11T09:14:33","slug":"schrittbewegungen-funktionsweise-in-mechanischen-systemen","status":"publish","type":"product","link":"https:\/\/miksch-werkzeugwechsler.de\/de\/produkt\/schrittbewegungen-funktionsweise-in-mechanischen-systemen\/","title":{"rendered":"Schrittbewegungen &#8211; Funktionsweise"},"content":{"rendered":"<h4><\/h4>\n<h4>Der Bewegungsablauf ganz allgemein<\/h4>\n<p>Der Antrieb dreht sich kontinuierlich und erzeugt bei jeder Umdrehung einen Takt. Dabei werden die Bereiche Schaltwinkel und Rastwinkel durchlaufen.<br \/>\nDer Abtrieb f\u00fchrt einen Schritt aus, wenn der Antrieb den Schaltwinkel durchl\u00e4uft und steht still, wenn der Antrieb den Rastwinkel durchl\u00e4uft.\u2028Die Gr\u00f6\u00dfe des Schrittes wird durch die Stationenzahl bestimmt.<\/p>\n<p>Die Bewegung des Abtriebs wird durch ein\u00a0<strong>Bewegungsgesetz<\/strong>\u00a0bestimmt. Dabei handelt es sich um eine mathematische Funktion, welche f\u00fcr jede Stellung des Antriebs die zugeh\u00f6rige Stellung des Abtriebs festlegt. Bei Vorgabe einer Antriebsdrehzahl werden so auch Geschwindigkeit und Beschleunigung des Abtriebs ermittelt.<\/p>\n<p>Die Bewegungsgesetze unserer Schrittgetriebe und Rundschalttische sind so gew\u00e4hlt, dass sich eine \u00e4u\u00dferst harmonische\u00a0<strong>sto\u00df- und ruckfreie Bewegung<\/strong>\u00a0ergibt.<\/p>\n","protected":false},"excerpt":{"rendered":"<p>Schrittgetriebe und Rundschalttische erzeugen aus einer gleichf\u00f6rmigen Drehbewegung des Antriebs Schrittbewegungen des Abtriebs.<\/p>\n<p>Sie ben\u00f6tigen erste Technische Daten oder Details? Kein Problem. Lassen Sie uns hierzu einfach eine v\u00f6llig unverbindliche \u201cAnfrage\u201d zukommen und wir helfen Ihnen weiter.<\/p>\n<p>Erste Informationen zum Produkt erhalten Sie unter &#8222;Download&#8220;.<\/p>\n","protected":false},"featured_media":4321,"comment_status":"closed","ping_status":"closed","template":"","meta":{"_acf_changed":false},"product_brand":[],"product_cat":[82],"class_list":{"0":"post-3727","1":"product","2":"type-product","3":"status-publish","4":"has-post-thumbnail","6":"product_cat-kurvengetriebe","8":"first","9":"instock","10":"shipping-taxable","11":"product-type-external"},"acf":[],"yoast_head":"<!-- This site is optimized with the Yoast SEO plugin v27.3 - https:\/\/yoast.com\/product\/yoast-seo-wordpress\/ -->\n<title>Schrittbewegungen - Funktionsweise<\/title>\n<meta name=\"description\" content=\"Schrittbewegungen - wie Schrittgetriebe und Rundschalttische aus kontinuierlicher Antriebsdrehung pr\u00e4zise Schrittbewegungen des Abtriebs erzeugen.\" \/>\n<meta name=\"robots\" content=\"noindex, follow, max-snippet:-1, max-image-preview:large, max-video-preview:-1\" \/>\n<meta property=\"og:locale\" content=\"de_DE\" \/>\n<meta property=\"og:type\" content=\"article\" \/>\n<meta property=\"og:title\" content=\"Schrittbewegungen - Funktionsweise\" \/>\n<meta property=\"og:description\" content=\"Schrittbewegungen - wie Schrittgetriebe und Rundschalttische aus kontinuierlicher Antriebsdrehung pr\u00e4zise Schrittbewegungen des Abtriebs erzeugen.\" \/>\n<meta property=\"og:url\" content=\"https:\/\/miksch-werkzeugwechsler.de\/de\/produkt\/schrittbewegungen-funktionsweise-in-mechanischen-systemen\/\" \/>\n<meta property=\"og:site_name\" content=\"MIKSCH - accelerates\" \/>\n<meta property=\"article:publisher\" content=\"https:\/\/www.facebook.com\/people\/Miksch-GmbH\/100066497170541\/\" \/>\n<meta property=\"article:modified_time\" content=\"2026-02-11T09:14:33+00:00\" \/>\n<meta property=\"og:image\" content=\"https:\/\/miksch-werkzeugwechsler.de\/wp-content\/uploads\/2025\/01\/kurvengetriebe-schrittgetriebe-schrittbewegung-einbausatz-miksch-Vors.webp\" \/>\n\t<meta property=\"og:image:width\" content=\"350\" \/>\n\t<meta property=\"og:image:height\" content=\"350\" \/>\n\t<meta property=\"og:image:type\" content=\"image\/webp\" \/>\n<meta name=\"twitter:card\" content=\"summary_large_image\" \/>\n<meta name=\"twitter:label1\" content=\"Gesch\u00e4tzte Lesezeit\" \/>\n\t<meta name=\"twitter:data1\" content=\"1\u00a0Minute\" \/>\n<script type=\"application\/ld+json\" class=\"yoast-schema-graph\">{\"@context\":\"https:\\\/\\\/schema.org\",\"@graph\":[{\"@type\":\"WebPage\",\"@id\":\"https:\\\/\\\/miksch-werkzeugwechsler.de\\\/de\\\/produkt\\\/schrittbewegungen-funktionsweise-in-mechanischen-systemen\\\/\",\"url\":\"https:\\\/\\\/miksch-werkzeugwechsler.de\\\/de\\\/produkt\\\/schrittbewegungen-funktionsweise-in-mechanischen-systemen\\\/\",\"name\":\"Schrittbewegungen - Funktionsweise\",\"isPartOf\":{\"@id\":\"https:\\\/\\\/miksch-werkzeugwechsler.de\\\/#website\"},\"primaryImageOfPage\":{\"@id\":\"https:\\\/\\\/miksch-werkzeugwechsler.de\\\/de\\\/produkt\\\/schrittbewegungen-funktionsweise-in-mechanischen-systemen\\\/#primaryimage\"},\"image\":{\"@id\":\"https:\\\/\\\/miksch-werkzeugwechsler.de\\\/de\\\/produkt\\\/schrittbewegungen-funktionsweise-in-mechanischen-systemen\\\/#primaryimage\"},\"thumbnailUrl\":\"https:\\\/\\\/miksch-werkzeugwechsler.de\\\/wp-content\\\/uploads\\\/2025\\\/01\\\/kurvengetriebe-schrittgetriebe-schrittbewegung-einbausatz-miksch-Vors.webp\",\"datePublished\":\"2024-11-25T08:54:12+00:00\",\"dateModified\":\"2026-02-11T09:14:33+00:00\",\"description\":\"Schrittbewegungen - wie Schrittgetriebe und Rundschalttische aus kontinuierlicher Antriebsdrehung pr\u00e4zise Schrittbewegungen des Abtriebs erzeugen.\",\"breadcrumb\":{\"@id\":\"https:\\\/\\\/miksch-werkzeugwechsler.de\\\/de\\\/produkt\\\/schrittbewegungen-funktionsweise-in-mechanischen-systemen\\\/#breadcrumb\"},\"inLanguage\":\"de\",\"potentialAction\":[{\"@type\":\"ReadAction\",\"target\":[\"https:\\\/\\\/miksch-werkzeugwechsler.de\\\/de\\\/produkt\\\/schrittbewegungen-funktionsweise-in-mechanischen-systemen\\\/\"]}]},{\"@type\":\"ImageObject\",\"inLanguage\":\"de\",\"@id\":\"https:\\\/\\\/miksch-werkzeugwechsler.de\\\/de\\\/produkt\\\/schrittbewegungen-funktionsweise-in-mechanischen-systemen\\\/#primaryimage\",\"url\":\"https:\\\/\\\/miksch-werkzeugwechsler.de\\\/wp-content\\\/uploads\\\/2025\\\/01\\\/kurvengetriebe-schrittgetriebe-schrittbewegung-einbausatz-miksch-Vors.webp\",\"contentUrl\":\"https:\\\/\\\/miksch-werkzeugwechsler.de\\\/wp-content\\\/uploads\\\/2025\\\/01\\\/kurvengetriebe-schrittgetriebe-schrittbewegung-einbausatz-miksch-Vors.webp\",\"width\":350,\"height\":350,\"caption\":\"Einbausatz f\u00fcr ein Kurvengetriebe mit Schrittbewegung.\"},{\"@type\":\"BreadcrumbList\",\"@id\":\"https:\\\/\\\/miksch-werkzeugwechsler.de\\\/de\\\/produkt\\\/schrittbewegungen-funktionsweise-in-mechanischen-systemen\\\/#breadcrumb\",\"itemListElement\":[{\"@type\":\"ListItem\",\"position\":1,\"name\":\"Home\",\"item\":\"https:\\\/\\\/miksch-werkzeugwechsler.de\\\/\"},{\"@type\":\"ListItem\",\"position\":2,\"name\":\"Produkte\",\"item\":\"https:\\\/\\\/miksch-werkzeugwechsler.de\\\/shop\\\/\"},{\"@type\":\"ListItem\",\"position\":3,\"name\":\"Schrittbewegungen &#8211; Funktionsweise\"}]},{\"@type\":\"WebSite\",\"@id\":\"https:\\\/\\\/miksch-werkzeugwechsler.de\\\/#website\",\"url\":\"https:\\\/\\\/miksch-werkzeugwechsler.de\\\/\",\"name\":\"MIKSCH GmbH\",\"description\":\"\",\"publisher\":{\"@id\":\"https:\\\/\\\/miksch-werkzeugwechsler.de\\\/#organization\"},\"potentialAction\":[{\"@type\":\"SearchAction\",\"target\":{\"@type\":\"EntryPoint\",\"urlTemplate\":\"https:\\\/\\\/miksch-werkzeugwechsler.de\\\/?s={search_term_string}\"},\"query-input\":{\"@type\":\"PropertyValueSpecification\",\"valueRequired\":true,\"valueName\":\"search_term_string\"}}],\"inLanguage\":\"de\"},{\"@type\":\"Organization\",\"@id\":\"https:\\\/\\\/miksch-werkzeugwechsler.de\\\/#organization\",\"name\":\"MIKSCH GmbH\",\"url\":\"https:\\\/\\\/miksch-werkzeugwechsler.de\\\/\",\"logo\":{\"@type\":\"ImageObject\",\"inLanguage\":\"de\",\"@id\":\"https:\\\/\\\/miksch-werkzeugwechsler.de\\\/#\\\/schema\\\/logo\\\/image\\\/\",\"url\":\"https:\\\/\\\/miksch-werkzeugwechsler.de\\\/wp-content\\\/uploads\\\/2024\\\/11\\\/gcOnlineDirectory-5-2.png\",\"contentUrl\":\"https:\\\/\\\/miksch-werkzeugwechsler.de\\\/wp-content\\\/uploads\\\/2024\\\/11\\\/gcOnlineDirectory-5-2.png\",\"width\":227,\"height\":48,\"caption\":\"MIKSCH GmbH\"},\"image\":{\"@id\":\"https:\\\/\\\/miksch-werkzeugwechsler.de\\\/#\\\/schema\\\/logo\\\/image\\\/\"},\"sameAs\":[\"https:\\\/\\\/www.facebook.com\\\/people\\\/Miksch-GmbH\\\/100066497170541\\\/\",\"https:\\\/\\\/au.linkedin.com\\\/company\\\/miksch-gmbh\"]}]}<\/script>\n<!-- \/ Yoast SEO plugin. -->","yoast_head_json":{"title":"Schrittbewegungen - Funktionsweise","description":"Schrittbewegungen - wie Schrittgetriebe und Rundschalttische aus kontinuierlicher Antriebsdrehung pr\u00e4zise Schrittbewegungen des Abtriebs erzeugen.","robots":{"index":"noindex","follow":"follow","max-snippet":"max-snippet:-1","max-image-preview":"max-image-preview:large","max-video-preview":"max-video-preview:-1"},"og_locale":"de_DE","og_type":"article","og_title":"Schrittbewegungen - Funktionsweise","og_description":"Schrittbewegungen - wie Schrittgetriebe und Rundschalttische aus kontinuierlicher Antriebsdrehung pr\u00e4zise Schrittbewegungen des Abtriebs erzeugen.","og_url":"https:\/\/miksch-werkzeugwechsler.de\/de\/produkt\/schrittbewegungen-funktionsweise-in-mechanischen-systemen\/","og_site_name":"MIKSCH - accelerates","article_publisher":"https:\/\/www.facebook.com\/people\/Miksch-GmbH\/100066497170541\/","article_modified_time":"2026-02-11T09:14:33+00:00","og_image":[{"width":350,"height":350,"url":"https:\/\/miksch-werkzeugwechsler.de\/wp-content\/uploads\/2025\/01\/kurvengetriebe-schrittgetriebe-schrittbewegung-einbausatz-miksch-Vors.webp","type":"image\/webp"}],"twitter_card":"summary_large_image","twitter_misc":{"Gesch\u00e4tzte Lesezeit":"1\u00a0Minute"},"schema":{"@context":"https:\/\/schema.org","@graph":[{"@type":"WebPage","@id":"https:\/\/miksch-werkzeugwechsler.de\/de\/produkt\/schrittbewegungen-funktionsweise-in-mechanischen-systemen\/","url":"https:\/\/miksch-werkzeugwechsler.de\/de\/produkt\/schrittbewegungen-funktionsweise-in-mechanischen-systemen\/","name":"Schrittbewegungen - Funktionsweise","isPartOf":{"@id":"https:\/\/miksch-werkzeugwechsler.de\/#website"},"primaryImageOfPage":{"@id":"https:\/\/miksch-werkzeugwechsler.de\/de\/produkt\/schrittbewegungen-funktionsweise-in-mechanischen-systemen\/#primaryimage"},"image":{"@id":"https:\/\/miksch-werkzeugwechsler.de\/de\/produkt\/schrittbewegungen-funktionsweise-in-mechanischen-systemen\/#primaryimage"},"thumbnailUrl":"https:\/\/miksch-werkzeugwechsler.de\/wp-content\/uploads\/2025\/01\/kurvengetriebe-schrittgetriebe-schrittbewegung-einbausatz-miksch-Vors.webp","datePublished":"2024-11-25T08:54:12+00:00","dateModified":"2026-02-11T09:14:33+00:00","description":"Schrittbewegungen - wie Schrittgetriebe und Rundschalttische aus kontinuierlicher Antriebsdrehung pr\u00e4zise Schrittbewegungen des Abtriebs erzeugen.","breadcrumb":{"@id":"https:\/\/miksch-werkzeugwechsler.de\/de\/produkt\/schrittbewegungen-funktionsweise-in-mechanischen-systemen\/#breadcrumb"},"inLanguage":"de","potentialAction":[{"@type":"ReadAction","target":["https:\/\/miksch-werkzeugwechsler.de\/de\/produkt\/schrittbewegungen-funktionsweise-in-mechanischen-systemen\/"]}]},{"@type":"ImageObject","inLanguage":"de","@id":"https:\/\/miksch-werkzeugwechsler.de\/de\/produkt\/schrittbewegungen-funktionsweise-in-mechanischen-systemen\/#primaryimage","url":"https:\/\/miksch-werkzeugwechsler.de\/wp-content\/uploads\/2025\/01\/kurvengetriebe-schrittgetriebe-schrittbewegung-einbausatz-miksch-Vors.webp","contentUrl":"https:\/\/miksch-werkzeugwechsler.de\/wp-content\/uploads\/2025\/01\/kurvengetriebe-schrittgetriebe-schrittbewegung-einbausatz-miksch-Vors.webp","width":350,"height":350,"caption":"Einbausatz f\u00fcr ein Kurvengetriebe mit Schrittbewegung."},{"@type":"BreadcrumbList","@id":"https:\/\/miksch-werkzeugwechsler.de\/de\/produkt\/schrittbewegungen-funktionsweise-in-mechanischen-systemen\/#breadcrumb","itemListElement":[{"@type":"ListItem","position":1,"name":"Home","item":"https:\/\/miksch-werkzeugwechsler.de\/"},{"@type":"ListItem","position":2,"name":"Produkte","item":"https:\/\/miksch-werkzeugwechsler.de\/shop\/"},{"@type":"ListItem","position":3,"name":"Schrittbewegungen &#8211; Funktionsweise"}]},{"@type":"WebSite","@id":"https:\/\/miksch-werkzeugwechsler.de\/#website","url":"https:\/\/miksch-werkzeugwechsler.de\/","name":"MIKSCH GmbH","description":"","publisher":{"@id":"https:\/\/miksch-werkzeugwechsler.de\/#organization"},"potentialAction":[{"@type":"SearchAction","target":{"@type":"EntryPoint","urlTemplate":"https:\/\/miksch-werkzeugwechsler.de\/?s={search_term_string}"},"query-input":{"@type":"PropertyValueSpecification","valueRequired":true,"valueName":"search_term_string"}}],"inLanguage":"de"},{"@type":"Organization","@id":"https:\/\/miksch-werkzeugwechsler.de\/#organization","name":"MIKSCH GmbH","url":"https:\/\/miksch-werkzeugwechsler.de\/","logo":{"@type":"ImageObject","inLanguage":"de","@id":"https:\/\/miksch-werkzeugwechsler.de\/#\/schema\/logo\/image\/","url":"https:\/\/miksch-werkzeugwechsler.de\/wp-content\/uploads\/2024\/11\/gcOnlineDirectory-5-2.png","contentUrl":"https:\/\/miksch-werkzeugwechsler.de\/wp-content\/uploads\/2024\/11\/gcOnlineDirectory-5-2.png","width":227,"height":48,"caption":"MIKSCH GmbH"},"image":{"@id":"https:\/\/miksch-werkzeugwechsler.de\/#\/schema\/logo\/image\/"},"sameAs":["https:\/\/www.facebook.com\/people\/Miksch-GmbH\/100066497170541\/","https:\/\/au.linkedin.com\/company\/miksch-gmbh"]}]}},"_links":{"self":[{"href":"https:\/\/miksch-werkzeugwechsler.de\/de\/wp-json\/wp\/v2\/product\/3727","targetHints":{"allow":["GET"]}}],"collection":[{"href":"https:\/\/miksch-werkzeugwechsler.de\/de\/wp-json\/wp\/v2\/product"}],"about":[{"href":"https:\/\/miksch-werkzeugwechsler.de\/de\/wp-json\/wp\/v2\/types\/product"}],"replies":[{"embeddable":true,"href":"https:\/\/miksch-werkzeugwechsler.de\/de\/wp-json\/wp\/v2\/comments?post=3727"}],"wp:featuredmedia":[{"embeddable":true,"href":"https:\/\/miksch-werkzeugwechsler.de\/de\/wp-json\/wp\/v2\/media\/4321"}],"wp:attachment":[{"href":"https:\/\/miksch-werkzeugwechsler.de\/de\/wp-json\/wp\/v2\/media?parent=3727"}],"wp:term":[{"taxonomy":"product_brand","embeddable":true,"href":"https:\/\/miksch-werkzeugwechsler.de\/de\/wp-json\/wp\/v2\/product_brand?post=3727"},{"taxonomy":"product_cat","embeddable":true,"href":"https:\/\/miksch-werkzeugwechsler.de\/de\/wp-json\/wp\/v2\/product_cat?post=3727"}],"curies":[{"name":"wp","href":"https:\/\/api.w.org\/{rel}","templated":true}]}}