{"id":3392,"date":"2024-11-12T15:53:17","date_gmt":"2024-11-12T14:53:17","guid":{"rendered":"https:\/\/miksch-werkzeugwechsler.de\/?post_type=product&#038;p=3392"},"modified":"2026-03-30T09:37:07","modified_gmt":"2026-03-30T08:37:07","slug":"sett-setup-tool","status":"publish","type":"product","link":"https:\/\/miksch-werkzeugwechsler.de\/de\/produkt\/sett-setup-tool\/","title":{"rendered":"SETT setup tool: Einstellhilfe f\u00fcr Werkzeugaufnahmen"},"content":{"rendered":"<h2 class=\"title\" style=\"font-size: 24px; padding: 30px 0px 10px;\">IHRE VORTEILE AUF EINEN BLICK<\/h2>\n<div class=\"responsive-columns\">\n<div>\n<h3 style=\"margin-bottom: 15px;\"><strong>Steigerung der Produktivit\u00e4t<\/strong><\/h3>\n<ul>\n<li><img decoding=\"async\" class=\"alignnone size-full wp-image-3279\" src=\"https:\/\/miksch-werkzeugwechsler.de\/wp-content\/uploads\/2020\/06\/Frame-116.png\" alt=\"\" width=\"16\" height=\"12\" \/> verk\u00fcrzte Stillstandszeiten<\/li>\n<li><img decoding=\"async\" class=\"alignnone size-full wp-image-3279\" src=\"https:\/\/miksch-werkzeugwechsler.de\/wp-content\/uploads\/2020\/06\/Frame-116.png\" alt=\"\" width=\"16\" height=\"12\" \/> einfache Handhabung<\/li>\n<li><img decoding=\"async\" class=\"alignnone wp-image-3279\" src=\"https:\/\/miksch-werkzeugwechsler.de\/wp-content\/uploads\/2020\/06\/Frame-116.png\" alt=\"\" width=\"16\" height=\"12\" \/> genau im Ergebnis<\/li>\n<\/ul>\n<\/div>\n<div>\n<h3 style=\"margin-bottom: 15px;\"><strong>Flexibel in der Anwendung<\/strong><\/h3>\n<ul>\n<li><img decoding=\"async\" class=\"alignnone size-full wp-image-3279\" src=\"https:\/\/miksch-werkzeugwechsler.de\/wp-content\/uploads\/2020\/06\/Frame-116.png\" alt=\"\" width=\"16\" height=\"12\" \/> gezieltes Ausrichten der Komponenten<\/li>\n<li><img decoding=\"async\" class=\"alignnone size-full wp-image-3279\" src=\"https:\/\/miksch-werkzeugwechsler.de\/wp-content\/uploads\/2020\/06\/Frame-116.png\" alt=\"\" width=\"16\" height=\"12\" \/> messen des axialen Abstandes der Anlagefl\u00e4chen<\/li>\n<li><img decoding=\"async\" class=\"alignnone size-full wp-image-3279\" src=\"https:\/\/miksch-werkzeugwechsler.de\/wp-content\/uploads\/2020\/06\/Frame-116.png\" alt=\"\" width=\"16\" height=\"12\" \/> messen des Mittenversatze zur Werkzeugspindel und zum Werkzeugmagazin<br \/>\n(Werte k\u00f6nnen direkt in Steuerung eingeben werden)<\/li>\n<li><img decoding=\"async\" class=\"alignnone size-full wp-image-3279\" src=\"https:\/\/miksch-werkzeugwechsler.de\/wp-content\/uploads\/2020\/06\/Frame-116.png\" alt=\"\" width=\"16\" height=\"12\" \/> Bestimmung der Winkellage<br \/>\n(Lage der Nut in der Spindel zur Lage der Nut in der Greiferrille)<\/li>\n<li><img decoding=\"async\" class=\"alignnone size-full wp-image-3279\" src=\"https:\/\/miksch-werkzeugwechsler.de\/wp-content\/uploads\/2020\/06\/Frame-116.png\" alt=\"\" width=\"16\" height=\"12\" \/> Ermittlung der Korrekturrichtung<br \/>\nund -weg<\/li>\n<li><img decoding=\"async\" class=\"alignnone size-full wp-image-3279\" src=\"https:\/\/miksch-werkzeugwechsler.de\/wp-content\/uploads\/2020\/06\/Frame-116.png\" alt=\"\" width=\"16\" height=\"12\" \/> verschiedene Versatztoleranzen einstellbar<\/li>\n<\/ul>\n<\/div>\n<div>\n<h3 style=\"margin-bottom: 15px;\"><strong>Reduzierung der Kosten<\/strong><\/h3>\n<ul>\n<li><img decoding=\"async\" class=\"alignnone size-full wp-image-3279\" src=\"https:\/\/miksch-werkzeugwechsler.de\/wp-content\/uploads\/2020\/06\/Frame-116.png\" alt=\"\" width=\"16\" height=\"12\" \/> schnell<\/li>\n<li><img decoding=\"async\" class=\"alignnone size-full wp-image-3279\" src=\"https:\/\/miksch-werkzeugwechsler.de\/wp-content\/uploads\/2020\/06\/Frame-116.png\" alt=\"\" width=\"16\" height=\"12\" \/> pr\u00e4zise<\/li>\n<li><img decoding=\"async\" class=\"alignnone size-full wp-image-3279\" src=\"https:\/\/miksch-werkzeugwechsler.de\/wp-content\/uploads\/2020\/06\/Frame-116.png\" alt=\"\" width=\"16\" height=\"12\" \/> einfach<\/li>\n<li><img decoding=\"async\" class=\"alignnone size-full wp-image-3279\" src=\"https:\/\/miksch-werkzeugwechsler.de\/wp-content\/uploads\/2020\/06\/Frame-116.png\" alt=\"\" width=\"16\" height=\"12\" \/> genial<\/li>\n<\/ul>\n<\/div>\n<\/div>\n<h2 class=\"title\" style=\"font-size: 24px;\">TECHNISCHE DATEN<\/h2>\n<div class=\"responsive-columns\">\n<table style=\"font-size: 14px !important; line-height: 22px !important;\" border=\"1\">\n<tbody>\n<tr>\n<td style=\"background: #c0c0c0; font-weight: bold; color: #000000;\">Bezeichnung<\/td>\n<td style=\"background: #d8d8d8; color: #000000;\">SETT setup tool<\/td>\n<\/tr>\n<tr>\n<td style=\"background: #cccccc; font-weight: bold; color: #000000;\">Werkzeugaufnahmen<\/td>\n<td style=\"background: #e4e4e4; color: #000000;\">alle g\u00e4ngigen Werkzeugaufnahmen<br \/>\nSonderaufnahmen auf Anfrage<\/td>\n<\/tr>\n<tr>\n<td style=\"background: #c0c0c0; font-weight: bold; color: #000000;\">Einstellm\u00f6glichkeiten<\/td>\n<td style=\"background: #d8d8d8; color: #000000;\">Konzentrizit\u00e4t + Parallelit\u00e4t + Mittenversatz + Korrekturrichtung und -weg + Winkellage<\/td>\n<\/tr>\n<\/tbody>\n<\/table>\n<\/div>\n<h2 class=\"title\" style=\"font-size: 24px;\">VIDEOS<\/h2>\n<div class=\"product-video-thumb\"><iframe title=\"V\u00eddeo do produto\" src=\"https:\/\/www.youtube.com\/embed\/9cDHhENmXUk\" frameborder=\"0\" allowfullscreen=\"allowfullscreen\"><\/iframe><\/div>\n","protected":false},"excerpt":{"rendered":"<p>Das <strong>SETT setup tool<\/strong> aus dem Hause MIKSCH revolutioniert die bisherige Vorgehensweise bei der Ausrichtung von Werkzeugen f\u00fcr Ihr Bearbeitungszentrum.<br \/>\nDem Anwender erschlie\u00dft sich hier eine v\u00f6llig neue Methode, indem er seine Werkzeuge nicht nur schneller, sondern vor allem pr\u00e4ziser und einfacher f\u00fcr die unterschiedlichsten Anwendungen ausrichten kann.<\/p>\n<p>Anwendungsbereiche und M\u00f6glichkeiten<\/p>\n<p><img decoding=\"async\" class=\"alignnone size-full wp-image-3279\" src=\"https:\/\/miksch-werkzeugwechsler.de\/wp-content\/uploads\/2020\/06\/Frame-116.png\" alt=\"\" width=\"16\" height=\"12\" \/> Axialer Abstand der Anlagefl\u00e4chen messen<\/p>\n<p><img decoding=\"async\" class=\"alignnone size-full wp-image-3279\" src=\"https:\/\/miksch-werkzeugwechsler.de\/wp-content\/uploads\/2020\/06\/Frame-116.png\" alt=\"\" width=\"16\" height=\"12\" \/> Mittenversatz zur Werkzeugspindel und zum Werkzeugmagazin messen<br \/>\n(Werte k\u00f6nnen direkt in Steuerung eingegeben werden)<\/p>\n<p><img decoding=\"async\" class=\"alignnone size-full wp-image-3279\" src=\"https:\/\/miksch-werkzeugwechsler.de\/wp-content\/uploads\/2020\/06\/Frame-116.png\" alt=\"\" width=\"16\" height=\"12\" \/> Korrekturrichtung und -weg ermitteln<\/p>\n<p><img decoding=\"async\" class=\"alignnone size-full wp-image-3279\" src=\"https:\/\/miksch-werkzeugwechsler.de\/wp-content\/uploads\/2020\/06\/Frame-116.png\" alt=\"\" width=\"16\" height=\"12\" \/> verschiedene Versatztoleranzen einstellen<\/p>\n<p>Die Ausrichtung erfolgt \u00fcber ein <strong>\u201eMessendes Verfahren\u201c<\/strong>.<br \/>\nSie erhalten ein exaktes Messergebnis.<\/p>\n<p>Sie ben\u00f6tigen erste Technische Daten oder Details zu einem SETT setup tool? Kein Problem. Lassen Sie uns hierzu eine v\u00f6llig unverbindliche Anfrage zukommen und wir helfen Ihnen gerne weiter.<\/p>\n<p>Unter &#8222;Download&#8220; finden Sie unseren technischen Fragebogen, damit wir Ihre Anfrage konkret auslegen k\u00f6nnen.<\/p>\n<div id=\"linkContainer\">\n<ul>\n<li><a href=\"\/wp-content\/uploads\/2026\/01\/M1327DD2412_Zubehor-Fragebogen.pdf\" target=\"_blank\" rel=\"noopener\">Fragebogen Zubeh\u00f6r<\/a><\/li>\n<\/ul>\n<\/div>\n","protected":false},"featured_media":4336,"comment_status":"closed","ping_status":"closed","template":"","meta":{"_acf_changed":false},"product_brand":[],"product_cat":[84],"class_list":{"0":"post-3392","1":"product","2":"type-product","3":"status-publish","4":"has-post-thumbnail","6":"product_cat-zubehoer","8":"first","9":"instock","10":"shipping-taxable","11":"product-type-external"},"acf":[],"yoast_head":"<!-- This site is optimized with the Yoast SEO plugin v27.3 - https:\/\/yoast.com\/product\/yoast-seo-wordpress\/ -->\n<title>SETT setup tool: Einstellhilfe f\u00fcr Werkzeugaufnahmen<\/title>\n<meta name=\"description\" content=\"Optimieren Sie die Ausrichtung Ihrer Werkzeugaufnahmen mit dem SETT setup tool von MIKSCH - f\u00fcr h\u00f6chste Pr\u00e4zision in Bearbeitungszentren.\" \/>\n<meta name=\"robots\" content=\"noindex, follow, max-snippet:-1, max-image-preview:large, max-video-preview:-1\" \/>\n<meta property=\"og:locale\" content=\"de_DE\" \/>\n<meta property=\"og:type\" content=\"article\" \/>\n<meta property=\"og:title\" content=\"SETT setup tool: Einstellhilfe f\u00fcr Werkzeugaufnahmen\" \/>\n<meta property=\"og:description\" content=\"Optimieren Sie die Ausrichtung Ihrer Werkzeugaufnahmen mit dem SETT setup tool von MIKSCH - f\u00fcr h\u00f6chste Pr\u00e4zision in Bearbeitungszentren.\" \/>\n<meta property=\"og:url\" content=\"https:\/\/miksch-werkzeugwechsler.de\/de\/produkt\/sett-setup-tool\/\" \/>\n<meta property=\"og:site_name\" content=\"MIKSCH - accelerates\" \/>\n<meta property=\"article:publisher\" content=\"https:\/\/www.facebook.com\/people\/Miksch-GmbH\/100066497170541\/\" \/>\n<meta property=\"article:modified_time\" content=\"2026-03-30T08:37:07+00:00\" \/>\n<meta property=\"og:image\" content=\"https:\/\/miksch-werkzeugwechsler.de\/wp-content\/uploads\/2025\/01\/werkzeugwechsler-einstellhilfe-ausrichthilfe-setup-miksch-Vors.webp\" \/>\n\t<meta property=\"og:image:width\" content=\"350\" \/>\n\t<meta property=\"og:image:height\" content=\"350\" \/>\n\t<meta property=\"og:image:type\" content=\"image\/webp\" \/>\n<meta name=\"twitter:card\" content=\"summary_large_image\" \/>\n<meta name=\"twitter:label1\" content=\"Gesch\u00e4tzte Lesezeit\" \/>\n\t<meta name=\"twitter:data1\" content=\"4\u00a0Minuten\" \/>\n<script type=\"application\/ld+json\" class=\"yoast-schema-graph\">{\"@context\":\"https:\\\/\\\/schema.org\",\"@graph\":[{\"@type\":\"WebPage\",\"@id\":\"https:\\\/\\\/miksch-werkzeugwechsler.de\\\/produkt\\\/sett-setup-tool\\\/\",\"url\":\"https:\\\/\\\/miksch-werkzeugwechsler.de\\\/produkt\\\/sett-setup-tool\\\/\",\"name\":\"SETT setup tool: Einstellhilfe f\u00fcr Werkzeugaufnahmen\",\"isPartOf\":{\"@id\":\"https:\\\/\\\/miksch-werkzeugwechsler.de\\\/#website\"},\"primaryImageOfPage\":{\"@id\":\"https:\\\/\\\/miksch-werkzeugwechsler.de\\\/produkt\\\/sett-setup-tool\\\/#primaryimage\"},\"image\":{\"@id\":\"https:\\\/\\\/miksch-werkzeugwechsler.de\\\/produkt\\\/sett-setup-tool\\\/#primaryimage\"},\"thumbnailUrl\":\"https:\\\/\\\/miksch-werkzeugwechsler.de\\\/wp-content\\\/uploads\\\/2025\\\/01\\\/werkzeugwechsler-einstellhilfe-ausrichthilfe-setup-miksch-Vors.webp\",\"datePublished\":\"2024-11-12T14:53:17+00:00\",\"dateModified\":\"2026-03-30T08:37:07+00:00\",\"description\":\"Optimieren Sie die Ausrichtung Ihrer Werkzeugaufnahmen mit dem SETT setup tool von MIKSCH - f\u00fcr h\u00f6chste Pr\u00e4zision in Bearbeitungszentren.\",\"breadcrumb\":{\"@id\":\"https:\\\/\\\/miksch-werkzeugwechsler.de\\\/produkt\\\/sett-setup-tool\\\/#breadcrumb\"},\"inLanguage\":\"de\",\"potentialAction\":[{\"@type\":\"ReadAction\",\"target\":[\"https:\\\/\\\/miksch-werkzeugwechsler.de\\\/produkt\\\/sett-setup-tool\\\/\"]}]},{\"@type\":\"ImageObject\",\"inLanguage\":\"de\",\"@id\":\"https:\\\/\\\/miksch-werkzeugwechsler.de\\\/produkt\\\/sett-setup-tool\\\/#primaryimage\",\"url\":\"https:\\\/\\\/miksch-werkzeugwechsler.de\\\/wp-content\\\/uploads\\\/2025\\\/01\\\/werkzeugwechsler-einstellhilfe-ausrichthilfe-setup-miksch-Vors.webp\",\"contentUrl\":\"https:\\\/\\\/miksch-werkzeugwechsler.de\\\/wp-content\\\/uploads\\\/2025\\\/01\\\/werkzeugwechsler-einstellhilfe-ausrichthilfe-setup-miksch-Vors.webp\",\"width\":350,\"height\":350,\"caption\":\"Werkzeugmagazin wird mit einer Absteckvorrichtung exakt ausgerichtet.\"},{\"@type\":\"BreadcrumbList\",\"@id\":\"https:\\\/\\\/miksch-werkzeugwechsler.de\\\/produkt\\\/sett-setup-tool\\\/#breadcrumb\",\"itemListElement\":[{\"@type\":\"ListItem\",\"position\":1,\"name\":\"Home\",\"item\":\"https:\\\/\\\/miksch-werkzeugwechsler.de\\\/\"},{\"@type\":\"ListItem\",\"position\":2,\"name\":\"Produkte\",\"item\":\"https:\\\/\\\/miksch-werkzeugwechsler.de\\\/shop\\\/\"},{\"@type\":\"ListItem\",\"position\":3,\"name\":\"SETT setup tool: Einstellhilfe f\u00fcr Werkzeugaufnahmen\"}]},{\"@type\":\"WebSite\",\"@id\":\"https:\\\/\\\/miksch-werkzeugwechsler.de\\\/#website\",\"url\":\"https:\\\/\\\/miksch-werkzeugwechsler.de\\\/\",\"name\":\"MIKSCH GmbH\",\"description\":\"\",\"publisher\":{\"@id\":\"https:\\\/\\\/miksch-werkzeugwechsler.de\\\/#organization\"},\"potentialAction\":[{\"@type\":\"SearchAction\",\"target\":{\"@type\":\"EntryPoint\",\"urlTemplate\":\"https:\\\/\\\/miksch-werkzeugwechsler.de\\\/?s={search_term_string}\"},\"query-input\":{\"@type\":\"PropertyValueSpecification\",\"valueRequired\":true,\"valueName\":\"search_term_string\"}}],\"inLanguage\":\"de\"},{\"@type\":\"Organization\",\"@id\":\"https:\\\/\\\/miksch-werkzeugwechsler.de\\\/#organization\",\"name\":\"MIKSCH GmbH\",\"url\":\"https:\\\/\\\/miksch-werkzeugwechsler.de\\\/\",\"logo\":{\"@type\":\"ImageObject\",\"inLanguage\":\"de\",\"@id\":\"https:\\\/\\\/miksch-werkzeugwechsler.de\\\/#\\\/schema\\\/logo\\\/image\\\/\",\"url\":\"https:\\\/\\\/miksch-werkzeugwechsler.de\\\/wp-content\\\/uploads\\\/2024\\\/11\\\/gcOnlineDirectory-5-2.png\",\"contentUrl\":\"https:\\\/\\\/miksch-werkzeugwechsler.de\\\/wp-content\\\/uploads\\\/2024\\\/11\\\/gcOnlineDirectory-5-2.png\",\"width\":227,\"height\":48,\"caption\":\"MIKSCH GmbH\"},\"image\":{\"@id\":\"https:\\\/\\\/miksch-werkzeugwechsler.de\\\/#\\\/schema\\\/logo\\\/image\\\/\"},\"sameAs\":[\"https:\\\/\\\/www.facebook.com\\\/people\\\/Miksch-GmbH\\\/100066497170541\\\/\",\"https:\\\/\\\/au.linkedin.com\\\/company\\\/miksch-gmbh\"]}]}<\/script>\n<!-- \/ Yoast SEO plugin. -->","yoast_head_json":{"title":"SETT setup tool: Einstellhilfe f\u00fcr Werkzeugaufnahmen","description":"Optimieren Sie die Ausrichtung Ihrer Werkzeugaufnahmen mit dem SETT setup tool von MIKSCH - f\u00fcr h\u00f6chste Pr\u00e4zision in Bearbeitungszentren.","robots":{"index":"noindex","follow":"follow","max-snippet":"max-snippet:-1","max-image-preview":"max-image-preview:large","max-video-preview":"max-video-preview:-1"},"og_locale":"de_DE","og_type":"article","og_title":"SETT setup tool: Einstellhilfe f\u00fcr Werkzeugaufnahmen","og_description":"Optimieren Sie die Ausrichtung Ihrer Werkzeugaufnahmen mit dem SETT setup tool von MIKSCH - f\u00fcr h\u00f6chste Pr\u00e4zision in Bearbeitungszentren.","og_url":"https:\/\/miksch-werkzeugwechsler.de\/de\/produkt\/sett-setup-tool\/","og_site_name":"MIKSCH - accelerates","article_publisher":"https:\/\/www.facebook.com\/people\/Miksch-GmbH\/100066497170541\/","article_modified_time":"2026-03-30T08:37:07+00:00","og_image":[{"width":350,"height":350,"url":"https:\/\/miksch-werkzeugwechsler.de\/wp-content\/uploads\/2025\/01\/werkzeugwechsler-einstellhilfe-ausrichthilfe-setup-miksch-Vors.webp","type":"image\/webp"}],"twitter_card":"summary_large_image","twitter_misc":{"Gesch\u00e4tzte Lesezeit":"4\u00a0Minuten"},"schema":{"@context":"https:\/\/schema.org","@graph":[{"@type":"WebPage","@id":"https:\/\/miksch-werkzeugwechsler.de\/produkt\/sett-setup-tool\/","url":"https:\/\/miksch-werkzeugwechsler.de\/produkt\/sett-setup-tool\/","name":"SETT setup tool: Einstellhilfe f\u00fcr Werkzeugaufnahmen","isPartOf":{"@id":"https:\/\/miksch-werkzeugwechsler.de\/#website"},"primaryImageOfPage":{"@id":"https:\/\/miksch-werkzeugwechsler.de\/produkt\/sett-setup-tool\/#primaryimage"},"image":{"@id":"https:\/\/miksch-werkzeugwechsler.de\/produkt\/sett-setup-tool\/#primaryimage"},"thumbnailUrl":"https:\/\/miksch-werkzeugwechsler.de\/wp-content\/uploads\/2025\/01\/werkzeugwechsler-einstellhilfe-ausrichthilfe-setup-miksch-Vors.webp","datePublished":"2024-11-12T14:53:17+00:00","dateModified":"2026-03-30T08:37:07+00:00","description":"Optimieren Sie die Ausrichtung Ihrer Werkzeugaufnahmen mit dem SETT setup tool von MIKSCH - f\u00fcr h\u00f6chste Pr\u00e4zision in Bearbeitungszentren.","breadcrumb":{"@id":"https:\/\/miksch-werkzeugwechsler.de\/produkt\/sett-setup-tool\/#breadcrumb"},"inLanguage":"de","potentialAction":[{"@type":"ReadAction","target":["https:\/\/miksch-werkzeugwechsler.de\/produkt\/sett-setup-tool\/"]}]},{"@type":"ImageObject","inLanguage":"de","@id":"https:\/\/miksch-werkzeugwechsler.de\/produkt\/sett-setup-tool\/#primaryimage","url":"https:\/\/miksch-werkzeugwechsler.de\/wp-content\/uploads\/2025\/01\/werkzeugwechsler-einstellhilfe-ausrichthilfe-setup-miksch-Vors.webp","contentUrl":"https:\/\/miksch-werkzeugwechsler.de\/wp-content\/uploads\/2025\/01\/werkzeugwechsler-einstellhilfe-ausrichthilfe-setup-miksch-Vors.webp","width":350,"height":350,"caption":"Werkzeugmagazin wird mit einer Absteckvorrichtung exakt ausgerichtet."},{"@type":"BreadcrumbList","@id":"https:\/\/miksch-werkzeugwechsler.de\/produkt\/sett-setup-tool\/#breadcrumb","itemListElement":[{"@type":"ListItem","position":1,"name":"Home","item":"https:\/\/miksch-werkzeugwechsler.de\/"},{"@type":"ListItem","position":2,"name":"Produkte","item":"https:\/\/miksch-werkzeugwechsler.de\/shop\/"},{"@type":"ListItem","position":3,"name":"SETT setup tool: Einstellhilfe f\u00fcr Werkzeugaufnahmen"}]},{"@type":"WebSite","@id":"https:\/\/miksch-werkzeugwechsler.de\/#website","url":"https:\/\/miksch-werkzeugwechsler.de\/","name":"MIKSCH GmbH","description":"","publisher":{"@id":"https:\/\/miksch-werkzeugwechsler.de\/#organization"},"potentialAction":[{"@type":"SearchAction","target":{"@type":"EntryPoint","urlTemplate":"https:\/\/miksch-werkzeugwechsler.de\/?s={search_term_string}"},"query-input":{"@type":"PropertyValueSpecification","valueRequired":true,"valueName":"search_term_string"}}],"inLanguage":"de"},{"@type":"Organization","@id":"https:\/\/miksch-werkzeugwechsler.de\/#organization","name":"MIKSCH GmbH","url":"https:\/\/miksch-werkzeugwechsler.de\/","logo":{"@type":"ImageObject","inLanguage":"de","@id":"https:\/\/miksch-werkzeugwechsler.de\/#\/schema\/logo\/image\/","url":"https:\/\/miksch-werkzeugwechsler.de\/wp-content\/uploads\/2024\/11\/gcOnlineDirectory-5-2.png","contentUrl":"https:\/\/miksch-werkzeugwechsler.de\/wp-content\/uploads\/2024\/11\/gcOnlineDirectory-5-2.png","width":227,"height":48,"caption":"MIKSCH GmbH"},"image":{"@id":"https:\/\/miksch-werkzeugwechsler.de\/#\/schema\/logo\/image\/"},"sameAs":["https:\/\/www.facebook.com\/people\/Miksch-GmbH\/100066497170541\/","https:\/\/au.linkedin.com\/company\/miksch-gmbh"]}]}},"_links":{"self":[{"href":"https:\/\/miksch-werkzeugwechsler.de\/de\/wp-json\/wp\/v2\/product\/3392","targetHints":{"allow":["GET"]}}],"collection":[{"href":"https:\/\/miksch-werkzeugwechsler.de\/de\/wp-json\/wp\/v2\/product"}],"about":[{"href":"https:\/\/miksch-werkzeugwechsler.de\/de\/wp-json\/wp\/v2\/types\/product"}],"replies":[{"embeddable":true,"href":"https:\/\/miksch-werkzeugwechsler.de\/de\/wp-json\/wp\/v2\/comments?post=3392"}],"wp:featuredmedia":[{"embeddable":true,"href":"https:\/\/miksch-werkzeugwechsler.de\/de\/wp-json\/wp\/v2\/media\/4336"}],"wp:attachment":[{"href":"https:\/\/miksch-werkzeugwechsler.de\/de\/wp-json\/wp\/v2\/media?parent=3392"}],"wp:term":[{"taxonomy":"product_brand","embeddable":true,"href":"https:\/\/miksch-werkzeugwechsler.de\/de\/wp-json\/wp\/v2\/product_brand?post=3392"},{"taxonomy":"product_cat","embeddable":true,"href":"https:\/\/miksch-werkzeugwechsler.de\/de\/wp-json\/wp\/v2\/product_cat?post=3392"}],"curies":[{"name":"wp","href":"https:\/\/api.w.org\/{rel}","templated":true}]}}