{"id":3374,"date":"2024-11-12T14:29:20","date_gmt":"2024-11-12T13:29:20","guid":{"rendered":"https:\/\/miksch-werkzeugwechsler.de\/?post_type=product&#038;p=3374"},"modified":"2026-03-30T10:05:00","modified_gmt":"2026-03-30T09:05:00","slug":"kurvengetriebe-fuer-viele-anwendungsfaelle-miksch-gmbh","status":"publish","type":"product","link":"https:\/\/miksch-werkzeugwechsler.de\/de\/produkt\/kurvengetriebe-fuer-viele-anwendungsfaelle-miksch-gmbh\/","title":{"rendered":"Kurvengetriebe f\u00fcr viele Anwendungsf\u00e4lle"},"content":{"rendered":"<div>\n<h2 class=\"title\" style=\"font-size: 24px; padding: 30px 0px 10px;\">IHRE VORTEILE AUF EINEN BLICK<\/h2>\n<div class=\"responsive-columns\">\n<div>\n<ul>\n<li><img decoding=\"async\" class=\"alignnone size-full wp-image-3279\" src=\"https:\/\/miksch-werkzeugwechsler.de\/wp-content\/uploads\/2020\/06\/Frame-116.png\" alt=\"\" width=\"16\" height=\"12\" \/> ger\u00e4uscharm <span style=\"color: #f0f0f0;\">&#8212;&#8212;&#8212;&#8212;&#8211;<\/span><\/li>\n<li><img decoding=\"async\" class=\"alignnone size-full wp-image-3279\" src=\"https:\/\/miksch-werkzeugwechsler.de\/wp-content\/uploads\/2020\/06\/Frame-116.png\" alt=\"\" width=\"16\" height=\"12\" \/> formschl\u00fcssig <span style=\"color: #f0f0f0;\">&#8212;&#8212;&#8212;&#8212;&#8211;<\/span><\/li>\n<li><img decoding=\"async\" class=\"alignnone wp-image-3279\" src=\"https:\/\/miksch-werkzeugwechsler.de\/wp-content\/uploads\/2020\/06\/Frame-116.png\" alt=\"\" width=\"16\" height=\"12\" \/> kurze Schaltzeiten <span style=\"color: #f0f0f0;\">&#8212;&#8212;&#8212;&#8212;&#8211;<\/span><\/li>\n<li><img decoding=\"async\" class=\"alignnone size-full wp-image-3279\" src=\"https:\/\/miksch-werkzeugwechsler.de\/wp-content\/uploads\/2020\/06\/Frame-116.png\" alt=\"\" width=\"16\" height=\"12\" \/> harmonischer Bewegungsablauf<\/li>\n<\/ul>\n<\/div>\n<div>\n<ul>\n<li><img decoding=\"async\" class=\"alignnone size-full wp-image-3279\" src=\"https:\/\/miksch-werkzeugwechsler.de\/wp-content\/uploads\/2020\/06\/Frame-116.png\" alt=\"\" width=\"16\" height=\"12\" \/> beliebige Einbaulage<\/li>\n<li><img decoding=\"async\" class=\"alignnone size-full wp-image-3279\" src=\"https:\/\/miksch-werkzeugwechsler.de\/wp-content\/uploads\/2020\/06\/Frame-116.png\" alt=\"\" width=\"16\" height=\"12\" \/> keine zus\u00e4tzliche Indexierung erforderlich<\/li>\n<li><img decoding=\"async\" class=\"alignnone size-full wp-image-3279\" src=\"https:\/\/miksch-werkzeugwechsler.de\/wp-content\/uploads\/2020\/06\/Frame-116.png\" alt=\"\" width=\"16\" height=\"12\" \/> direkter Anbau des Untersetzungsgetriebes am Geh\u00e4use<\/li>\n<\/ul>\n<\/div>\n<div>\n<ul>\n<li><img decoding=\"async\" class=\"alignnone size-full wp-image-3279\" src=\"https:\/\/miksch-werkzeugwechsler.de\/wp-content\/uploads\/2020\/06\/Frame-116.png\" alt=\"\" width=\"16\" height=\"12\" \/> kompaktes Geh\u00e4use<\/li>\n<li><img decoding=\"async\" class=\"alignnone size-full wp-image-3279\" src=\"https:\/\/miksch-werkzeugwechsler.de\/wp-content\/uploads\/2020\/06\/Frame-116.png\" alt=\"\" width=\"16\" height=\"12\" \/> lange Lebensdauer <span style=\"color: #f0f0f0;\">&#8212;&#8212;&#8212;&#8212;&#8211;<\/span><\/li>\n<li><img decoding=\"async\" class=\"alignnone size-full wp-image-3279\" src=\"https:\/\/miksch-werkzeugwechsler.de\/wp-content\/uploads\/2020\/06\/Frame-116.png\" alt=\"\" width=\"16\" height=\"12\" \/> weitgehend wartungsarm<\/li>\n<li><img decoding=\"async\" class=\"alignnone size-full wp-image-3279\" src=\"https:\/\/miksch-werkzeugwechsler.de\/wp-content\/uploads\/2020\/06\/Frame-116.png\" alt=\"\" width=\"16\" height=\"12\" \/> dauergeschmiert<\/li>\n<\/ul>\n<\/div>\n<\/div>\n<div>\n<h2 class=\"title\" style=\"font-size: 24px;\">VIDEOS<\/h2>\n<div class=\"product-video-thumb\"><iframe loading=\"lazy\" title=\"V\u00eddeo do produto\" src=\"https:\/\/www.youtube.com\/embed\/98CUYxMrEIo?si=qGctopnrgjxvbNrE\" width=\"560\" height=\"315\" frameborder=\"0\" allowfullscreen=\"allowfullscreen\"><\/iframe><\/div>\n<div class=\"product-video-thumb\"><iframe title=\"V\u00eddeo do produto\" src=\"https:\/\/www.youtube.com\/embed\/Glt48FsMPKI\" frameborder=\"0\" allowfullscreen=\"allowfullscreen\"><\/iframe><\/div>\n<h4 class=\"title\" style=\"font-size: 24px;\">UNSERE KURVENGETRIEBE IM \u00dcBERBLICK<\/h4>\n<p><!--more--><a href=\"https:\/\/miksch-werkzeugwechsler.de\/wp-content\/uploads\/2025\/01\/kurvengetriebe-pendelbewegung-auswahl-empfehlung-miksch-e1737381171974.webp\"><img decoding=\"async\" class=\"alignnone wp-image-4262 \" src=\"https:\/\/miksch-werkzeugwechsler.de\/wp-content\/uploads\/2025\/01\/kurvengetriebe-pendelbewegung-auswahl-empfehlung-miksch-e1737381171974-1024x526.webp\" alt=\"\" width=\"1172\" height=\"602\" srcset=\"https:\/\/miksch-werkzeugwechsler.de\/wp-content\/uploads\/2025\/01\/kurvengetriebe-pendelbewegung-auswahl-empfehlung-miksch-e1737381171974-1024x526.webp 1024w, https:\/\/miksch-werkzeugwechsler.de\/wp-content\/uploads\/2025\/01\/kurvengetriebe-pendelbewegung-auswahl-empfehlung-miksch-e1737381171974-300x154.webp 300w, https:\/\/miksch-werkzeugwechsler.de\/wp-content\/uploads\/2025\/01\/kurvengetriebe-pendelbewegung-auswahl-empfehlung-miksch-e1737381171974-768x394.webp 768w, https:\/\/miksch-werkzeugwechsler.de\/wp-content\/uploads\/2025\/01\/kurvengetriebe-pendelbewegung-auswahl-empfehlung-miksch-e1737381171974-1536x788.webp 1536w, https:\/\/miksch-werkzeugwechsler.de\/wp-content\/uploads\/2025\/01\/kurvengetriebe-pendelbewegung-auswahl-empfehlung-miksch-e1737381171974-2048x1051.webp 2048w, https:\/\/miksch-werkzeugwechsler.de\/wp-content\/uploads\/2025\/01\/kurvengetriebe-pendelbewegung-auswahl-empfehlung-miksch-e1737381171974-500x257.webp 500w\" sizes=\"(max-width: 1172px) 100vw, 1172px\" \/><\/a><\/p>\n<p><!--more--><\/p>\n<p><a href=\"https:\/\/miksch-werkzeugwechsler.de\/wp-content\/uploads\/2025\/02\/Auswahlmatrix_Kurvengetriebe_Schrittbewegungen_2500pixel.webp\"><img decoding=\"async\" class=\"alignnone wp-image-4403 \" src=\"https:\/\/miksch-werkzeugwechsler.de\/wp-content\/uploads\/2025\/02\/Auswahlmatrix_Kurvengetriebe_Schrittbewegungen_2500pixel-1024x772.webp\" alt=\"\" width=\"1174\" height=\"885\" srcset=\"https:\/\/miksch-werkzeugwechsler.de\/wp-content\/uploads\/2025\/02\/Auswahlmatrix_Kurvengetriebe_Schrittbewegungen_2500pixel-1024x772.webp 1024w, https:\/\/miksch-werkzeugwechsler.de\/wp-content\/uploads\/2025\/02\/Auswahlmatrix_Kurvengetriebe_Schrittbewegungen_2500pixel-300x226.webp 300w, https:\/\/miksch-werkzeugwechsler.de\/wp-content\/uploads\/2025\/02\/Auswahlmatrix_Kurvengetriebe_Schrittbewegungen_2500pixel-768x579.webp 768w, https:\/\/miksch-werkzeugwechsler.de\/wp-content\/uploads\/2025\/02\/Auswahlmatrix_Kurvengetriebe_Schrittbewegungen_2500pixel-1536x1158.webp 1536w, https:\/\/miksch-werkzeugwechsler.de\/wp-content\/uploads\/2025\/02\/Auswahlmatrix_Kurvengetriebe_Schrittbewegungen_2500pixel-2048x1544.webp 2048w, https:\/\/miksch-werkzeugwechsler.de\/wp-content\/uploads\/2025\/02\/Auswahlmatrix_Kurvengetriebe_Schrittbewegungen_2500pixel-500x377.webp 500w\" sizes=\"(max-width: 1174px) 100vw, 1174px\" \/><\/a><\/p>\n<\/div>\n<\/div>\n","protected":false},"excerpt":{"rendered":"<pre style=\"text-align: right;\"><strong><em>Schnell - Robust - Zuverl\u00e4ssig<\/em><\/strong><\/pre>\n<p><strong>MIKSCH Kurvengetriebe<\/strong> sind die ideale Antriebsl\u00f6sung f\u00fcr:<\/p>\n<p><img decoding=\"async\" class=\"alignnone size-full wp-image-3279\" src=\"https:\/\/miksch-werkzeugwechsler.de\/wp-content\/uploads\/2020\/06\/Frame-116.png\" alt=\"\" width=\"16\" height=\"12\" \/> in die gleiche Richtung fortlaufende Schrittbewegungen<\/p>\n<p><img decoding=\"async\" class=\"alignnone size-full wp-image-3279\" src=\"https:\/\/miksch-werkzeugwechsler.de\/wp-content\/uploads\/2020\/06\/Frame-116.png\" alt=\"\" width=\"16\" height=\"12\" \/> hin- und hergehende Pendelbewegungen<\/p>\n<p><img decoding=\"async\" class=\"alignnone size-full wp-image-3279\" src=\"https:\/\/miksch-werkzeugwechsler.de\/wp-content\/uploads\/2020\/06\/Frame-116.png\" alt=\"\" width=\"16\" height=\"12\" \/> kombinierte Bewegungen Im Raum oder in der Ebene<\/p>\n<p>W\u00e4hrend die Antriebswelle eines Kurvengetriebes mit konstanter Drehzahl angetrieben wird, f\u00fchrt dessen Abtriebsglied die gew\u00fcnschte Bewegung aus. Diese Bewegung erfolgt sto\u00df- und ruckfrei und ist damit \u00e4u\u00dferst harmonisch. Ger\u00e4uschentwicklung und Schwingungsanregung sind auf ein Minimum reduziert. Der Steuerungsaufwand f\u00fcr die Einbindung eines Kurvengetriebes in Ihre Anwendung beschr\u00e4nkt sich auf das Ein- und Ausschalten des Antriebsmotors. Unsere Kurvengetriebe sind formschl\u00fcssig, in den Stillstandsphasen spielfrei und bieten dadurch auf Dauer eine sehr hohe Pr\u00e4zision.<br \/>\nMIKSCH Kurvengetriebe gibt es in verschiedenen, auf die jeweiligen Anwendungsf\u00e4lle optimierten Ausf\u00fchrungen.<\/p>\n<p>Sie ben\u00f6tigen erste Technische Daten oder Details zu einem Kurvengetriebe? Kein Problem. Lassen Sie uns hierzu eine v\u00f6llig unverbindliche Anfrage zukommen und wir helfen Ihnen gerne weiter.<\/p>\n<p>Unter \u201eDownload\u201c finden Sie unseren technischen Fragebogen, damit wir Ihre Anfrage konkret auslegen k\u00f6nnen.<\/p>\n<div id=\"linkContainer\">\n<ul>\n<li><a href=\"\/wp-content\/uploads\/2026\/01\/M1326DD2601_Kurvengetriebe-Fragebogen.pdf\" target=\"_blank\" rel=\"noopener\">Fragebogen Kurvengetriebe<\/a><\/li>\n<\/ul>\n<\/div>\n","protected":false},"featured_media":4990,"comment_status":"closed","ping_status":"closed","template":"","meta":{"_acf_changed":false},"product_brand":[],"product_cat":[82],"class_list":{"0":"post-3374","1":"product","2":"type-product","3":"status-publish","4":"has-post-thumbnail","6":"product_cat-kurvengetriebe","8":"first","9":"instock","10":"shipping-taxable","11":"product-type-external"},"acf":[],"yoast_head":"<!-- This site is optimized with the Yoast SEO plugin v27.5 - https:\/\/yoast.com\/product\/yoast-seo-wordpress\/ -->\n<title>Kurvengetriebe f\u00fcr viele Anwendungsf\u00e4lle<\/title>\n<meta name=\"description\" content=\"Kurvengetriebe von MIKSCH - die ideale Antriebsl\u00f6sung f\u00fcr sto\u00df- und ruckfreie Schrittbewegungen, Pendel- &amp; kombinierte Bewegungen mit hoher Pr\u00e4zision.\" \/>\n<meta name=\"robots\" content=\"noindex, follow, max-snippet:-1, max-image-preview:large, max-video-preview:-1\" \/>\n<meta property=\"og:locale\" content=\"de_DE\" \/>\n<meta property=\"og:type\" content=\"article\" \/>\n<meta property=\"og:title\" content=\"Kurvengetriebe f\u00fcr viele Anwendungsf\u00e4lle\" \/>\n<meta property=\"og:description\" content=\"Kurvengetriebe von MIKSCH - die ideale Antriebsl\u00f6sung f\u00fcr sto\u00df- und ruckfreie Schrittbewegungen, Pendel- &amp; kombinierte Bewegungen mit hoher Pr\u00e4zision.\" \/>\n<meta property=\"og:url\" content=\"https:\/\/miksch-werkzeugwechsler.de\/de\/produkt\/kurvengetriebe-fuer-viele-anwendungsfaelle-miksch-gmbh\/\" \/>\n<meta property=\"og:site_name\" content=\"MIKSCH - accelerates\" \/>\n<meta property=\"article:publisher\" content=\"https:\/\/www.facebook.com\/people\/Miksch-GmbH\/100066497170541\/\" \/>\n<meta property=\"article:modified_time\" content=\"2026-03-30T09:05:00+00:00\" \/>\n<meta property=\"og:image\" content=\"https:\/\/miksch-werkzeugwechsler.de\/wp-content\/uploads\/2024\/11\/schrittgetriebe-kurvengetriebe-funktion-miksch-Vors_weis.webp\" \/>\n\t<meta property=\"og:image:width\" content=\"350\" \/>\n\t<meta property=\"og:image:height\" content=\"350\" \/>\n\t<meta property=\"og:image:type\" content=\"image\/webp\" \/>\n<meta name=\"twitter:card\" content=\"summary_large_image\" \/>\n<meta name=\"twitter:label1\" content=\"Gesch\u00e4tzte Lesezeit\" \/>\n\t<meta name=\"twitter:data1\" content=\"3\u00a0Minuten\" \/>\n<script type=\"application\/ld+json\" class=\"yoast-schema-graph\">{\"@context\":\"https:\\\/\\\/schema.org\",\"@graph\":[{\"@type\":\"WebPage\",\"@id\":\"https:\\\/\\\/miksch-werkzeugwechsler.de\\\/produkt\\\/kurvengetriebe-fuer-viele-anwendungsfaelle-miksch-gmbh\\\/\",\"url\":\"https:\\\/\\\/miksch-werkzeugwechsler.de\\\/produkt\\\/kurvengetriebe-fuer-viele-anwendungsfaelle-miksch-gmbh\\\/\",\"name\":\"Kurvengetriebe f\u00fcr viele Anwendungsf\u00e4lle\",\"isPartOf\":{\"@id\":\"https:\\\/\\\/miksch-werkzeugwechsler.de\\\/#website\"},\"primaryImageOfPage\":{\"@id\":\"https:\\\/\\\/miksch-werkzeugwechsler.de\\\/produkt\\\/kurvengetriebe-fuer-viele-anwendungsfaelle-miksch-gmbh\\\/#primaryimage\"},\"image\":{\"@id\":\"https:\\\/\\\/miksch-werkzeugwechsler.de\\\/produkt\\\/kurvengetriebe-fuer-viele-anwendungsfaelle-miksch-gmbh\\\/#primaryimage\"},\"thumbnailUrl\":\"https:\\\/\\\/miksch-werkzeugwechsler.de\\\/wp-content\\\/uploads\\\/2024\\\/11\\\/schrittgetriebe-kurvengetriebe-funktion-miksch-Vors_weis.webp\",\"datePublished\":\"2024-11-12T13:29:20+00:00\",\"dateModified\":\"2026-03-30T09:05:00+00:00\",\"description\":\"Kurvengetriebe von MIKSCH - die ideale Antriebsl\u00f6sung f\u00fcr sto\u00df- und ruckfreie Schrittbewegungen, Pendel- & kombinierte Bewegungen mit hoher Pr\u00e4zision.\",\"breadcrumb\":{\"@id\":\"https:\\\/\\\/miksch-werkzeugwechsler.de\\\/produkt\\\/kurvengetriebe-fuer-viele-anwendungsfaelle-miksch-gmbh\\\/#breadcrumb\"},\"inLanguage\":\"de\",\"potentialAction\":[{\"@type\":\"ReadAction\",\"target\":[\"https:\\\/\\\/miksch-werkzeugwechsler.de\\\/produkt\\\/kurvengetriebe-fuer-viele-anwendungsfaelle-miksch-gmbh\\\/\"]}]},{\"@type\":\"ImageObject\",\"inLanguage\":\"de\",\"@id\":\"https:\\\/\\\/miksch-werkzeugwechsler.de\\\/produkt\\\/kurvengetriebe-fuer-viele-anwendungsfaelle-miksch-gmbh\\\/#primaryimage\",\"url\":\"https:\\\/\\\/miksch-werkzeugwechsler.de\\\/wp-content\\\/uploads\\\/2024\\\/11\\\/schrittgetriebe-kurvengetriebe-funktion-miksch-Vors_weis.webp\",\"contentUrl\":\"https:\\\/\\\/miksch-werkzeugwechsler.de\\\/wp-content\\\/uploads\\\/2024\\\/11\\\/schrittgetriebe-kurvengetriebe-funktion-miksch-Vors_weis.webp\",\"width\":350,\"height\":350,\"caption\":\"Schaubild: Funktion eines Kurven-Schrittgetriebes.\"},{\"@type\":\"BreadcrumbList\",\"@id\":\"https:\\\/\\\/miksch-werkzeugwechsler.de\\\/produkt\\\/kurvengetriebe-fuer-viele-anwendungsfaelle-miksch-gmbh\\\/#breadcrumb\",\"itemListElement\":[{\"@type\":\"ListItem\",\"position\":1,\"name\":\"Home\",\"item\":\"https:\\\/\\\/miksch-werkzeugwechsler.de\\\/\"},{\"@type\":\"ListItem\",\"position\":2,\"name\":\"Produkte\",\"item\":\"https:\\\/\\\/miksch-werkzeugwechsler.de\\\/shop\\\/\"},{\"@type\":\"ListItem\",\"position\":3,\"name\":\"Kurvengetriebe f\u00fcr viele Anwendungsf\u00e4lle\"}]},{\"@type\":\"WebSite\",\"@id\":\"https:\\\/\\\/miksch-werkzeugwechsler.de\\\/#website\",\"url\":\"https:\\\/\\\/miksch-werkzeugwechsler.de\\\/\",\"name\":\"MIKSCH GmbH\",\"description\":\"\",\"publisher\":{\"@id\":\"https:\\\/\\\/miksch-werkzeugwechsler.de\\\/#organization\"},\"potentialAction\":[{\"@type\":\"SearchAction\",\"target\":{\"@type\":\"EntryPoint\",\"urlTemplate\":\"https:\\\/\\\/miksch-werkzeugwechsler.de\\\/?s={search_term_string}\"},\"query-input\":{\"@type\":\"PropertyValueSpecification\",\"valueRequired\":true,\"valueName\":\"search_term_string\"}}],\"inLanguage\":\"de\"},{\"@type\":\"Organization\",\"@id\":\"https:\\\/\\\/miksch-werkzeugwechsler.de\\\/#organization\",\"name\":\"MIKSCH GmbH\",\"url\":\"https:\\\/\\\/miksch-werkzeugwechsler.de\\\/\",\"logo\":{\"@type\":\"ImageObject\",\"inLanguage\":\"de\",\"@id\":\"https:\\\/\\\/miksch-werkzeugwechsler.de\\\/#\\\/schema\\\/logo\\\/image\\\/\",\"url\":\"https:\\\/\\\/miksch-werkzeugwechsler.de\\\/wp-content\\\/uploads\\\/2024\\\/11\\\/gcOnlineDirectory-5-2.png\",\"contentUrl\":\"https:\\\/\\\/miksch-werkzeugwechsler.de\\\/wp-content\\\/uploads\\\/2024\\\/11\\\/gcOnlineDirectory-5-2.png\",\"width\":227,\"height\":48,\"caption\":\"MIKSCH GmbH\"},\"image\":{\"@id\":\"https:\\\/\\\/miksch-werkzeugwechsler.de\\\/#\\\/schema\\\/logo\\\/image\\\/\"},\"sameAs\":[\"https:\\\/\\\/www.facebook.com\\\/people\\\/Miksch-GmbH\\\/100066497170541\\\/\",\"https:\\\/\\\/au.linkedin.com\\\/company\\\/miksch-gmbh\"]}]}<\/script>\n<!-- \/ Yoast SEO plugin. -->","yoast_head_json":{"title":"Kurvengetriebe f\u00fcr viele Anwendungsf\u00e4lle","description":"Kurvengetriebe von MIKSCH - die ideale Antriebsl\u00f6sung f\u00fcr sto\u00df- und ruckfreie Schrittbewegungen, Pendel- & kombinierte Bewegungen mit hoher Pr\u00e4zision.","robots":{"index":"noindex","follow":"follow","max-snippet":"max-snippet:-1","max-image-preview":"max-image-preview:large","max-video-preview":"max-video-preview:-1"},"og_locale":"de_DE","og_type":"article","og_title":"Kurvengetriebe f\u00fcr viele Anwendungsf\u00e4lle","og_description":"Kurvengetriebe von MIKSCH - die ideale Antriebsl\u00f6sung f\u00fcr sto\u00df- und ruckfreie Schrittbewegungen, Pendel- & kombinierte Bewegungen mit hoher Pr\u00e4zision.","og_url":"https:\/\/miksch-werkzeugwechsler.de\/de\/produkt\/kurvengetriebe-fuer-viele-anwendungsfaelle-miksch-gmbh\/","og_site_name":"MIKSCH - accelerates","article_publisher":"https:\/\/www.facebook.com\/people\/Miksch-GmbH\/100066497170541\/","article_modified_time":"2026-03-30T09:05:00+00:00","og_image":[{"width":350,"height":350,"url":"https:\/\/miksch-werkzeugwechsler.de\/wp-content\/uploads\/2024\/11\/schrittgetriebe-kurvengetriebe-funktion-miksch-Vors_weis.webp","type":"image\/webp"}],"twitter_card":"summary_large_image","twitter_misc":{"Gesch\u00e4tzte Lesezeit":"3\u00a0Minuten"},"schema":{"@context":"https:\/\/schema.org","@graph":[{"@type":"WebPage","@id":"https:\/\/miksch-werkzeugwechsler.de\/produkt\/kurvengetriebe-fuer-viele-anwendungsfaelle-miksch-gmbh\/","url":"https:\/\/miksch-werkzeugwechsler.de\/produkt\/kurvengetriebe-fuer-viele-anwendungsfaelle-miksch-gmbh\/","name":"Kurvengetriebe f\u00fcr viele Anwendungsf\u00e4lle","isPartOf":{"@id":"https:\/\/miksch-werkzeugwechsler.de\/#website"},"primaryImageOfPage":{"@id":"https:\/\/miksch-werkzeugwechsler.de\/produkt\/kurvengetriebe-fuer-viele-anwendungsfaelle-miksch-gmbh\/#primaryimage"},"image":{"@id":"https:\/\/miksch-werkzeugwechsler.de\/produkt\/kurvengetriebe-fuer-viele-anwendungsfaelle-miksch-gmbh\/#primaryimage"},"thumbnailUrl":"https:\/\/miksch-werkzeugwechsler.de\/wp-content\/uploads\/2024\/11\/schrittgetriebe-kurvengetriebe-funktion-miksch-Vors_weis.webp","datePublished":"2024-11-12T13:29:20+00:00","dateModified":"2026-03-30T09:05:00+00:00","description":"Kurvengetriebe von MIKSCH - die ideale Antriebsl\u00f6sung f\u00fcr sto\u00df- und ruckfreie Schrittbewegungen, Pendel- & kombinierte Bewegungen mit hoher Pr\u00e4zision.","breadcrumb":{"@id":"https:\/\/miksch-werkzeugwechsler.de\/produkt\/kurvengetriebe-fuer-viele-anwendungsfaelle-miksch-gmbh\/#breadcrumb"},"inLanguage":"de","potentialAction":[{"@type":"ReadAction","target":["https:\/\/miksch-werkzeugwechsler.de\/produkt\/kurvengetriebe-fuer-viele-anwendungsfaelle-miksch-gmbh\/"]}]},{"@type":"ImageObject","inLanguage":"de","@id":"https:\/\/miksch-werkzeugwechsler.de\/produkt\/kurvengetriebe-fuer-viele-anwendungsfaelle-miksch-gmbh\/#primaryimage","url":"https:\/\/miksch-werkzeugwechsler.de\/wp-content\/uploads\/2024\/11\/schrittgetriebe-kurvengetriebe-funktion-miksch-Vors_weis.webp","contentUrl":"https:\/\/miksch-werkzeugwechsler.de\/wp-content\/uploads\/2024\/11\/schrittgetriebe-kurvengetriebe-funktion-miksch-Vors_weis.webp","width":350,"height":350,"caption":"Schaubild: Funktion eines Kurven-Schrittgetriebes."},{"@type":"BreadcrumbList","@id":"https:\/\/miksch-werkzeugwechsler.de\/produkt\/kurvengetriebe-fuer-viele-anwendungsfaelle-miksch-gmbh\/#breadcrumb","itemListElement":[{"@type":"ListItem","position":1,"name":"Home","item":"https:\/\/miksch-werkzeugwechsler.de\/"},{"@type":"ListItem","position":2,"name":"Produkte","item":"https:\/\/miksch-werkzeugwechsler.de\/shop\/"},{"@type":"ListItem","position":3,"name":"Kurvengetriebe f\u00fcr viele Anwendungsf\u00e4lle"}]},{"@type":"WebSite","@id":"https:\/\/miksch-werkzeugwechsler.de\/#website","url":"https:\/\/miksch-werkzeugwechsler.de\/","name":"MIKSCH GmbH","description":"","publisher":{"@id":"https:\/\/miksch-werkzeugwechsler.de\/#organization"},"potentialAction":[{"@type":"SearchAction","target":{"@type":"EntryPoint","urlTemplate":"https:\/\/miksch-werkzeugwechsler.de\/?s={search_term_string}"},"query-input":{"@type":"PropertyValueSpecification","valueRequired":true,"valueName":"search_term_string"}}],"inLanguage":"de"},{"@type":"Organization","@id":"https:\/\/miksch-werkzeugwechsler.de\/#organization","name":"MIKSCH GmbH","url":"https:\/\/miksch-werkzeugwechsler.de\/","logo":{"@type":"ImageObject","inLanguage":"de","@id":"https:\/\/miksch-werkzeugwechsler.de\/#\/schema\/logo\/image\/","url":"https:\/\/miksch-werkzeugwechsler.de\/wp-content\/uploads\/2024\/11\/gcOnlineDirectory-5-2.png","contentUrl":"https:\/\/miksch-werkzeugwechsler.de\/wp-content\/uploads\/2024\/11\/gcOnlineDirectory-5-2.png","width":227,"height":48,"caption":"MIKSCH GmbH"},"image":{"@id":"https:\/\/miksch-werkzeugwechsler.de\/#\/schema\/logo\/image\/"},"sameAs":["https:\/\/www.facebook.com\/people\/Miksch-GmbH\/100066497170541\/","https:\/\/au.linkedin.com\/company\/miksch-gmbh"]}]}},"_links":{"self":[{"href":"https:\/\/miksch-werkzeugwechsler.de\/de\/wp-json\/wp\/v2\/product\/3374","targetHints":{"allow":["GET"]}}],"collection":[{"href":"https:\/\/miksch-werkzeugwechsler.de\/de\/wp-json\/wp\/v2\/product"}],"about":[{"href":"https:\/\/miksch-werkzeugwechsler.de\/de\/wp-json\/wp\/v2\/types\/product"}],"replies":[{"embeddable":true,"href":"https:\/\/miksch-werkzeugwechsler.de\/de\/wp-json\/wp\/v2\/comments?post=3374"}],"wp:featuredmedia":[{"embeddable":true,"href":"https:\/\/miksch-werkzeugwechsler.de\/de\/wp-json\/wp\/v2\/media\/4990"}],"wp:attachment":[{"href":"https:\/\/miksch-werkzeugwechsler.de\/de\/wp-json\/wp\/v2\/media?parent=3374"}],"wp:term":[{"taxonomy":"product_brand","embeddable":true,"href":"https:\/\/miksch-werkzeugwechsler.de\/de\/wp-json\/wp\/v2\/product_brand?post=3374"},{"taxonomy":"product_cat","embeddable":true,"href":"https:\/\/miksch-werkzeugwechsler.de\/de\/wp-json\/wp\/v2\/product_cat?post=3374"}],"curies":[{"name":"wp","href":"https:\/\/api.w.org\/{rel}","templated":true}]}}