{"id":3370,"date":"2024-11-12T14:00:11","date_gmt":"2024-11-12T13:00:11","guid":{"rendered":"https:\/\/miksch-werkzeugwechsler.de\/?post_type=product&#038;p=3370"},"modified":"2026-02-27T13:48:59","modified_gmt":"2026-02-27T12:48:59","slug":"rema-regalmagazine","status":"publish","type":"product","link":"https:\/\/miksch-werkzeugwechsler.de\/de\/produkt\/rema-regalmagazine\/","title":{"rendered":"REMA-Regalmagazine Wechseln ohne Unterbrechung"},"content":{"rendered":"<h2><\/h2>\n<h2 class=\"title\" style=\"font-size: 24px;padding: 30px 0px 10px;\">IHRE VORTEILE AUF EINEN BLICK<\/h2>\n<div class=\"responsive-columns\">\n<div>\n<h3 style=\"margin-bottom: 15px;\"><strong>Steigerung der Produktivit\u00e4t<\/strong><\/h3>\n<ul>\n<li><img decoding=\"async\" class=\"alignnone size-full wp-image-3279\" src=\"https:\/\/miksch-werkzeugwechsler.de\/wp-content\/uploads\/2020\/06\/Frame-116.png\" alt=\"\" width=\"16\" height=\"12\" \/> enorme Reduzierung bis vollst\u00e4ndige Eliminierung von Stillstands- und Umr\u00fcstzeiten<\/li>\n<li><img decoding=\"async\" class=\"alignnone size-full wp-image-3279\" src=\"https:\/\/miksch-werkzeugwechsler.de\/wp-content\/uploads\/2020\/06\/Frame-116.png\" alt=\"\" width=\"16\" height=\"12\" \/> verz\u00f6gerungsfreie Werkzeugwechsel an der Maschine durch Puffermagazin<\/li>\n<li><img decoding=\"async\" class=\"alignnone wp-image-3279\" src=\"https:\/\/miksch-werkzeugwechsler.de\/wp-content\/uploads\/2020\/06\/Frame-116.png\" alt=\"\" width=\"16\" height=\"12\" \/> intelligente Maschinenorganisation, z.B. Schublade f\u00fcr verschlissene Werkzeuge<\/li>\n<\/ul>\n<\/div>\n<div>\n<h3 style=\"margin-bottom: 15px;\"><strong>Flexibel in der Anwendung<\/strong><\/h3>\n<ul>\n<li><img decoding=\"async\" class=\"alignnone size-full wp-image-3279\" src=\"https:\/\/miksch-werkzeugwechsler.de\/wp-content\/uploads\/2020\/06\/Frame-116.png\" alt=\"\" width=\"16\" height=\"12\" \/> keine Festlegung mehr erforderlich von festen Magazingr\u00f6\u00dfen an der Maschine<\/li>\n<li><img decoding=\"async\" class=\"alignnone size-full wp-image-3279\" src=\"https:\/\/miksch-werkzeugwechsler.de\/wp-content\/uploads\/2020\/06\/Frame-116.png\" alt=\"\" width=\"16\" height=\"12\" \/>beliebige und einfache Erreichbarkeit durch den Einsatz mobiler Werkzeugcontainer<\/li>\n<li><img decoding=\"async\" class=\"alignnone size-full wp-image-3279\" src=\"https:\/\/miksch-werkzeugwechsler.de\/wp-content\/uploads\/2020\/06\/Frame-116.png\" alt=\"\" width=\"16\" height=\"12\" \/> Werkzeuge k\u00f6nnen variabel an verschiedenen Maschinen eingesetzt werden<\/li>\n<\/ul>\n<\/div>\n<div>\n<div style=\"margin-bottom: 15px;\"><strong>Reduzierung der Kosten<\/strong><\/div>\n<ul>\n<li><img decoding=\"async\" class=\"alignnone size-full wp-image-3279\" src=\"https:\/\/miksch-werkzeugwechsler.de\/wp-content\/uploads\/2020\/06\/Frame-116.png\" alt=\"\" width=\"16\" height=\"12\" \/> weltweit gr\u00f6\u00dfte Packungsdichte<\/li>\n<li><img decoding=\"async\" class=\"alignnone size-full wp-image-3279\" src=\"https:\/\/miksch-werkzeugwechsler.de\/wp-content\/uploads\/2020\/06\/Frame-116.png\" alt=\"\" width=\"16\" height=\"12\" \/> wirtschaftliche und einfache Konstruktion<\/li>\n<li><img decoding=\"async\" class=\"alignnone size-full wp-image-3279\" src=\"https:\/\/miksch-werkzeugwechsler.de\/wp-content\/uploads\/2020\/06\/Frame-116.png\" alt=\"\" width=\"16\" height=\"12\" \/> maximale Produktivit\u00e4t pro m\u00b2 Maschinenfl\u00e4che<\/li>\n<\/ul>\n<\/div>\n<\/div>\n<\/div>\n<h2 class=\"title\" style=\"font-size: 24px;\">TECHNISCHE DATEN<\/h2>\n<div lang=\"de\" style=\"width: 100%; max-width: 100%; overflow-x: auto; overflow-y: hidden;\">\n<table style=\"width: 100% !important; max-width: 100% !important; border-collapse: collapse; table-layout: fixed !important; font-size: 14px !important; line-height: 1.2 !important;\" border=\"1\">\n<tbody>\n<tr><!-- Linke Video-Spalte --><\/p>\n<td style=\"width: 33.333% !important; min-width: 320px; background: #c0c0c0; font-weight: bold; color: #000; padding: 12px; box-sizing: border-box; position: relative; vertical-align: top; overflow: hidden;\" rowspan=\"9\">\n<div style=\"position: absolute; left: 12px; right: 12px; top: 52px; bottom: 12px; display: flex; align-items: center; justify-content: center; overflow: hidden; z-index: 1;\">\n<div class=\"product-video-thumb\" style=\"height: 100%; width: auto; max-width: 100%; aspect-ratio: 16\/9; max-height: 360px; display: block !important; margin: 0 auto !important;\"><iframe loading=\"lazy\" style=\"width: 100% !important; height: 100% !important; border: 0; display: block !important; visibility: visible !important; opacity: 1 !important;\" title=\"V\u00eddeo do produto\" <iframe loading=\"lazy\" width=\"560\" height=\"315\" src=\"https:\/\/www.youtube.com\/embed\/rrzurvq2py0?si=8PfMbdAqmj55R5-b\" title=\"YouTube video player\" frameborder=\"0\" allow=\"accelerometer; autoplay; clipboard-write; encrypted-media; gyroscope; picture-in-picture; web-share\" referrerpolicy=\"strict-origin-when-cross-origin\" allowfullscreen><\/iframe>frameborder=&#8220;0&#8243; allowfullscreen=&#8220;allowfullscreen&#8220;><\/iframe><\/div>\n<\/div>\n<\/td>\n<td style=\"width: 33.333% !important; background: #c0c0c0; font-weight: bold; color: #000; padding: 6px 10px; vertical-align: middle; box-sizing: border-box; font-size: 14px !important; line-height: 1.2 !important; white-space: normal !important; overflow-wrap: anywhere; word-break: break-word; hyphens: auto;\">Bezeichnung<\/td>\n<td style=\"width: 33.333% !important; background: #d8d8d8; color: #000; padding: 6px 10px; vertical-align: middle; box-sizing: border-box; font-size: 14px !important; line-height: 1.2 !important; white-space: normal !important; overflow-wrap: anywhere; word-break: break-word; hyphens: auto;\">REMA<\/td>\n<\/tr>\n<tr>\n<td style=\"background: #cccccc; font-weight: bold; color: #000; padding: 6px 10px; vertical-align: middle; box-sizing: border-box; font-size: 14px !important; line-height: 1.2 !important; white-space: normal !important; overflow-wrap: anywhere; word-break: break-word; hyphens: auto;\">Werkzeuggewicht<\/td>\n<td style=\"background: #e4e4e4; color: #000; padding: 6px 10px; vertical-align: middle; box-sizing: border-box; font-size: 14px !important; line-height: 1.2 !important; white-space: normal !important; overflow-wrap: anywhere; word-break: break-word; hyphens: auto;\">bis 75 kg<\/td>\n<\/tr>\n<tr>\n<td style=\"background: #c0c0c0; font-weight: bold; color: #000; padding: 6px 10px; vertical-align: middle; box-sizing: border-box; font-size: 14px !important; line-height: 1.2 !important; white-space: normal !important; overflow-wrap: anywhere; word-break: break-word; hyphens: auto;\">Werkzeugl\u00e4nge<\/td>\n<td style=\"background: #d8d8d8; color: #000; padding: 6px 10px; vertical-align: middle; box-sizing: border-box; font-size: 14px !important; line-height: 1.2 !important; white-space: normal !important; overflow-wrap: anywhere; word-break: break-word; hyphens: auto;\">bis 700 mm<\/td>\n<\/tr>\n<tr>\n<td style=\"background: #cccccc; font-weight: bold; color: #000; padding: 6px 10px; vertical-align: middle; box-sizing: border-box; font-size: 14px !important; line-height: 1.2 !important; white-space: normal !important; overflow-wrap: anywhere; word-break: break-word; hyphens: auto;\">Werkzeugaufnahmen<\/td>\n<td style=\"background: #e4e4e4; color: #000; padding: 6px 10px; vertical-align: middle; box-sizing: border-box; font-size: 14px !important; line-height: 1.2 !important; white-space: normal !important; overflow-wrap: anywhere; word-break: break-word; hyphens: auto;\">alle g\u00e4ngigen Werkzeugaufnahmen<\/td>\n<\/tr>\n<tr>\n<td style=\"background: #c0c0c0; font-weight: bold; color: #000; padding: 6px 10px; vertical-align: middle; box-sizing: border-box; font-size: 14px !important; line-height: 1.2 !important; white-space: normal !important; overflow-wrap: anywhere; word-break: break-word; hyphens: auto;\">Anzahl der Pl\u00e4tze<\/td>\n<td style=\"background: #d8d8d8; color: #000; padding: 6px 10px; vertical-align: middle; box-sizing: border-box; font-size: 14px !important; line-height: 1.2 !important; white-space: normal !important; overflow-wrap: anywhere; word-break: break-word; hyphens: auto;\">bis 512<\/td>\n<\/tr>\n<tr>\n<td style=\"background: #cccccc; font-weight: bold; color: #000; padding: 6px 10px; vertical-align: middle; box-sizing: border-box; font-size: 14px !important; line-height: 1.2 !important; white-space: normal !important; overflow-wrap: anywhere; word-break: break-word; hyphens: auto;\">Werkzeugdurchmesser<\/td>\n<td style=\"background: #e4e4e4; color: #000; padding: 6px 10px; vertical-align: middle; box-sizing: border-box; font-size: 14px !important; line-height: 1.2 !important; white-space: normal !important; overflow-wrap: anywhere; word-break: break-word; hyphens: auto;\">max. 500 mm<\/td>\n<\/tr>\n<tr>\n<td style=\"background: #c0c0c0; font-weight: bold; color: #000; padding: 6px 10px; vertical-align: middle; box-sizing: border-box; font-size: 14px !important; line-height: 1.2 !important; white-space: normal !important; overflow-wrap: anywhere; word-break: break-word; hyphens: auto;\">Werkzeugwechselzeit<\/td>\n<td style=\"background: #d8d8d8; color: #000; padding: 6px 10px; vertical-align: middle; box-sizing: border-box; font-size: 14px !important; line-height: 1.2 !important; white-space: normal !important; overflow-wrap: anywhere; word-break: break-word; hyphens: auto;\">&lt; 1 s<\/td>\n<\/tr>\n<tr>\n<td style=\"background: #cccccc; font-weight: bold; color: #000; padding: 6px 10px; vertical-align: middle; box-sizing: border-box; font-size: 14px !important; line-height: 1.2 !important; white-space: normal !important; overflow-wrap: anywhere; word-break: break-word; hyphens: auto;\">Werkzeugbereitstellungszeit<\/td>\n<td style=\"background: #e4e4e4; color: #000; padding: 6px 10px; vertical-align: middle; box-sizing: border-box; font-size: 14px !important; line-height: 1.2 !important; white-space: normal !important; overflow-wrap: anywhere; word-break: break-word; hyphens: auto;\">&lt; 2 s<\/td>\n<\/tr>\n<tr>\n<td style=\"background: #c0c0c0; font-weight: bold; color: #000; padding: 6px 10px; vertical-align: middle; box-sizing: border-box; font-size: 14px !important; line-height: 1.2 !important; white-space: normal !important; overflow-wrap: anywhere; word-break: break-word; hyphens: auto;\">Magazin (Container)- Wechselzeit<\/td>\n<td style=\"background: #d8d8d8; color: #000; padding: 6px 10px; vertical-align: middle; box-sizing: border-box; font-size: 14px !important; line-height: 1.2 !important; white-space: normal !important; overflow-wrap: anywhere; word-break: break-word; hyphens: auto;\">&lt; 2 min<\/td>\n<\/tr>\n<\/tbody>\n<\/table>\n<\/div>\n<p><!-- Rechte Spalten (WRAP FIX) --><\/p>\n","protected":false},"excerpt":{"rendered":"<p>Das <strong>MIKSCH REMA-Regalmagazin<\/strong> kann beliebig viele Werkzeugpl\u00e4tze beinhalten und reduziert durch sein mobiles Magazinkonzept die Umr\u00fcstzeiten auf ein Minimum bzw. eliminiert sie sogar komplett.<\/p>\n<p>S\u00e4mtliche Werkzeuge werden, zum Beispiel sortiert nach Werkzeugs\u00e4tzen, in mobilen Containern (BOX) gelagert. Durch die Entkopplung von Magazin und Maschine k\u00f6nnen die Werkzeuge im laufenden Betrieb ohne Unterbrechung gewechselt werden! Ein Handhabungsmechanismus (KNIC) bringt die einzelnen Werkzeuge vom Magazin in optionales Puffermagazin (PUMA), bevor sie vom Werkzeugwechsler verz\u00f6gerungsfrei an die Maschine \u00fcbergeben werden.<\/p>\n<p>Sie ben\u00f6tigen erste Technische Daten oder Details zu einem REMA-Regalmagazin? Kein Problem. Lassen Sie uns hierzu eine v\u00f6llig unverbindliche Anfrage zukommen und wir helfen Ihnen gerne weiter.<\/p>\n<p>Erste Informationen zu REMA-Regalmagazinen erhalten Sie unter \u201cDownload\u201d.<\/p>\n","protected":false},"featured_media":4985,"comment_status":"closed","ping_status":"closed","template":"","meta":{"_acf_changed":false},"product_brand":[],"product_cat":[93],"class_list":{"0":"post-3370","1":"product","2":"type-product","3":"status-publish","4":"has-post-thumbnail","6":"product_cat-innovative-werkzeugmagazine-werkzeugspeicher-fuer-maximale-effizienz","8":"first","9":"instock","10":"shipping-taxable","11":"product-type-external"},"acf":[],"yoast_head":"<!-- This site is optimized with the Yoast SEO plugin v27.3 - https:\/\/yoast.com\/product\/yoast-seo-wordpress\/ -->\n<title>REMA-Regalmagazine Wechseln ohne Unterbrechung<\/title>\n<meta name=\"description\" content=\"Das REMA-Regalmagazin von MIKSCH reduziert Umr\u00fcstzeiten durch mobiles Magazinkonzept und erm\u00f6glicht unterbrechungsfreien Werkzeugwechsel.\" \/>\n<meta name=\"robots\" content=\"noindex, follow, max-snippet:-1, max-image-preview:large, max-video-preview:-1\" \/>\n<meta property=\"og:locale\" content=\"de_DE\" \/>\n<meta property=\"og:type\" content=\"article\" \/>\n<meta property=\"og:title\" content=\"REMA-Regalmagazine Wechseln ohne Unterbrechung\" \/>\n<meta property=\"og:description\" content=\"Das REMA-Regalmagazin von MIKSCH reduziert Umr\u00fcstzeiten durch mobiles Magazinkonzept und erm\u00f6glicht unterbrechungsfreien Werkzeugwechsel.\" \/>\n<meta property=\"og:url\" content=\"https:\/\/miksch-werkzeugwechsler.de\/de\/produkt\/rema-regalmagazine\/\" \/>\n<meta property=\"og:site_name\" content=\"MIKSCH - accelerates\" \/>\n<meta property=\"article:publisher\" content=\"https:\/\/www.facebook.com\/people\/Miksch-GmbH\/100066497170541\/\" \/>\n<meta property=\"article:modified_time\" content=\"2026-02-27T12:48:59+00:00\" \/>\n<meta property=\"og:image\" content=\"https:\/\/miksch-werkzeugwechsler.de\/wp-content\/uploads\/2024\/11\/werkzeugmagazin-regalmagazin-miksch-Vors_weis.webp\" \/>\n\t<meta property=\"og:image:width\" content=\"350\" \/>\n\t<meta property=\"og:image:height\" content=\"350\" \/>\n\t<meta property=\"og:image:type\" content=\"image\/webp\" \/>\n<meta name=\"twitter:card\" content=\"summary_large_image\" \/>\n<meta name=\"twitter:label1\" content=\"Gesch\u00e4tzte Lesezeit\" \/>\n\t<meta name=\"twitter:data1\" content=\"3\u00a0Minuten\" \/>\n<script type=\"application\/ld+json\" class=\"yoast-schema-graph\">{\"@context\":\"https:\\\/\\\/schema.org\",\"@graph\":[{\"@type\":\"WebPage\",\"@id\":\"https:\\\/\\\/miksch-werkzeugwechsler.de\\\/produkt\\\/rema-regalmagazine\\\/\",\"url\":\"https:\\\/\\\/miksch-werkzeugwechsler.de\\\/produkt\\\/rema-regalmagazine\\\/\",\"name\":\"REMA-Regalmagazine Wechseln ohne Unterbrechung\",\"isPartOf\":{\"@id\":\"https:\\\/\\\/miksch-werkzeugwechsler.de\\\/#website\"},\"primaryImageOfPage\":{\"@id\":\"https:\\\/\\\/miksch-werkzeugwechsler.de\\\/produkt\\\/rema-regalmagazine\\\/#primaryimage\"},\"image\":{\"@id\":\"https:\\\/\\\/miksch-werkzeugwechsler.de\\\/produkt\\\/rema-regalmagazine\\\/#primaryimage\"},\"thumbnailUrl\":\"https:\\\/\\\/miksch-werkzeugwechsler.de\\\/wp-content\\\/uploads\\\/2024\\\/11\\\/werkzeugmagazin-regalmagazin-miksch-Vors_weis.webp\",\"datePublished\":\"2024-11-12T13:00:11+00:00\",\"dateModified\":\"2026-02-27T12:48:59+00:00\",\"description\":\"Das REMA-Regalmagazin von MIKSCH reduziert Umr\u00fcstzeiten durch mobiles Magazinkonzept und erm\u00f6glicht unterbrechungsfreien Werkzeugwechsel.\",\"breadcrumb\":{\"@id\":\"https:\\\/\\\/miksch-werkzeugwechsler.de\\\/produkt\\\/rema-regalmagazine\\\/#breadcrumb\"},\"inLanguage\":\"de\",\"potentialAction\":[{\"@type\":\"ReadAction\",\"target\":[\"https:\\\/\\\/miksch-werkzeugwechsler.de\\\/produkt\\\/rema-regalmagazine\\\/\"]}]},{\"@type\":\"ImageObject\",\"inLanguage\":\"de\",\"@id\":\"https:\\\/\\\/miksch-werkzeugwechsler.de\\\/produkt\\\/rema-regalmagazine\\\/#primaryimage\",\"url\":\"https:\\\/\\\/miksch-werkzeugwechsler.de\\\/wp-content\\\/uploads\\\/2024\\\/11\\\/werkzeugmagazin-regalmagazin-miksch-Vors_weis.webp\",\"contentUrl\":\"https:\\\/\\\/miksch-werkzeugwechsler.de\\\/wp-content\\\/uploads\\\/2024\\\/11\\\/werkzeugmagazin-regalmagazin-miksch-Vors_weis.webp\",\"width\":350,\"height\":350,\"caption\":\"Regalmagazin: Werkzeuglagerung mit hoher Kapazit\u00e4t.\"},{\"@type\":\"BreadcrumbList\",\"@id\":\"https:\\\/\\\/miksch-werkzeugwechsler.de\\\/produkt\\\/rema-regalmagazine\\\/#breadcrumb\",\"itemListElement\":[{\"@type\":\"ListItem\",\"position\":1,\"name\":\"Home\",\"item\":\"https:\\\/\\\/miksch-werkzeugwechsler.de\\\/\"},{\"@type\":\"ListItem\",\"position\":2,\"name\":\"Produkte\",\"item\":\"https:\\\/\\\/miksch-werkzeugwechsler.de\\\/shop\\\/\"},{\"@type\":\"ListItem\",\"position\":3,\"name\":\"REMA-Regalmagazine Wechseln ohne Unterbrechung\"}]},{\"@type\":\"WebSite\",\"@id\":\"https:\\\/\\\/miksch-werkzeugwechsler.de\\\/#website\",\"url\":\"https:\\\/\\\/miksch-werkzeugwechsler.de\\\/\",\"name\":\"MIKSCH GmbH\",\"description\":\"\",\"publisher\":{\"@id\":\"https:\\\/\\\/miksch-werkzeugwechsler.de\\\/#organization\"},\"potentialAction\":[{\"@type\":\"SearchAction\",\"target\":{\"@type\":\"EntryPoint\",\"urlTemplate\":\"https:\\\/\\\/miksch-werkzeugwechsler.de\\\/?s={search_term_string}\"},\"query-input\":{\"@type\":\"PropertyValueSpecification\",\"valueRequired\":true,\"valueName\":\"search_term_string\"}}],\"inLanguage\":\"de\"},{\"@type\":\"Organization\",\"@id\":\"https:\\\/\\\/miksch-werkzeugwechsler.de\\\/#organization\",\"name\":\"MIKSCH GmbH\",\"url\":\"https:\\\/\\\/miksch-werkzeugwechsler.de\\\/\",\"logo\":{\"@type\":\"ImageObject\",\"inLanguage\":\"de\",\"@id\":\"https:\\\/\\\/miksch-werkzeugwechsler.de\\\/#\\\/schema\\\/logo\\\/image\\\/\",\"url\":\"https:\\\/\\\/miksch-werkzeugwechsler.de\\\/wp-content\\\/uploads\\\/2024\\\/11\\\/gcOnlineDirectory-5-2.png\",\"contentUrl\":\"https:\\\/\\\/miksch-werkzeugwechsler.de\\\/wp-content\\\/uploads\\\/2024\\\/11\\\/gcOnlineDirectory-5-2.png\",\"width\":227,\"height\":48,\"caption\":\"MIKSCH GmbH\"},\"image\":{\"@id\":\"https:\\\/\\\/miksch-werkzeugwechsler.de\\\/#\\\/schema\\\/logo\\\/image\\\/\"},\"sameAs\":[\"https:\\\/\\\/www.facebook.com\\\/people\\\/Miksch-GmbH\\\/100066497170541\\\/\",\"https:\\\/\\\/au.linkedin.com\\\/company\\\/miksch-gmbh\"]}]}<\/script>\n<!-- \/ Yoast SEO plugin. -->","yoast_head_json":{"title":"REMA-Regalmagazine Wechseln ohne Unterbrechung","description":"Das REMA-Regalmagazin von MIKSCH reduziert Umr\u00fcstzeiten durch mobiles Magazinkonzept und erm\u00f6glicht unterbrechungsfreien Werkzeugwechsel.","robots":{"index":"noindex","follow":"follow","max-snippet":"max-snippet:-1","max-image-preview":"max-image-preview:large","max-video-preview":"max-video-preview:-1"},"og_locale":"de_DE","og_type":"article","og_title":"REMA-Regalmagazine Wechseln ohne Unterbrechung","og_description":"Das REMA-Regalmagazin von MIKSCH reduziert Umr\u00fcstzeiten durch mobiles Magazinkonzept und erm\u00f6glicht unterbrechungsfreien Werkzeugwechsel.","og_url":"https:\/\/miksch-werkzeugwechsler.de\/de\/produkt\/rema-regalmagazine\/","og_site_name":"MIKSCH - accelerates","article_publisher":"https:\/\/www.facebook.com\/people\/Miksch-GmbH\/100066497170541\/","article_modified_time":"2026-02-27T12:48:59+00:00","og_image":[{"width":350,"height":350,"url":"https:\/\/miksch-werkzeugwechsler.de\/wp-content\/uploads\/2024\/11\/werkzeugmagazin-regalmagazin-miksch-Vors_weis.webp","type":"image\/webp"}],"twitter_card":"summary_large_image","twitter_misc":{"Gesch\u00e4tzte Lesezeit":"3\u00a0Minuten"},"schema":{"@context":"https:\/\/schema.org","@graph":[{"@type":"WebPage","@id":"https:\/\/miksch-werkzeugwechsler.de\/produkt\/rema-regalmagazine\/","url":"https:\/\/miksch-werkzeugwechsler.de\/produkt\/rema-regalmagazine\/","name":"REMA-Regalmagazine Wechseln ohne Unterbrechung","isPartOf":{"@id":"https:\/\/miksch-werkzeugwechsler.de\/#website"},"primaryImageOfPage":{"@id":"https:\/\/miksch-werkzeugwechsler.de\/produkt\/rema-regalmagazine\/#primaryimage"},"image":{"@id":"https:\/\/miksch-werkzeugwechsler.de\/produkt\/rema-regalmagazine\/#primaryimage"},"thumbnailUrl":"https:\/\/miksch-werkzeugwechsler.de\/wp-content\/uploads\/2024\/11\/werkzeugmagazin-regalmagazin-miksch-Vors_weis.webp","datePublished":"2024-11-12T13:00:11+00:00","dateModified":"2026-02-27T12:48:59+00:00","description":"Das REMA-Regalmagazin von MIKSCH reduziert Umr\u00fcstzeiten durch mobiles Magazinkonzept und erm\u00f6glicht unterbrechungsfreien Werkzeugwechsel.","breadcrumb":{"@id":"https:\/\/miksch-werkzeugwechsler.de\/produkt\/rema-regalmagazine\/#breadcrumb"},"inLanguage":"de","potentialAction":[{"@type":"ReadAction","target":["https:\/\/miksch-werkzeugwechsler.de\/produkt\/rema-regalmagazine\/"]}]},{"@type":"ImageObject","inLanguage":"de","@id":"https:\/\/miksch-werkzeugwechsler.de\/produkt\/rema-regalmagazine\/#primaryimage","url":"https:\/\/miksch-werkzeugwechsler.de\/wp-content\/uploads\/2024\/11\/werkzeugmagazin-regalmagazin-miksch-Vors_weis.webp","contentUrl":"https:\/\/miksch-werkzeugwechsler.de\/wp-content\/uploads\/2024\/11\/werkzeugmagazin-regalmagazin-miksch-Vors_weis.webp","width":350,"height":350,"caption":"Regalmagazin: Werkzeuglagerung mit hoher Kapazit\u00e4t."},{"@type":"BreadcrumbList","@id":"https:\/\/miksch-werkzeugwechsler.de\/produkt\/rema-regalmagazine\/#breadcrumb","itemListElement":[{"@type":"ListItem","position":1,"name":"Home","item":"https:\/\/miksch-werkzeugwechsler.de\/"},{"@type":"ListItem","position":2,"name":"Produkte","item":"https:\/\/miksch-werkzeugwechsler.de\/shop\/"},{"@type":"ListItem","position":3,"name":"REMA-Regalmagazine Wechseln ohne Unterbrechung"}]},{"@type":"WebSite","@id":"https:\/\/miksch-werkzeugwechsler.de\/#website","url":"https:\/\/miksch-werkzeugwechsler.de\/","name":"MIKSCH GmbH","description":"","publisher":{"@id":"https:\/\/miksch-werkzeugwechsler.de\/#organization"},"potentialAction":[{"@type":"SearchAction","target":{"@type":"EntryPoint","urlTemplate":"https:\/\/miksch-werkzeugwechsler.de\/?s={search_term_string}"},"query-input":{"@type":"PropertyValueSpecification","valueRequired":true,"valueName":"search_term_string"}}],"inLanguage":"de"},{"@type":"Organization","@id":"https:\/\/miksch-werkzeugwechsler.de\/#organization","name":"MIKSCH GmbH","url":"https:\/\/miksch-werkzeugwechsler.de\/","logo":{"@type":"ImageObject","inLanguage":"de","@id":"https:\/\/miksch-werkzeugwechsler.de\/#\/schema\/logo\/image\/","url":"https:\/\/miksch-werkzeugwechsler.de\/wp-content\/uploads\/2024\/11\/gcOnlineDirectory-5-2.png","contentUrl":"https:\/\/miksch-werkzeugwechsler.de\/wp-content\/uploads\/2024\/11\/gcOnlineDirectory-5-2.png","width":227,"height":48,"caption":"MIKSCH GmbH"},"image":{"@id":"https:\/\/miksch-werkzeugwechsler.de\/#\/schema\/logo\/image\/"},"sameAs":["https:\/\/www.facebook.com\/people\/Miksch-GmbH\/100066497170541\/","https:\/\/au.linkedin.com\/company\/miksch-gmbh"]}]}},"_links":{"self":[{"href":"https:\/\/miksch-werkzeugwechsler.de\/de\/wp-json\/wp\/v2\/product\/3370","targetHints":{"allow":["GET"]}}],"collection":[{"href":"https:\/\/miksch-werkzeugwechsler.de\/de\/wp-json\/wp\/v2\/product"}],"about":[{"href":"https:\/\/miksch-werkzeugwechsler.de\/de\/wp-json\/wp\/v2\/types\/product"}],"replies":[{"embeddable":true,"href":"https:\/\/miksch-werkzeugwechsler.de\/de\/wp-json\/wp\/v2\/comments?post=3370"}],"wp:featuredmedia":[{"embeddable":true,"href":"https:\/\/miksch-werkzeugwechsler.de\/de\/wp-json\/wp\/v2\/media\/4985"}],"wp:attachment":[{"href":"https:\/\/miksch-werkzeugwechsler.de\/de\/wp-json\/wp\/v2\/media?parent=3370"}],"wp:term":[{"taxonomy":"product_brand","embeddable":true,"href":"https:\/\/miksch-werkzeugwechsler.de\/de\/wp-json\/wp\/v2\/product_brand?post=3370"},{"taxonomy":"product_cat","embeddable":true,"href":"https:\/\/miksch-werkzeugwechsler.de\/de\/wp-json\/wp\/v2\/product_cat?post=3370"}],"curies":[{"name":"wp","href":"https:\/\/api.w.org\/{rel}","templated":true}]}}