{"id":3356,"date":"2024-11-12T11:49:57","date_gmt":"2024-11-12T10:49:57","guid":{"rendered":"https:\/\/miksch-werkzeugwechsler.de\/?post_type=product&#038;p=3356"},"modified":"2026-03-30T10:28:09","modified_gmt":"2026-03-30T09:28:09","slug":"optimierte-werkzeugwechsler-fuer-dreh-fraeszentren","status":"publish","type":"product","link":"https:\/\/miksch-werkzeugwechsler.de\/de\/produkt\/optimierte-werkzeugwechsler-fuer-dreh-fraeszentren\/","title":{"rendered":"Werkzeugwechsler f\u00fcr Dreh-Fr\u00e4szentren"},"content":{"rendered":"<h2><\/h2>\n<h2 class=\"title\" style=\"font-size: 24px; padding: 30px 0px 10px;\">IHRE VORTEILE AUF EINEN BLICK<\/h2>\n<div class=\"responsive-columns\">\n<div>\n<h3 style=\"margin-bottom: 15px;\"><strong>Steigerung der Produktivit\u00e4t<\/strong><\/h3>\n<ul>\n<li><img decoding=\"async\" class=\"alignnone size-full wp-image-3279\" src=\"https:\/\/miksch-werkzeugwechsler.de\/wp-content\/uploads\/2020\/06\/Frame-116.png\" alt=\"\" width=\"16\" height=\"12\" \/> Werkzeugwechsel &lt; 0,5 s<\/li>\n<li><img decoding=\"async\" class=\"alignnone size-full wp-image-3279\" src=\"https:\/\/miksch-werkzeugwechsler.de\/wp-content\/uploads\/2020\/06\/Frame-116.png\" alt=\"\" width=\"16\" height=\"12\" \/> Werkzeuggewicht bis 85 kg m\u00f6glich<\/li>\n<li><img decoding=\"async\" class=\"alignnone wp-image-3279\" src=\"https:\/\/miksch-werkzeugwechsler.de\/wp-content\/uploads\/2020\/06\/Frame-116.png\" alt=\"\" width=\"16\" height=\"12\" \/> reduziert Stillstandszeiten<\/li>\n<li><img decoding=\"async\" class=\"alignnone wp-image-3279\" src=\"https:\/\/miksch-werkzeugwechsler.de\/wp-content\/uploads\/2020\/06\/Frame-116.png\" alt=\"\" width=\"16\" height=\"12\" \/> hohe Kippmomente<\/li>\n<li><img decoding=\"async\" class=\"alignnone wp-image-3279\" src=\"https:\/\/miksch-werkzeugwechsler.de\/wp-content\/uploads\/2020\/06\/Frame-116.png\" alt=\"\" width=\"16\" height=\"12\" \/> einfache und schnelle Integration sowie Austausch<\/li>\n<\/ul>\n<\/div>\n<div>\n<h3 style=\"margin-bottom: 15px;\"><strong>Flexibel in der Anwendung<\/strong><\/h3>\n<ul>\n<li><img decoding=\"async\" class=\"alignnone size-full wp-image-3279\" src=\"https:\/\/miksch-werkzeugwechsler.de\/wp-content\/uploads\/2020\/06\/Frame-116.png\" alt=\"\" width=\"16\" height=\"12\" \/> horizontale und vertikale Einbaulage<\/li>\n<li><img decoding=\"async\" class=\"alignnone size-full wp-image-3279\" src=\"https:\/\/miksch-werkzeugwechsler.de\/wp-content\/uploads\/2020\/06\/Frame-116.png\" alt=\"\" width=\"16\" height=\"12\" \/> Positionierung neben oder gegen\u00fcber der Spindel<\/li>\n<li><img decoding=\"async\" class=\"alignnone size-full wp-image-3279\" src=\"https:\/\/miksch-werkzeugwechsler.de\/wp-content\/uploads\/2020\/06\/Frame-116.png\" alt=\"\" width=\"16\" height=\"12\" \/> alle g\u00e4ngigen Werkzeugaufnahmen<\/li>\n<li><img decoding=\"async\" class=\"alignnone size-full wp-image-3279\" src=\"https:\/\/miksch-werkzeugwechsler.de\/wp-content\/uploads\/2020\/06\/Frame-116.png\" alt=\"\" width=\"16\" height=\"12\" \/> Sonderaufnahmen auf Anfrage<\/li>\n<li><img decoding=\"async\" class=\"alignnone size-full wp-image-3279\" src=\"https:\/\/miksch-werkzeugwechsler.de\/wp-content\/uploads\/2020\/06\/Frame-116.png\" alt=\"\" width=\"16\" height=\"12\" \/> mit oder ohne Vorverriegelung<\/li>\n<\/ul>\n<\/div>\n<div>\n<h3 style=\"margin-bottom: 15px;\"><strong>Reduzierung der Kosten<\/strong><\/h3>\n<ul>\n<li><img decoding=\"async\" class=\"alignnone size-full wp-image-3279\" src=\"https:\/\/miksch-werkzeugwechsler.de\/wp-content\/uploads\/2020\/06\/Frame-116.png\" alt=\"\" width=\"16\" height=\"12\" \/> robust und zuverl\u00e4ssig<\/li>\n<li><img decoding=\"async\" class=\"alignnone size-full wp-image-3279\" src=\"https:\/\/miksch-werkzeugwechsler.de\/wp-content\/uploads\/2020\/06\/Frame-116.png\" alt=\"\" width=\"16\" height=\"12\" \/> lange Verf\u00fcgbarkeit von Ersatzteilen<\/li>\n<li><img decoding=\"async\" class=\"alignnone size-full wp-image-3279\" src=\"https:\/\/miksch-werkzeugwechsler.de\/wp-content\/uploads\/2020\/06\/Frame-116.png\" alt=\"\" width=\"16\" height=\"12\" \/> geringer Wartungsaufwand<\/li>\n<li><img decoding=\"async\" class=\"alignnone size-full wp-image-3279\" src=\"https:\/\/miksch-werkzeugwechsler.de\/wp-content\/uploads\/2020\/06\/Frame-116.png\" alt=\"\" width=\"16\" height=\"12\" \/> keine zus\u00e4tzliche Steuerung erforderlich<\/li>\n<li><img decoding=\"async\" class=\"alignnone size-full wp-image-3279\" src=\"https:\/\/miksch-werkzeugwechsler.de\/wp-content\/uploads\/2020\/06\/Frame-116.png\" alt=\"\" width=\"16\" height=\"12\" \/> frei von Hydraulik<\/li>\n<\/ul>\n<\/div>\n<\/div>\n<h2 class=\"title\" style=\"font-size: 24px;\">TECHNISCHE DATEN<\/h2>\n<table style=\"font-size: 14px !important; line-height: 22px !important;\" border=\"1\">\n<tbody>\n<tr>\n<td style=\"background: #c0c0c0; font-weight: bold; color: #000000;\">Bezeichnung<\/td>\n<td style=\"background: #d8d8d8; color: #000000;\">ATC, HTC, MTC<\/td>\n<\/tr>\n<tr>\n<td style=\"background: #cccccc; font-weight: bold; color: #000000;\">Werkzeuggewicht<\/td>\n<td style=\"background: #e4e4e4; color: #000000;\">bis 85 kg<\/td>\n<\/tr>\n<tr>\n<td style=\"background: #c0c0c0; font-weight: bold; color: #000000;\">Einbaulage<\/td>\n<td style=\"background: #d8d8d8; color: #000000;\">horizontal und vertikal<\/td>\n<\/tr>\n<tr>\n<td style=\"background: #cccccc; font-weight: bold; color: #000000;\">Positionierung der Spindel<\/td>\n<td style=\"background: #e4e4e4; color: #000000;\">neben oder gegen\u00fcber<\/td>\n<\/tr>\n<tr>\n<td style=\"background: #c0c0c0; font-weight: bold; color: #000000;\">Antrieb<\/td>\n<td style=\"background: #d8d8d8; color: #000000;\">Drehstrom-Bremsmotor, Drehstrommotor, Servomotor<\/td>\n<\/tr>\n<tr>\n<td style=\"background: #cccccc; font-weight: bold; color: #000000;\">Werkzeugaufnahmen<\/td>\n<td style=\"background: #e4e4e4; color: #000000;\">alle g\u00e4ngigen Werkzeugaufnahme<br \/>\nSonderaufnahmen auf Anfrage<\/td>\n<\/tr>\n<tr>\n<td style=\"background: #c0c0c0; font-weight: bold; color: #000000;\">Wechselzeit<\/td>\n<td style=\"background: #d8d8d8; color: #000000;\">&lt; 0,5 s<\/td>\n<\/tr>\n<\/tbody>\n<\/table>\n","protected":false},"excerpt":{"rendered":"<p>Mit dem <strong>MIKSCH Werkzeugwechsler<\/strong> k\u00f6nnen Sie Ihre Produktionsprozesse noch effizienter gestalten und damit wertvolle Zeit sparen. Dank der kurvengesteuerten Mechanik sind pr\u00e4zise und schnelle Werkzeugwechsel m\u00f6glich.<\/p>\n<p>Eine schnelle und zuverl\u00e4ssige Werkzeug-Handhabung in \u2028<strong>Dreh-Fr\u00e4szentren<\/strong> erreicht man mit unseren Werkzeugwechslern besonders gut.<\/p>\n<p>Sie ben\u00f6tigen erste Technische Daten oder Details zu einem Werkzeugwechsler f\u00fcr Dreh-Fr\u00e4szentren? Kein Problem. Lassen Sie uns hierzu eine v\u00f6llig unverbindliche Anfrage zukommen und wir helfen Ihnen gerne weiter.<\/p>\n<p>Unter \u201eDownload\u201c finden Sie unseren technischen Fragebogen, damit wir Ihre Anfrage konkret auslegen k\u00f6nnen.<\/p>\n<style>\n.header-style-2 #site-header { background: #ffffff !important;}<br \/><\/style>\n<div id=\"linkContainer\">\n<ul>\n<li><a href=\"\/wp-content\/uploads\/2026\/01\/M1323DD2412_WerkzeugwechslerFragebogen.pdf\" target=\"_blank\" rel=\"noopener\">Fragebogen Werkzeugwechsler<\/a><\/li>\n<\/ul>\n<\/div>\n","protected":false},"featured_media":4342,"comment_status":"closed","ping_status":"closed","template":"","meta":{"_acf_changed":false},"product_brand":[],"product_cat":[80],"class_list":{"0":"post-3356","1":"product","2":"type-product","3":"status-publish","4":"has-post-thumbnail","6":"product_cat-werkzeugwechsler-fuer-ihre-produktion-miksch-gmbh","8":"first","9":"instock","10":"shipping-taxable","11":"product-type-external"},"acf":[],"yoast_head":"<!-- This site is optimized with the Yoast SEO plugin v27.3 - https:\/\/yoast.com\/product\/yoast-seo-wordpress\/ -->\n<title>Werkzeugwechsler f\u00fcr Dreh-Fr\u00e4szentren<\/title>\n<meta name=\"description\" content=\"Optimierte Werkzeugwechsler f\u00fcr Dreh-Fr\u00e4szentren - Schnelle &amp; zuverl\u00e4ssige Werkzeug-Handhabung - Kontaktieren Sie uns f\u00fcr Details.\" \/>\n<meta name=\"robots\" content=\"noindex, follow, max-snippet:-1, max-image-preview:large, max-video-preview:-1\" \/>\n<meta property=\"og:locale\" content=\"de_DE\" \/>\n<meta property=\"og:type\" content=\"article\" \/>\n<meta property=\"og:title\" content=\"Werkzeugwechsler f\u00fcr Dreh-Fr\u00e4szentren\" \/>\n<meta property=\"og:description\" content=\"Optimierte Werkzeugwechsler f\u00fcr Dreh-Fr\u00e4szentren - Schnelle &amp; zuverl\u00e4ssige Werkzeug-Handhabung - Kontaktieren Sie uns f\u00fcr Details.\" \/>\n<meta property=\"og:url\" content=\"https:\/\/miksch-werkzeugwechsler.de\/de\/produkt\/optimierte-werkzeugwechsler-fuer-dreh-fraeszentren\/\" \/>\n<meta property=\"og:site_name\" content=\"MIKSCH - accelerates\" \/>\n<meta property=\"article:publisher\" content=\"https:\/\/www.facebook.com\/people\/Miksch-GmbH\/100066497170541\/\" \/>\n<meta property=\"article:modified_time\" content=\"2026-03-30T09:28:09+00:00\" \/>\n<meta property=\"og:image\" content=\"https:\/\/miksch-werkzeugwechsler.de\/wp-content\/uploads\/2025\/01\/werkzeugwechsler-werkzeuge-75kg-werkzeuggewicht-horizontal-miksch-Vors.webp\" \/>\n\t<meta property=\"og:image:width\" content=\"350\" \/>\n\t<meta property=\"og:image:height\" content=\"350\" \/>\n\t<meta property=\"og:image:type\" content=\"image\/webp\" \/>\n<meta name=\"twitter:card\" content=\"summary_large_image\" \/>\n<meta name=\"twitter:label1\" content=\"Gesch\u00e4tzte Lesezeit\" \/>\n\t<meta name=\"twitter:data1\" content=\"4\u00a0Minuten\" \/>\n<script type=\"application\/ld+json\" class=\"yoast-schema-graph\">{\"@context\":\"https:\\\/\\\/schema.org\",\"@graph\":[{\"@type\":\"WebPage\",\"@id\":\"https:\\\/\\\/miksch-werkzeugwechsler.de\\\/produkt\\\/optimierte-werkzeugwechsler-fuer-dreh-fraeszentren\\\/\",\"url\":\"https:\\\/\\\/miksch-werkzeugwechsler.de\\\/produkt\\\/optimierte-werkzeugwechsler-fuer-dreh-fraeszentren\\\/\",\"name\":\"Werkzeugwechsler f\u00fcr Dreh-Fr\u00e4szentren\",\"isPartOf\":{\"@id\":\"https:\\\/\\\/miksch-werkzeugwechsler.de\\\/#website\"},\"primaryImageOfPage\":{\"@id\":\"https:\\\/\\\/miksch-werkzeugwechsler.de\\\/produkt\\\/optimierte-werkzeugwechsler-fuer-dreh-fraeszentren\\\/#primaryimage\"},\"image\":{\"@id\":\"https:\\\/\\\/miksch-werkzeugwechsler.de\\\/produkt\\\/optimierte-werkzeugwechsler-fuer-dreh-fraeszentren\\\/#primaryimage\"},\"thumbnailUrl\":\"https:\\\/\\\/miksch-werkzeugwechsler.de\\\/wp-content\\\/uploads\\\/2025\\\/01\\\/werkzeugwechsler-werkzeuge-75kg-werkzeuggewicht-horizontal-miksch-Vors.webp\",\"datePublished\":\"2024-11-12T10:49:57+00:00\",\"dateModified\":\"2026-03-30T09:28:09+00:00\",\"description\":\"Optimierte Werkzeugwechsler f\u00fcr Dreh-Fr\u00e4szentren - Schnelle & zuverl\u00e4ssige Werkzeug-Handhabung - Kontaktieren Sie uns f\u00fcr Details.\",\"breadcrumb\":{\"@id\":\"https:\\\/\\\/miksch-werkzeugwechsler.de\\\/produkt\\\/optimierte-werkzeugwechsler-fuer-dreh-fraeszentren\\\/#breadcrumb\"},\"inLanguage\":\"de\",\"potentialAction\":[{\"@type\":\"ReadAction\",\"target\":[\"https:\\\/\\\/miksch-werkzeugwechsler.de\\\/produkt\\\/optimierte-werkzeugwechsler-fuer-dreh-fraeszentren\\\/\"]}]},{\"@type\":\"ImageObject\",\"inLanguage\":\"de\",\"@id\":\"https:\\\/\\\/miksch-werkzeugwechsler.de\\\/produkt\\\/optimierte-werkzeugwechsler-fuer-dreh-fraeszentren\\\/#primaryimage\",\"url\":\"https:\\\/\\\/miksch-werkzeugwechsler.de\\\/wp-content\\\/uploads\\\/2025\\\/01\\\/werkzeugwechsler-werkzeuge-75kg-werkzeuggewicht-horizontal-miksch-Vors.webp\",\"contentUrl\":\"https:\\\/\\\/miksch-werkzeugwechsler.de\\\/wp-content\\\/uploads\\\/2025\\\/01\\\/werkzeugwechsler-werkzeuge-75kg-werkzeuggewicht-horizontal-miksch-Vors.webp\",\"width\":350,\"height\":350,\"caption\":\"Horizontaler Werkzeugwechsler f\u00fcr Werkzeuge bis 75\u202fkg Gewicht.\"},{\"@type\":\"BreadcrumbList\",\"@id\":\"https:\\\/\\\/miksch-werkzeugwechsler.de\\\/produkt\\\/optimierte-werkzeugwechsler-fuer-dreh-fraeszentren\\\/#breadcrumb\",\"itemListElement\":[{\"@type\":\"ListItem\",\"position\":1,\"name\":\"Home\",\"item\":\"https:\\\/\\\/miksch-werkzeugwechsler.de\\\/\"},{\"@type\":\"ListItem\",\"position\":2,\"name\":\"Produkte\",\"item\":\"https:\\\/\\\/miksch-werkzeugwechsler.de\\\/shop\\\/\"},{\"@type\":\"ListItem\",\"position\":3,\"name\":\"Werkzeugwechsler f\u00fcr Dreh-Fr\u00e4szentren\"}]},{\"@type\":\"WebSite\",\"@id\":\"https:\\\/\\\/miksch-werkzeugwechsler.de\\\/#website\",\"url\":\"https:\\\/\\\/miksch-werkzeugwechsler.de\\\/\",\"name\":\"MIKSCH GmbH\",\"description\":\"\",\"publisher\":{\"@id\":\"https:\\\/\\\/miksch-werkzeugwechsler.de\\\/#organization\"},\"potentialAction\":[{\"@type\":\"SearchAction\",\"target\":{\"@type\":\"EntryPoint\",\"urlTemplate\":\"https:\\\/\\\/miksch-werkzeugwechsler.de\\\/?s={search_term_string}\"},\"query-input\":{\"@type\":\"PropertyValueSpecification\",\"valueRequired\":true,\"valueName\":\"search_term_string\"}}],\"inLanguage\":\"de\"},{\"@type\":\"Organization\",\"@id\":\"https:\\\/\\\/miksch-werkzeugwechsler.de\\\/#organization\",\"name\":\"MIKSCH GmbH\",\"url\":\"https:\\\/\\\/miksch-werkzeugwechsler.de\\\/\",\"logo\":{\"@type\":\"ImageObject\",\"inLanguage\":\"de\",\"@id\":\"https:\\\/\\\/miksch-werkzeugwechsler.de\\\/#\\\/schema\\\/logo\\\/image\\\/\",\"url\":\"https:\\\/\\\/miksch-werkzeugwechsler.de\\\/wp-content\\\/uploads\\\/2024\\\/11\\\/gcOnlineDirectory-5-2.png\",\"contentUrl\":\"https:\\\/\\\/miksch-werkzeugwechsler.de\\\/wp-content\\\/uploads\\\/2024\\\/11\\\/gcOnlineDirectory-5-2.png\",\"width\":227,\"height\":48,\"caption\":\"MIKSCH GmbH\"},\"image\":{\"@id\":\"https:\\\/\\\/miksch-werkzeugwechsler.de\\\/#\\\/schema\\\/logo\\\/image\\\/\"},\"sameAs\":[\"https:\\\/\\\/www.facebook.com\\\/people\\\/Miksch-GmbH\\\/100066497170541\\\/\",\"https:\\\/\\\/au.linkedin.com\\\/company\\\/miksch-gmbh\"]}]}<\/script>\n<!-- \/ Yoast SEO plugin. -->","yoast_head_json":{"title":"Werkzeugwechsler f\u00fcr Dreh-Fr\u00e4szentren","description":"Optimierte Werkzeugwechsler f\u00fcr Dreh-Fr\u00e4szentren - Schnelle & zuverl\u00e4ssige Werkzeug-Handhabung - Kontaktieren Sie uns f\u00fcr Details.","robots":{"index":"noindex","follow":"follow","max-snippet":"max-snippet:-1","max-image-preview":"max-image-preview:large","max-video-preview":"max-video-preview:-1"},"og_locale":"de_DE","og_type":"article","og_title":"Werkzeugwechsler f\u00fcr Dreh-Fr\u00e4szentren","og_description":"Optimierte Werkzeugwechsler f\u00fcr Dreh-Fr\u00e4szentren - Schnelle & zuverl\u00e4ssige Werkzeug-Handhabung - Kontaktieren Sie uns f\u00fcr Details.","og_url":"https:\/\/miksch-werkzeugwechsler.de\/de\/produkt\/optimierte-werkzeugwechsler-fuer-dreh-fraeszentren\/","og_site_name":"MIKSCH - accelerates","article_publisher":"https:\/\/www.facebook.com\/people\/Miksch-GmbH\/100066497170541\/","article_modified_time":"2026-03-30T09:28:09+00:00","og_image":[{"width":350,"height":350,"url":"https:\/\/miksch-werkzeugwechsler.de\/wp-content\/uploads\/2025\/01\/werkzeugwechsler-werkzeuge-75kg-werkzeuggewicht-horizontal-miksch-Vors.webp","type":"image\/webp"}],"twitter_card":"summary_large_image","twitter_misc":{"Gesch\u00e4tzte Lesezeit":"4\u00a0Minuten"},"schema":{"@context":"https:\/\/schema.org","@graph":[{"@type":"WebPage","@id":"https:\/\/miksch-werkzeugwechsler.de\/produkt\/optimierte-werkzeugwechsler-fuer-dreh-fraeszentren\/","url":"https:\/\/miksch-werkzeugwechsler.de\/produkt\/optimierte-werkzeugwechsler-fuer-dreh-fraeszentren\/","name":"Werkzeugwechsler f\u00fcr Dreh-Fr\u00e4szentren","isPartOf":{"@id":"https:\/\/miksch-werkzeugwechsler.de\/#website"},"primaryImageOfPage":{"@id":"https:\/\/miksch-werkzeugwechsler.de\/produkt\/optimierte-werkzeugwechsler-fuer-dreh-fraeszentren\/#primaryimage"},"image":{"@id":"https:\/\/miksch-werkzeugwechsler.de\/produkt\/optimierte-werkzeugwechsler-fuer-dreh-fraeszentren\/#primaryimage"},"thumbnailUrl":"https:\/\/miksch-werkzeugwechsler.de\/wp-content\/uploads\/2025\/01\/werkzeugwechsler-werkzeuge-75kg-werkzeuggewicht-horizontal-miksch-Vors.webp","datePublished":"2024-11-12T10:49:57+00:00","dateModified":"2026-03-30T09:28:09+00:00","description":"Optimierte Werkzeugwechsler f\u00fcr Dreh-Fr\u00e4szentren - Schnelle & zuverl\u00e4ssige Werkzeug-Handhabung - Kontaktieren Sie uns f\u00fcr Details.","breadcrumb":{"@id":"https:\/\/miksch-werkzeugwechsler.de\/produkt\/optimierte-werkzeugwechsler-fuer-dreh-fraeszentren\/#breadcrumb"},"inLanguage":"de","potentialAction":[{"@type":"ReadAction","target":["https:\/\/miksch-werkzeugwechsler.de\/produkt\/optimierte-werkzeugwechsler-fuer-dreh-fraeszentren\/"]}]},{"@type":"ImageObject","inLanguage":"de","@id":"https:\/\/miksch-werkzeugwechsler.de\/produkt\/optimierte-werkzeugwechsler-fuer-dreh-fraeszentren\/#primaryimage","url":"https:\/\/miksch-werkzeugwechsler.de\/wp-content\/uploads\/2025\/01\/werkzeugwechsler-werkzeuge-75kg-werkzeuggewicht-horizontal-miksch-Vors.webp","contentUrl":"https:\/\/miksch-werkzeugwechsler.de\/wp-content\/uploads\/2025\/01\/werkzeugwechsler-werkzeuge-75kg-werkzeuggewicht-horizontal-miksch-Vors.webp","width":350,"height":350,"caption":"Horizontaler Werkzeugwechsler f\u00fcr Werkzeuge bis 75\u202fkg Gewicht."},{"@type":"BreadcrumbList","@id":"https:\/\/miksch-werkzeugwechsler.de\/produkt\/optimierte-werkzeugwechsler-fuer-dreh-fraeszentren\/#breadcrumb","itemListElement":[{"@type":"ListItem","position":1,"name":"Home","item":"https:\/\/miksch-werkzeugwechsler.de\/"},{"@type":"ListItem","position":2,"name":"Produkte","item":"https:\/\/miksch-werkzeugwechsler.de\/shop\/"},{"@type":"ListItem","position":3,"name":"Werkzeugwechsler f\u00fcr Dreh-Fr\u00e4szentren"}]},{"@type":"WebSite","@id":"https:\/\/miksch-werkzeugwechsler.de\/#website","url":"https:\/\/miksch-werkzeugwechsler.de\/","name":"MIKSCH GmbH","description":"","publisher":{"@id":"https:\/\/miksch-werkzeugwechsler.de\/#organization"},"potentialAction":[{"@type":"SearchAction","target":{"@type":"EntryPoint","urlTemplate":"https:\/\/miksch-werkzeugwechsler.de\/?s={search_term_string}"},"query-input":{"@type":"PropertyValueSpecification","valueRequired":true,"valueName":"search_term_string"}}],"inLanguage":"de"},{"@type":"Organization","@id":"https:\/\/miksch-werkzeugwechsler.de\/#organization","name":"MIKSCH GmbH","url":"https:\/\/miksch-werkzeugwechsler.de\/","logo":{"@type":"ImageObject","inLanguage":"de","@id":"https:\/\/miksch-werkzeugwechsler.de\/#\/schema\/logo\/image\/","url":"https:\/\/miksch-werkzeugwechsler.de\/wp-content\/uploads\/2024\/11\/gcOnlineDirectory-5-2.png","contentUrl":"https:\/\/miksch-werkzeugwechsler.de\/wp-content\/uploads\/2024\/11\/gcOnlineDirectory-5-2.png","width":227,"height":48,"caption":"MIKSCH GmbH"},"image":{"@id":"https:\/\/miksch-werkzeugwechsler.de\/#\/schema\/logo\/image\/"},"sameAs":["https:\/\/www.facebook.com\/people\/Miksch-GmbH\/100066497170541\/","https:\/\/au.linkedin.com\/company\/miksch-gmbh"]}]}},"_links":{"self":[{"href":"https:\/\/miksch-werkzeugwechsler.de\/de\/wp-json\/wp\/v2\/product\/3356","targetHints":{"allow":["GET"]}}],"collection":[{"href":"https:\/\/miksch-werkzeugwechsler.de\/de\/wp-json\/wp\/v2\/product"}],"about":[{"href":"https:\/\/miksch-werkzeugwechsler.de\/de\/wp-json\/wp\/v2\/types\/product"}],"replies":[{"embeddable":true,"href":"https:\/\/miksch-werkzeugwechsler.de\/de\/wp-json\/wp\/v2\/comments?post=3356"}],"wp:featuredmedia":[{"embeddable":true,"href":"https:\/\/miksch-werkzeugwechsler.de\/de\/wp-json\/wp\/v2\/media\/4342"}],"wp:attachment":[{"href":"https:\/\/miksch-werkzeugwechsler.de\/de\/wp-json\/wp\/v2\/media?parent=3356"}],"wp:term":[{"taxonomy":"product_brand","embeddable":true,"href":"https:\/\/miksch-werkzeugwechsler.de\/de\/wp-json\/wp\/v2\/product_brand?post=3356"},{"taxonomy":"product_cat","embeddable":true,"href":"https:\/\/miksch-werkzeugwechsler.de\/de\/wp-json\/wp\/v2\/product_cat?post=3356"}],"curies":[{"name":"wp","href":"https:\/\/api.w.org\/{rel}","templated":true}]}}