{"id":5234,"date":"2026-01-15T15:48:58","date_gmt":"2026-01-15T14:48:58","guid":{"rendered":"https:\/\/miksch-werkzeugwechsler.de\/?page_id=5234"},"modified":"2026-01-19T12:38:09","modified_gmt":"2026-01-19T11:38:09","slug":"barrierefreiheit","status":"publish","type":"page","link":"https:\/\/miksch-werkzeugwechsler.de\/de\/barrierefreiheit\/","title":{"rendered":"Barrierefreiheit"},"content":{"rendered":"\n<h2 class=\"wp-block-heading\"><strong>Feststellung zur Nichtanwendbarkeit des Barrierefreiheitsst\u00e4rkungsgesetzes (BFSG)<\/strong><\/h2>\n\n\n\n<p><\/p>\n\n\n\n<p>Die MIKSCH GmbH ist ein privates Unternehmen und <strong>ausschlie\u00dflich im Business-to-Business-Bereich (B2B) t\u00e4tig<\/strong>. Ihre Leistungen und Produkte richten sich ausschlie\u00dflich an gewerbliche Kunden sowie \u00f6ffentliche Auftraggeber und nicht an Verbraucher im Sinne des \u00a7 13 BGB.<\/p>\n\n\n\n<p>Das Barrierefreiheitsst\u00e4rkungsgesetz (BFSG) findet gem\u00e4\u00df \u00a7 1 Abs. 1 BFSG ausschlie\u00dflich Anwendung auf bestimmte Produkte und Dienstleistungen, sofern diese f\u00fcr Verbraucher bestimmt sind. Da die MIKSCH GmbH keine Vertr\u00e4ge mit Verbrauchern abschlie\u00dft und ihr Leistungsangebot nicht auf den Endverbrauchermarkt (z. B. durch einen Webshop f\u00fcr Privatpersonen, digitale Verbraucher-Dienstleistungen oder mobile Anwendungen) ausgerichtet ist, <strong>unterliegt sie nicht dem pers\u00f6nlichen und sachlichen Anwendungsbereich des BFSG<\/strong>.<br>Somit besteht f\u00fcr die MIKSCH GmbH nach derzeitigem Stand <strong>keine gesetzliche Verpflichtung zur Umsetzung der im BFSG geregelten Barrierefreiheitsanforderungen<\/strong>, insbesondere im Hinblick auf digitale Angebote wie diese Website, die ausschlie\u00dflich im B2B-Kontext genutzt werden.<\/p>\n\n\n\n<p>Unabh\u00e4ngig von der derzeit fehlenden gesetzlichen Verpflichtung setzt die MIKSCH GmbH <strong>freiwillig unterst\u00fctzende Funktionen ein<\/strong>, um die Nutzbarkeit und Bedienbarkeit ihrer Website f\u00fcr m\u00f6glichst viele Nutzerinnen und Nutzer zu verbessern. Diese Ma\u00dfnahmen dienen der allgemeinen Benutzerfreundlichkeit. <strong>Eine vollst\u00e4ndige Barrierefreiheit im Sinne gesetzlicher oder technischer Normen kann dabei nicht zugesichert werden.<\/strong><\/p>\n\n\n\n<p>Diese Einsch\u00e4tzung beruht auf der aktuell geltenden Rechtslage sowie auf der klaren Abgrenzung zwischen B2B- und B2C-Gesch\u00e4ftsmodellen im Sinne des deutschen Zivil- und Verbraucherrechts.<\/p>\n\n\n\n<p>Mit freundlichen Gr\u00fc\u00dfen<\/p>\n\n\n\n<p>MIKSCH GmbH<\/p>\n","protected":false},"excerpt":{"rendered":"<p>Feststellung zur Nichtanwendbarkeit des Barrierefreiheitsst\u00e4rkungsgesetzes (BFSG) Die MIKSCH GmbH ist ein privates Unternehmen und ausschlie\u00dflich im Business-to-Business-Bereich (B2B) t\u00e4tig. Ihre Leistungen und Produkte richten sich ausschlie\u00dflich an gewerbliche Kunden sowie \u00f6ffentliche Auftraggeber und nicht an Verbraucher im Sinne des \u00a7 13 BGB. Das Barrierefreiheitsst\u00e4rkungsgesetz (BFSG) findet gem\u00e4\u00df \u00a7 1 Abs.<\/p>\n","protected":false},"author":5,"featured_media":0,"parent":0,"menu_order":0,"comment_status":"closed","ping_status":"closed","template":"","meta":{"_acf_changed":false,"footnotes":""},"class_list":["post-5234","page","type-page","status-publish","hentry"],"acf":[],"yoast_head":"<!-- This site is optimized with the Yoast SEO plugin v27.3 - https:\/\/yoast.com\/product\/yoast-seo-wordpress\/ -->\n<title>Barrierefreiheit - MIKSCH - accelerates<\/title>\n<meta name=\"description\" content=\"Hiermit wird best\u00e4tigt, dass die MIKSCH GmbH ausschlie\u00dflich als B2B-Unternehmen (Business-to-Business) t\u00e4tig ist und ihre Leistungen sowie Produkte nicht an Verbraucher im Sinne des \u00a7 13 BGB, sondern ausschlie\u00dflich an gewerbliche Kunden richtet.\" \/>\n<meta name=\"robots\" content=\"noindex, follow, max-snippet:-1, max-image-preview:large, max-video-preview:-1\" \/>\n<meta property=\"og:locale\" content=\"de_DE\" \/>\n<meta property=\"og:type\" content=\"article\" \/>\n<meta property=\"og:title\" content=\"Barrierefreiheit - MIKSCH - accelerates\" \/>\n<meta property=\"og:description\" content=\"Hiermit wird best\u00e4tigt, dass die MIKSCH GmbH ausschlie\u00dflich als B2B-Unternehmen (Business-to-Business) t\u00e4tig ist und ihre Leistungen sowie Produkte nicht an Verbraucher im Sinne des \u00a7 13 BGB, sondern ausschlie\u00dflich an gewerbliche Kunden richtet.\" \/>\n<meta property=\"og:url\" content=\"https:\/\/miksch-werkzeugwechsler.de\/de\/barrierefreiheit\/\" \/>\n<meta property=\"og:site_name\" content=\"MIKSCH - accelerates\" \/>\n<meta property=\"article:publisher\" content=\"https:\/\/www.facebook.com\/people\/Miksch-GmbH\/100066497170541\/\" \/>\n<meta property=\"article:modified_time\" content=\"2026-01-19T11:38:09+00:00\" \/>\n<meta name=\"twitter:card\" content=\"summary_large_image\" \/>\n<meta name=\"twitter:label1\" content=\"Gesch\u00e4tzte Lesezeit\" \/>\n\t<meta name=\"twitter:data1\" content=\"2\u00a0Minuten\" \/>\n<script type=\"application\/ld+json\" class=\"yoast-schema-graph\">{\"@context\":\"https:\\\/\\\/schema.org\",\"@graph\":[{\"@type\":\"WebPage\",\"@id\":\"https:\\\/\\\/miksch-werkzeugwechsler.de\\\/barrierefreiheit\\\/\",\"url\":\"https:\\\/\\\/miksch-werkzeugwechsler.de\\\/barrierefreiheit\\\/\",\"name\":\"Barrierefreiheit - MIKSCH - accelerates\",\"isPartOf\":{\"@id\":\"https:\\\/\\\/miksch-werkzeugwechsler.de\\\/#website\"},\"datePublished\":\"2026-01-15T14:48:58+00:00\",\"dateModified\":\"2026-01-19T11:38:09+00:00\",\"description\":\"Hiermit wird best\u00e4tigt, dass die MIKSCH GmbH ausschlie\u00dflich als B2B-Unternehmen (Business-to-Business) t\u00e4tig ist und ihre Leistungen sowie Produkte nicht an Verbraucher im Sinne des \u00a7 13 BGB, sondern ausschlie\u00dflich an gewerbliche Kunden richtet.\",\"breadcrumb\":{\"@id\":\"https:\\\/\\\/miksch-werkzeugwechsler.de\\\/barrierefreiheit\\\/#breadcrumb\"},\"inLanguage\":\"de\",\"potentialAction\":[{\"@type\":\"ReadAction\",\"target\":[\"https:\\\/\\\/miksch-werkzeugwechsler.de\\\/barrierefreiheit\\\/\"]}]},{\"@type\":\"BreadcrumbList\",\"@id\":\"https:\\\/\\\/miksch-werkzeugwechsler.de\\\/barrierefreiheit\\\/#breadcrumb\",\"itemListElement\":[{\"@type\":\"ListItem\",\"position\":1,\"name\":\"Home\",\"item\":\"https:\\\/\\\/miksch-werkzeugwechsler.de\\\/\"},{\"@type\":\"ListItem\",\"position\":2,\"name\":\"Barrierefreiheit\"}]},{\"@type\":\"WebSite\",\"@id\":\"https:\\\/\\\/miksch-werkzeugwechsler.de\\\/#website\",\"url\":\"https:\\\/\\\/miksch-werkzeugwechsler.de\\\/\",\"name\":\"MIKSCH GmbH\",\"description\":\"\",\"publisher\":{\"@id\":\"https:\\\/\\\/miksch-werkzeugwechsler.de\\\/#organization\"},\"potentialAction\":[{\"@type\":\"SearchAction\",\"target\":{\"@type\":\"EntryPoint\",\"urlTemplate\":\"https:\\\/\\\/miksch-werkzeugwechsler.de\\\/?s={search_term_string}\"},\"query-input\":{\"@type\":\"PropertyValueSpecification\",\"valueRequired\":true,\"valueName\":\"search_term_string\"}}],\"inLanguage\":\"de\"},{\"@type\":\"Organization\",\"@id\":\"https:\\\/\\\/miksch-werkzeugwechsler.de\\\/#organization\",\"name\":\"MIKSCH GmbH\",\"url\":\"https:\\\/\\\/miksch-werkzeugwechsler.de\\\/\",\"logo\":{\"@type\":\"ImageObject\",\"inLanguage\":\"de\",\"@id\":\"https:\\\/\\\/miksch-werkzeugwechsler.de\\\/#\\\/schema\\\/logo\\\/image\\\/\",\"url\":\"https:\\\/\\\/miksch-werkzeugwechsler.de\\\/wp-content\\\/uploads\\\/2024\\\/11\\\/gcOnlineDirectory-5-2.png\",\"contentUrl\":\"https:\\\/\\\/miksch-werkzeugwechsler.de\\\/wp-content\\\/uploads\\\/2024\\\/11\\\/gcOnlineDirectory-5-2.png\",\"width\":227,\"height\":48,\"caption\":\"MIKSCH GmbH\"},\"image\":{\"@id\":\"https:\\\/\\\/miksch-werkzeugwechsler.de\\\/#\\\/schema\\\/logo\\\/image\\\/\"},\"sameAs\":[\"https:\\\/\\\/www.facebook.com\\\/people\\\/Miksch-GmbH\\\/100066497170541\\\/\",\"https:\\\/\\\/au.linkedin.com\\\/company\\\/miksch-gmbh\"]}]}<\/script>\n<!-- \/ Yoast SEO plugin. -->","yoast_head_json":{"title":"Barrierefreiheit - MIKSCH - accelerates","description":"Hiermit wird best\u00e4tigt, dass die MIKSCH GmbH ausschlie\u00dflich als B2B-Unternehmen (Business-to-Business) t\u00e4tig ist und ihre Leistungen sowie Produkte nicht an Verbraucher im Sinne des \u00a7 13 BGB, sondern ausschlie\u00dflich an gewerbliche Kunden richtet.","robots":{"index":"noindex","follow":"follow","max-snippet":"max-snippet:-1","max-image-preview":"max-image-preview:large","max-video-preview":"max-video-preview:-1"},"og_locale":"de_DE","og_type":"article","og_title":"Barrierefreiheit - MIKSCH - accelerates","og_description":"Hiermit wird best\u00e4tigt, dass die MIKSCH GmbH ausschlie\u00dflich als B2B-Unternehmen (Business-to-Business) t\u00e4tig ist und ihre Leistungen sowie Produkte nicht an Verbraucher im Sinne des \u00a7 13 BGB, sondern ausschlie\u00dflich an gewerbliche Kunden richtet.","og_url":"https:\/\/miksch-werkzeugwechsler.de\/de\/barrierefreiheit\/","og_site_name":"MIKSCH - accelerates","article_publisher":"https:\/\/www.facebook.com\/people\/Miksch-GmbH\/100066497170541\/","article_modified_time":"2026-01-19T11:38:09+00:00","twitter_card":"summary_large_image","twitter_misc":{"Gesch\u00e4tzte Lesezeit":"2\u00a0Minuten"},"schema":{"@context":"https:\/\/schema.org","@graph":[{"@type":"WebPage","@id":"https:\/\/miksch-werkzeugwechsler.de\/barrierefreiheit\/","url":"https:\/\/miksch-werkzeugwechsler.de\/barrierefreiheit\/","name":"Barrierefreiheit - MIKSCH - accelerates","isPartOf":{"@id":"https:\/\/miksch-werkzeugwechsler.de\/#website"},"datePublished":"2026-01-15T14:48:58+00:00","dateModified":"2026-01-19T11:38:09+00:00","description":"Hiermit wird best\u00e4tigt, dass die MIKSCH GmbH ausschlie\u00dflich als B2B-Unternehmen (Business-to-Business) t\u00e4tig ist und ihre Leistungen sowie Produkte nicht an Verbraucher im Sinne des \u00a7 13 BGB, sondern ausschlie\u00dflich an gewerbliche Kunden richtet.","breadcrumb":{"@id":"https:\/\/miksch-werkzeugwechsler.de\/barrierefreiheit\/#breadcrumb"},"inLanguage":"de","potentialAction":[{"@type":"ReadAction","target":["https:\/\/miksch-werkzeugwechsler.de\/barrierefreiheit\/"]}]},{"@type":"BreadcrumbList","@id":"https:\/\/miksch-werkzeugwechsler.de\/barrierefreiheit\/#breadcrumb","itemListElement":[{"@type":"ListItem","position":1,"name":"Home","item":"https:\/\/miksch-werkzeugwechsler.de\/"},{"@type":"ListItem","position":2,"name":"Barrierefreiheit"}]},{"@type":"WebSite","@id":"https:\/\/miksch-werkzeugwechsler.de\/#website","url":"https:\/\/miksch-werkzeugwechsler.de\/","name":"MIKSCH GmbH","description":"","publisher":{"@id":"https:\/\/miksch-werkzeugwechsler.de\/#organization"},"potentialAction":[{"@type":"SearchAction","target":{"@type":"EntryPoint","urlTemplate":"https:\/\/miksch-werkzeugwechsler.de\/?s={search_term_string}"},"query-input":{"@type":"PropertyValueSpecification","valueRequired":true,"valueName":"search_term_string"}}],"inLanguage":"de"},{"@type":"Organization","@id":"https:\/\/miksch-werkzeugwechsler.de\/#organization","name":"MIKSCH GmbH","url":"https:\/\/miksch-werkzeugwechsler.de\/","logo":{"@type":"ImageObject","inLanguage":"de","@id":"https:\/\/miksch-werkzeugwechsler.de\/#\/schema\/logo\/image\/","url":"https:\/\/miksch-werkzeugwechsler.de\/wp-content\/uploads\/2024\/11\/gcOnlineDirectory-5-2.png","contentUrl":"https:\/\/miksch-werkzeugwechsler.de\/wp-content\/uploads\/2024\/11\/gcOnlineDirectory-5-2.png","width":227,"height":48,"caption":"MIKSCH GmbH"},"image":{"@id":"https:\/\/miksch-werkzeugwechsler.de\/#\/schema\/logo\/image\/"},"sameAs":["https:\/\/www.facebook.com\/people\/Miksch-GmbH\/100066497170541\/","https:\/\/au.linkedin.com\/company\/miksch-gmbh"]}]}},"_links":{"self":[{"href":"https:\/\/miksch-werkzeugwechsler.de\/de\/wp-json\/wp\/v2\/pages\/5234","targetHints":{"allow":["GET"]}}],"collection":[{"href":"https:\/\/miksch-werkzeugwechsler.de\/de\/wp-json\/wp\/v2\/pages"}],"about":[{"href":"https:\/\/miksch-werkzeugwechsler.de\/de\/wp-json\/wp\/v2\/types\/page"}],"author":[{"embeddable":true,"href":"https:\/\/miksch-werkzeugwechsler.de\/de\/wp-json\/wp\/v2\/users\/5"}],"replies":[{"embeddable":true,"href":"https:\/\/miksch-werkzeugwechsler.de\/de\/wp-json\/wp\/v2\/comments?post=5234"}],"version-history":[{"count":5,"href":"https:\/\/miksch-werkzeugwechsler.de\/de\/wp-json\/wp\/v2\/pages\/5234\/revisions"}],"predecessor-version":[{"id":5247,"href":"https:\/\/miksch-werkzeugwechsler.de\/de\/wp-json\/wp\/v2\/pages\/5234\/revisions\/5247"}],"wp:attachment":[{"href":"https:\/\/miksch-werkzeugwechsler.de\/de\/wp-json\/wp\/v2\/media?parent=5234"}],"curies":[{"name":"wp","href":"https:\/\/api.w.org\/{rel}","templated":true}]}}