{"id":4004,"date":"2024-12-14T16:25:40","date_gmt":"2024-12-14T15:25:40","guid":{"rendered":"https:\/\/miksch-werkzeugwechsler.de\/?page_id=4004"},"modified":"2025-12-16T20:59:18","modified_gmt":"2025-12-16T19:59:18","slug":"service-kontakt-miksch-gmbh-ansprechpartner-und-support","status":"publish","type":"page","link":"https:\/\/miksch-werkzeugwechsler.de\/de\/service-kontakt-miksch-gmbh-ansprechpartner-und-support\/","title":{"rendered":"Kontakt Service"},"content":{"rendered":"<div class=\"wpb-content-wrapper\"><div data-vc-full-width=\"true\" data-vc-full-width-init=\"false\" class=\"vc_row wpb_row vc_row-fluid vc_custom_1734185092881 vc_row-has-fill position-relative\"><div class=\"wpb_column vc_column_container vc_col-sm-12\"><div class=\"vc_column-inner\"><div class=\"wpb_wrapper\"><div class=\"deeper-spacer clearfix\" data-config='{\"desktop\":150,\"mobile\":120,\"smobile\":90}'><\/div><h2 class=\"deeper-text align-left \" style=\"font-size:30px;font-weight:700;color:#009EE1;\" ><span>WILLKOMMEN AUF UNSERER KONTAKTSEITE F\u00dcR SERVICEANFRAGEN<\/span>\n<\/h2><h2 class=\"deeper-text align-left \" style=\"font-size:15px;font-weight:500;color:#6A727F;\" ><span>Unser Service-Team steht Ihnen bei Fragen rund um Reparaturen und Ersatzteilen gerne zur Verf\u00fcgung.<br \/>\nBei einer Kontaktaufnahme ben\u00f6tigen wir immer die Angaben auf dem Typenschild.<br \/>\nWeiterhin ben\u00f6tigen wir von Ihnen die Bestellnummer, die Ansprechperson, die E-Mail-Adresse und die Telefonnummer.<br \/>\nIhre Reparaturen senden Sie bitte an die nachfolgende Adresse.<\/span>\n<span>Vielen Dank.<br \/>\nIhr MIKSCH Service-Team<\/span>\n<\/h2><div class=\"deeper-cf7 form-4003  btn-accent style-1 align-center\" style=\"\">\n<div class=\"wpcf7 no-js\" id=\"wpcf7-f4003-o1\" lang=\"pt-BR\" dir=\"ltr\" data-wpcf7-id=\"4003\">\n<div class=\"screen-reader-response\"><p role=\"status\" aria-live=\"polite\" aria-atomic=\"true\"><\/p> <ul><\/ul><\/div>\n<form action=\"\/de\/wp-json\/wp\/v2\/pages\/4004#wpcf7-f4003-o1\" method=\"post\" class=\"wpcf7-form init\" aria-label=\"Formul\u00e1rios de contato\" enctype=\"multipart\/form-data\" novalidate=\"novalidate\" data-status=\"init\">\n<fieldset class=\"hidden-fields-container\"><input type=\"hidden\" name=\"_wpcf7\" value=\"4003\" \/><input type=\"hidden\" name=\"_wpcf7_version\" value=\"6.1.5\" \/><input type=\"hidden\" name=\"_wpcf7_locale\" value=\"pt_BR\" \/><input type=\"hidden\" name=\"_wpcf7_unit_tag\" value=\"wpcf7-f4003-o1\" \/><input type=\"hidden\" name=\"_wpcf7_container_post\" value=\"0\" \/><input type=\"hidden\" name=\"_wpcf7_posted_data_hash\" value=\"\" \/><input type=\"hidden\" name=\"_cf7a__timestamp\" value=\"X7K4yK5DCEXcrD9DEGWvkQ==\" \/><input type=\"hidden\" name=\"_cf7a_version\" value=\"1.0\" \/><input type=\"hidden\" name=\"_cf7a_address\" value=\"\" \/><input type=\"hidden\" name=\"_cf7a_referer\" value=\"\" \/><input type=\"hidden\" name=\"_cf7a_protocol\" value=\"\" \/>\n<\/fieldset>\n<div class=\"form-row\">\n\t<div class=\"form-column\">\n\t\t<div class=\"class-kontaktdaten\">\n\t\t\t<p>IHRE KONTAKTDATEN\n\t\t\t<\/p>\n\t\t<\/div>\n\t\t<p><span class=\"wpcf7-form-control-wrap\" data-name=\"your-anrede\"><input size=\"40\" maxlength=\"400\" class=\"wpcf7-form-control wpcf7-text\" aria-invalid=\"false\" placeholder=\"Anrede - Bitte eintragen\" value=\"\" type=\"text\" name=\"your-anrede\" \/><input type=\"text\" name=\"name\" value=\"\" autocomplete=\"fill\" class=\"fit-the-fullspace\" aria-hidden=\"true\" tabindex=\"-1\" \/><\/span>\n\t\t<\/p>\n\t\t<div class=\"form-row\">\n\t\t\t<div class=\"form-column\">\n\t\t\t\t<p><span class=\"wpcf7-form-control-wrap\" data-name=\"your-vorname\"><input type=\"text\" name=\"email\" value=\"\" autocomplete=\"fill\" class=\"fit-the-fullspace\" aria-hidden=\"true\" tabindex=\"-1\" \/><input size=\"40\" maxlength=\"400\" class=\"wpcf7-form-control wpcf7-text\" aria-invalid=\"false\" placeholder=\"Vorname\" value=\"\" type=\"text\" name=\"your-vorname\" \/><\/span>\n\t\t\t\t<\/p>\n\t\t\t<\/div>\n\t\t\t<div class=\"form-column\">\n\t\t\t\t<p><span class=\"wpcf7-form-control-wrap\" data-name=\"your-nachname\"><input type=\"text\" name=\"address\" value=\"\" autocomplete=\"fill\" class=\"fit-the-fullspace\" aria-hidden=\"true\" tabindex=\"-1\" \/><input size=\"40\" maxlength=\"400\" class=\"wpcf7-form-control wpcf7-text wpcf7-validates-as-required\" aria-required=\"true\" aria-invalid=\"false\" placeholder=\"Nachname *\" value=\"\" type=\"text\" name=\"your-nachname\" \/><\/span>\n\t\t\t\t<\/p>\n\t\t\t<\/div>\n\t\t<\/div>\n\t\t<div class=\"form-column-full\">\n\t\t\t<p><span class=\"wpcf7-form-control-wrap\" data-name=\"your-email\"><input size=\"40\" maxlength=\"400\" class=\"wpcf7-form-control wpcf7-email wpcf7-validates-as-required wpcf7-text wpcf7-validates-as-email\" aria-required=\"true\" aria-invalid=\"false\" placeholder=\"E-Mail Adresse *\" value=\"\" type=\"email\" name=\"your-email\" \/><\/span>\n\t\t\t<\/p>\n\t\t<\/div>\n\t\t<div class=\"form-column-full\">\n\t\t\t<p><span class=\"wpcf7-form-control-wrap\" data-name=\"your-telefon\"><input size=\"40\" maxlength=\"400\" class=\"wpcf7-form-control wpcf7-text wpcf7-validates-as-required\" aria-required=\"true\" aria-invalid=\"false\" placeholder=\"Telefon *\" value=\"\" type=\"text\" name=\"your-telefon\" \/><input type=\"text\" name=\"town\" value=\"\" autocomplete=\"fill\" class=\"fit-the-fullspace\" aria-hidden=\"true\" tabindex=\"-1\" \/><\/span>\n\t\t\t<\/p>\n\t\t<\/div>\n\t\t<div class=\"form-column-full\">\n\t\t\t<p><span class=\"wpcf7-form-control-wrap\" data-name=\"your-adresse\"><input size=\"40\" maxlength=\"400\" class=\"wpcf7-form-control wpcf7-text\" aria-invalid=\"false\" placeholder=\"Firmenname, Adresse (inkl. Land)\" value=\"\" type=\"text\" name=\"your-adresse\" \/><input type=\"text\" name=\"phone\" value=\"\" autocomplete=\"fill\" class=\"fit-the-fullspace\" aria-hidden=\"true\" tabindex=\"-1\" \/><\/span>\n\t\t\t<\/p>\n\t\t<\/div>\n\t<\/div>\n\t<div class=\"form-column\">\n\t\t<div class=\"form-column-full\">\n\t\t\t<div style=\"font-size: 25px;color: black;font-weight: 700;margin-bottom: -5px;\">\n\t\t\t\t<p>MIKSCH GMBH\n\t\t\t\t<\/p>\n\t\t\t<\/div>\n\t\t\t<div style=\"color: #3c3c3c;margin-bottom: -5px;\">\n\t\t\t\t<p>SERVICE-Abteilung\n\t\t\t\t<\/p>\n\t\t\t<\/div>\n\t\t\t<div style=\"color: #3c3c3c;margin-bottom: -5px;\">\n\t\t\t\t<p>Reutlinger Str. 5, 73037 G\u00f6ppingen - Germany\n\t\t\t\t<\/p>\n\t\t\t<\/div>\n\t\t\t<div style=\"color: #3c3c3c;margin-bottom: -5px;\">\n\t\t\t\t<p>Telefon: + 49 (0) 7161-6724-50\n\t\t\t\t<\/p>\n\t\t\t<\/div>\n\t\t\t<div style=\"color: #3c3c3c;margin-bottom: -5px;\">\n\t\t\t\t<p>Telefax: + 49 (0) 7161-6724-99\n\t\t\t\t<\/p>\n\t\t\t<\/div>\n\t\t\t<div style=\"color: #3c3c3c; margin-bottom: 15px;\">\n\t\t\t\t<p>E-Mail: <a href=\"mailto:service@miksch-werkzeugwechsler.de?subject=MIKSCH-Website%20-%20Anfrage%20f\u00fcr%20MIKSCH%20Service-Abteilung&body=Sehr%20geehrte%20Service-Abteilung,%0A%0Aich%20habe%20folgende%20Anfrage%20an%20Sie:%20%0A%0ABitte%20kontaktieren%20Sie%20mich.%0A%0ADanke!\" \n     style=\"color: #0073aa; text-decoration: underline;\">service@miksch-werkzeugwechsler.de<\/a>\n\t\t\t\t<\/p>\n\t\t\t<\/div>\n\t\t<\/div>\n\t\t<div class=\"form-column-full\">\n\t\t\t<div class=\"class-anfrage\">\n\t\t\t\t<p>BEI SERVICE-ANFRAGE\n\t\t\t\t<\/p>\n\t\t\t<\/div>\n\t\t\t<p><span class=\"wpcf7-form-control-wrap\" data-name=\"your-produktbezeichnung\"><input size=\"40\" maxlength=\"400\" class=\"wpcf7-form-control wpcf7-text\" aria-invalid=\"false\" placeholder=\"Produktbezeichnung\" value=\"\" type=\"text\" name=\"your-produktbezeichnung\" \/><\/span>\n\t\t\t<\/p>\n\t\t<\/div>\n\t\t<div class=\"form-column-full\">\n\t\t\t<p><span class=\"wpcf7-form-control-wrap\" data-name=\"your-seriennummer\"><input size=\"40\" maxlength=\"400\" class=\"wpcf7-form-control wpcf7-text\" aria-invalid=\"false\" placeholder=\"Seriennummer bzw. Zeichnungsnummer\" value=\"\" type=\"text\" name=\"your-seriennummer\" \/><\/span>\n\t\t\t<\/p>\n\t\t<\/div>\n\t<\/div>\n<\/div>\n<div class=\"form-row\">\n\t<div class=\"form-column-full\">\n\t\t<div class=\"class-uns\">\n\t\t\t<p>IHRE NACHRICHT AN UNS\n\t\t\t<\/p>\n\t\t<\/div>\n\t\t<p><span class=\"wpcf7-form-control-wrap\" data-name=\"your-ihre\"><textarea cols=\"40\" rows=\"10\" maxlength=\"2000\" class=\"wpcf7-form-control wpcf7-textarea\" aria-invalid=\"false\" placeholder=\"Ihre Nachricht an uns\" name=\"your-ihre\"><\/textarea><\/span>\n\t\t<\/p>\n\t<\/div>\n<\/div>\n<div class=\"form-row\">\n\t<div class=\"form-column\">\n\t\t<p><input class=\"wpcf7-form-control wpcf7-submit has-spinner\" type=\"submit\" value=\"Senden\" \/><span style=\"font-size: 13px;\">Mit dem Absenden dieser Nachricht best\u00e4tige ich, dass ich die Informationen zum Datenschutz gelesen und verstanden habe *<\/span>\n\t\t<\/p>\n\t<\/div>\n<\/div>\n<div class=\"form-row\">\n\t<div class=\"form-column\">\n\t\t<p><span class=\"wpcf7-form-control-wrap\" data-name=\"arquivo\"><input size=\"40\" class=\"wpcf7-form-control wpcf7-file\" accept=\".pdf,.doc,.docx,.ppt,.pptx,.xls,.xlsx,.zip\" aria-invalid=\"false\" type=\"file\" name=\"arquivo\" \/><\/span>\n\t\t<\/p>\n\t<\/div>\n<\/div><input type=\"hidden\" id=\"ct_checkjs_cf7_13f9896df61279c928f19721878fac41\" name=\"ct_checkjs_cf7\" value=\"0\" \/><script data-cookieconsent=\"ignore\">setTimeout(function(){var ct_input_name = \"ct_checkjs_cf7_13f9896df61279c928f19721878fac41\";if (document.getElementById(ct_input_name) !== null) {var ct_input_value = document.getElementById(ct_input_name).value;document.getElementById(ct_input_name).value = document.getElementById(ct_input_name).value.replace(ct_input_value, '1819068641');}}, 1000);<\/script><input\n                    class=\"apbct_special_field apbct_email_id__wp_contact_form_7\"\n                    name=\"apbct__email_id__wp_contact_form_7\"\n                    aria-label=\"apbct__label_id__wp_contact_form_7\"\n                    type=\"text\" size=\"30\" maxlength=\"200\" autocomplete=\"off\"\n                    value=\"\"\n                \/><div class=\"wpcf7-response-output\" aria-hidden=\"true\"><\/div>\n<\/form>\n<\/div>\n<\/div><div class=\"deeper-spacer clearfix\" data-config='{\"desktop\":70,\"mobile\":50,\"smobile\":50}'><\/div><h2 class=\"deeper-text align-center \" style=\"color:#009EE1;\" ><h2>Anfahrt zur MIKSCH GmbH<\/h2>\n<span>GPS\u00a0<a href=\"http:\/\/maps.google.de\/maps?f=q&amp;source=s_q&amp;hl=de&amp;geocode=&amp;q=48%C2%B0+41%27+47%27%27,+09%C2%B0+40%27+38%27%27&amp;sll=51.151786,10.415039&amp;sspn=24.145295,53.481445&amp;ie=UTF8&amp;hq=&amp;hnear=Reutlinger+Stra%C3%9Fe+5-7,+73037+G%C3%B6ppingen,+Baden-W%C3%BCrttemberg&amp;z=16\" target=\"_blank\" rel=\"noopener\">48\u00b0 41&#8242; 47&#8220;, 09\u00b0 40&#8242; 38&#8220;<\/a><br \/>\nMAP @<a href=\"http:\/\/maps.google.de\/maps?f=q&amp;source=s_q&amp;hl=de&amp;geocode=&amp;q=%4048.69647,9.677131&amp;sll=48.696469,9.677122&amp;sspn=0.006288,0.013196&amp;ie=UTF8&amp;hq=&amp;hnear=Reutlinger+Stra%C3%9Fe+5,+73037+G%C3%B6ppingen,+Baden-W%C3%BCrttemberg&amp;z=16\" target=\"_blank\" rel=\"noopener\">48.69647,9.677131<\/a><\/span>\n<\/h2><h2 class=\"deeper-text align-center \" style=\"\" ><span><iframe loading=\"lazy\" style=\"border: 0;\" src=\"https:\/\/www.google.com\/maps\/embed?pb=!1m18!1m12!1m3!1d2633.5067498636467!2d9.675284676965326!3d48.695794471310506!2m3!1f0!2f0!3f0!3m2!1i1024!2i768!4f13.1!3m3!1m2!1s0x4799a15de51ecb99%3A0xb4c359734274a75e!2sMiksch%20GmbH!5e0!3m2!1sde!2sde!4v1749556932701!5m2!1sde!2sde\" width=\"1200\" height=\"900\" allowfullscreen=\"allowfullscreen\"><\/iframe><\/span>\n<span><a href=\"http:\/\/maps.google.de\/maps?f=q&amp;hl=de&amp;geocode=&amp;q=Reutlinger+Str.+5,+73037+G%C3%B6ppingen&amp;sll=48.687164,9.660673&amp;sspn=0.041137,0.074844&amp;ie=UTF8&amp;z=14&amp;iwloc=addr&amp;ll=48.703594,9.681358&amp;source=embed\">Gr\u00f6\u00dfere Kartenansicht<\/a><\/span>\n<\/h2><\/div><\/div><\/div><\/div><div class=\"vc_row-full-width vc_clearfix\"><\/div><section data-vc-full-width=\"true\" data-vc-full-width-init=\"false\" class=\"vc_section vc_custom_1734184417293 vc_section-has-fill\"><div class=\"vc_row wpb_row vc_row-fluid position-relative\"><div class=\"wpb_column vc_column_container vc_col-sm-6\"><div class=\"vc_column-inner\"><div class=\"wpb_wrapper\"><div class=\"deeper-text align-left \" style=\"font-size:36px;font-weight:600;color:#FFFFFF;\" ><span>Newsletter<\/span>\n<\/div><div class=\"deeper-text align-left \" style=\"font-size:16px;line-height:20px;color:#000000;\" ><span>Ja, ich m\u00f6chte den MIKSCH Newsletter abonnieren und bin \u00fcber 16 Jahre alt.<\/span>\n<\/div><div class=\"deeper-text align-left \" style=\"font-size:16px;line-height:20px;color:#000000;\" ><span>Ja, ich m\u00f6chte den MIKSCH Newsletter abonnieren und bin \u00fcber 16 Jahre alt.<\/span>\n<\/div><div class=\"deeper-text align-left \" style=\"font-size:16px;line-height:20px;color:#000000;\" ><span>Wir geben Ihre Daten nicht an Dritte weiter.<br \/>\nBitte beachten Sie auch unsere <strong><a href=\"https:\/\/miksch-werkzeugwechsler.de\/miksch-gmbh-datenschutzerklaerung\/\" target=\"_blank\" rel=\"noopener\">Datenschutzerkl\u00e4rung<\/a>.<\/strong><\/span>\n<\/div><\/div><\/div><\/div><div class=\"wpb_column vc_column_container vc_col-sm-6\"><div class=\"vc_column-inner\"><div class=\"wpb_wrapper\"><div class=\"deeper-spacer clearfix\" data-config='[]'><\/div>\n\t<div class=\"wpb_raw_code wpb_raw_html wpb_content_element\" >\n\t\t<div class=\"wpb_wrapper\">\n\t\t\t<div class=\"tnp tnp-subscription \">\n<form method=\"post\" action=\"https:\/\/miksch-werkzeugwechsler.de\/wp-admin\/admin-ajax.php?action=tnp&amp;na=s\">\n<input type=\"hidden\" name=\"nlang\" value=\"\">\n<div class=\"tnp-field tnp-field-email\"><label for=\"tnp-1\">E-mail<\/label>\n<input class=\"tnp-email\" type=\"email\" name=\"ne\" id=\"tnp-1\" value=\"\" placeholder=\"\" required><\/div>\n<div class=\"tnp-field tnp-privacy-field\"><label><input type=\"checkbox\" name=\"ny\" required class=\"tnp-privacy\"> Hiermit akzeptiere ich die Datenschutzbestimmungen<\/label><\/div><div class=\"tnp-field tnp-field-button\" style=\"text-align: left\"><input class=\"tnp-submit\" type=\"submit\" value=\"Abonnieren\" style=\"\">\n<\/div>\n<\/form>\n<\/div>\n\n\t\t<\/div>\n\t<\/div>\n<\/div><\/div><\/div><\/div><div class=\"vc_row wpb_row vc_row-fluid position-relative\"><div class=\"wpb_column vc_column_container vc_col-sm-12\"><div class=\"vc_column-inner\"><div class=\"wpb_wrapper\"><div class=\"deeper-spacer clearfix\" data-config='{\"desktop\":50,\"mobile\":50,\"smobile\":50}'><\/div><\/div><\/div><\/div><\/div><\/section><div class=\"vc_row-full-width vc_clearfix\"><\/div><section class=\"vc_section vc_custom_1734184582424 vc_section-has-fill\"><div class=\"vc_row wpb_row vc_row-fluid position-relative\"><div class=\"wpb_column vc_column_container vc_col-sm-12\"><div class=\"vc_column-inner\"><div class=\"wpb_wrapper\"><div class=\"deeper-spacer clearfix\" data-config='{\"desktop\":20}'><\/div><\/div><\/div><\/div><\/div><\/section>\n<\/div>","protected":false},"excerpt":{"rendered":"WILLKOMMEN AUF UNSERER KONTAKTSEITE F\u00dcR SERVICEANFRAGEN Unser Service-Team steht Ihnen bei Fragen rund um Reparaturen und Ersatzteilen gerne zur Verf\u00fcgung. Bei einer Kontaktaufnahme ben\u00f6tigen wir immer die Angaben auf dem Typenschild. Weiterhin ben\u00f6tigen wir von Ihnen die Bestellnummer, die Ansprechperson, die E-Mail-Adresse und die Telefonnummer. Ihre Reparaturen senden Sie bitte","protected":false},"author":1,"featured_media":0,"parent":0,"menu_order":0,"comment_status":"closed","ping_status":"closed","template":"","meta":{"_acf_changed":false,"footnotes":""},"class_list":["post-4004","page","type-page","status-publish","hentry"],"acf":[],"yoast_head":"<!-- This site is optimized with the Yoast SEO plugin v27.3 - https:\/\/yoast.com\/product\/yoast-seo-wordpress\/ -->\n<title>Kontakt Service - MIKSCH - accelerates<\/title>\n<meta name=\"description\" content=\"MIKSCH GmbH Service: Kontaktseite f\u00fcr Ihre Serviceanfrage - Technischer Support und Hilfe bei Fragen rund um Reparaturen und Ersatzteile.\" \/>\n<meta name=\"robots\" content=\"noindex, follow, max-snippet:-1, max-image-preview:large, max-video-preview:-1\" \/>\n<meta property=\"og:locale\" content=\"de_DE\" \/>\n<meta property=\"og:type\" content=\"article\" \/>\n<meta property=\"og:title\" content=\"Kontakt Service - MIKSCH - accelerates\" \/>\n<meta property=\"og:description\" content=\"MIKSCH GmbH Service: Kontaktseite f\u00fcr Ihre Serviceanfrage - Technischer Support und Hilfe bei Fragen rund um Reparaturen und Ersatzteile.\" \/>\n<meta property=\"og:url\" content=\"https:\/\/miksch-werkzeugwechsler.de\/de\/service-kontakt-miksch-gmbh-ansprechpartner-und-support\/\" \/>\n<meta property=\"og:site_name\" content=\"MIKSCH - accelerates\" \/>\n<meta property=\"article:publisher\" content=\"https:\/\/www.facebook.com\/people\/Miksch-GmbH\/100066497170541\/\" \/>\n<meta property=\"article:modified_time\" content=\"2025-12-16T19:59:18+00:00\" \/>\n<meta name=\"twitter:card\" content=\"summary_large_image\" \/>\n<meta name=\"twitter:label1\" content=\"Gesch\u00e4tzte Lesezeit\" \/>\n\t<meta name=\"twitter:data1\" content=\"1\u00a0Minute\" \/>\n<script type=\"application\/ld+json\" class=\"yoast-schema-graph\">{\"@context\":\"https:\\\/\\\/schema.org\",\"@graph\":[{\"@type\":\"WebPage\",\"@id\":\"https:\\\/\\\/miksch-werkzeugwechsler.de\\\/service-kontakt-miksch-gmbh-ansprechpartner-und-support\\\/\",\"url\":\"https:\\\/\\\/miksch-werkzeugwechsler.de\\\/service-kontakt-miksch-gmbh-ansprechpartner-und-support\\\/\",\"name\":\"Kontakt Service - MIKSCH - accelerates\",\"isPartOf\":{\"@id\":\"https:\\\/\\\/miksch-werkzeugwechsler.de\\\/#website\"},\"datePublished\":\"2024-12-14T15:25:40+00:00\",\"dateModified\":\"2025-12-16T19:59:18+00:00\",\"description\":\"MIKSCH GmbH Service: Kontaktseite f\u00fcr Ihre Serviceanfrage - Technischer Support und Hilfe bei Fragen rund um Reparaturen und Ersatzteile.\",\"breadcrumb\":{\"@id\":\"https:\\\/\\\/miksch-werkzeugwechsler.de\\\/service-kontakt-miksch-gmbh-ansprechpartner-und-support\\\/#breadcrumb\"},\"inLanguage\":\"de\",\"potentialAction\":[{\"@type\":\"ReadAction\",\"target\":[\"https:\\\/\\\/miksch-werkzeugwechsler.de\\\/service-kontakt-miksch-gmbh-ansprechpartner-und-support\\\/\"]}]},{\"@type\":\"BreadcrumbList\",\"@id\":\"https:\\\/\\\/miksch-werkzeugwechsler.de\\\/service-kontakt-miksch-gmbh-ansprechpartner-und-support\\\/#breadcrumb\",\"itemListElement\":[{\"@type\":\"ListItem\",\"position\":1,\"name\":\"Home\",\"item\":\"https:\\\/\\\/miksch-werkzeugwechsler.de\\\/\"},{\"@type\":\"ListItem\",\"position\":2,\"name\":\"Kontakt Service\"}]},{\"@type\":\"WebSite\",\"@id\":\"https:\\\/\\\/miksch-werkzeugwechsler.de\\\/#website\",\"url\":\"https:\\\/\\\/miksch-werkzeugwechsler.de\\\/\",\"name\":\"MIKSCH GmbH\",\"description\":\"\",\"publisher\":{\"@id\":\"https:\\\/\\\/miksch-werkzeugwechsler.de\\\/#organization\"},\"potentialAction\":[{\"@type\":\"SearchAction\",\"target\":{\"@type\":\"EntryPoint\",\"urlTemplate\":\"https:\\\/\\\/miksch-werkzeugwechsler.de\\\/?s={search_term_string}\"},\"query-input\":{\"@type\":\"PropertyValueSpecification\",\"valueRequired\":true,\"valueName\":\"search_term_string\"}}],\"inLanguage\":\"de\"},{\"@type\":\"Organization\",\"@id\":\"https:\\\/\\\/miksch-werkzeugwechsler.de\\\/#organization\",\"name\":\"MIKSCH GmbH\",\"url\":\"https:\\\/\\\/miksch-werkzeugwechsler.de\\\/\",\"logo\":{\"@type\":\"ImageObject\",\"inLanguage\":\"de\",\"@id\":\"https:\\\/\\\/miksch-werkzeugwechsler.de\\\/#\\\/schema\\\/logo\\\/image\\\/\",\"url\":\"https:\\\/\\\/miksch-werkzeugwechsler.de\\\/wp-content\\\/uploads\\\/2024\\\/11\\\/gcOnlineDirectory-5-2.png\",\"contentUrl\":\"https:\\\/\\\/miksch-werkzeugwechsler.de\\\/wp-content\\\/uploads\\\/2024\\\/11\\\/gcOnlineDirectory-5-2.png\",\"width\":227,\"height\":48,\"caption\":\"MIKSCH GmbH\"},\"image\":{\"@id\":\"https:\\\/\\\/miksch-werkzeugwechsler.de\\\/#\\\/schema\\\/logo\\\/image\\\/\"},\"sameAs\":[\"https:\\\/\\\/www.facebook.com\\\/people\\\/Miksch-GmbH\\\/100066497170541\\\/\",\"https:\\\/\\\/au.linkedin.com\\\/company\\\/miksch-gmbh\"]}]}<\/script>\n<!-- \/ Yoast SEO plugin. -->","yoast_head_json":{"title":"Kontakt Service - MIKSCH - accelerates","description":"MIKSCH GmbH Service: Kontaktseite f\u00fcr Ihre Serviceanfrage - Technischer Support und Hilfe bei Fragen rund um Reparaturen und Ersatzteile.","robots":{"index":"noindex","follow":"follow","max-snippet":"max-snippet:-1","max-image-preview":"max-image-preview:large","max-video-preview":"max-video-preview:-1"},"og_locale":"de_DE","og_type":"article","og_title":"Kontakt Service - MIKSCH - accelerates","og_description":"MIKSCH GmbH Service: Kontaktseite f\u00fcr Ihre Serviceanfrage - Technischer Support und Hilfe bei Fragen rund um Reparaturen und Ersatzteile.","og_url":"https:\/\/miksch-werkzeugwechsler.de\/de\/service-kontakt-miksch-gmbh-ansprechpartner-und-support\/","og_site_name":"MIKSCH - accelerates","article_publisher":"https:\/\/www.facebook.com\/people\/Miksch-GmbH\/100066497170541\/","article_modified_time":"2025-12-16T19:59:18+00:00","twitter_card":"summary_large_image","twitter_misc":{"Gesch\u00e4tzte Lesezeit":"1\u00a0Minute"},"schema":{"@context":"https:\/\/schema.org","@graph":[{"@type":"WebPage","@id":"https:\/\/miksch-werkzeugwechsler.de\/service-kontakt-miksch-gmbh-ansprechpartner-und-support\/","url":"https:\/\/miksch-werkzeugwechsler.de\/service-kontakt-miksch-gmbh-ansprechpartner-und-support\/","name":"Kontakt Service - MIKSCH - accelerates","isPartOf":{"@id":"https:\/\/miksch-werkzeugwechsler.de\/#website"},"datePublished":"2024-12-14T15:25:40+00:00","dateModified":"2025-12-16T19:59:18+00:00","description":"MIKSCH GmbH Service: Kontaktseite f\u00fcr Ihre Serviceanfrage - Technischer Support und Hilfe bei Fragen rund um Reparaturen und Ersatzteile.","breadcrumb":{"@id":"https:\/\/miksch-werkzeugwechsler.de\/service-kontakt-miksch-gmbh-ansprechpartner-und-support\/#breadcrumb"},"inLanguage":"de","potentialAction":[{"@type":"ReadAction","target":["https:\/\/miksch-werkzeugwechsler.de\/service-kontakt-miksch-gmbh-ansprechpartner-und-support\/"]}]},{"@type":"BreadcrumbList","@id":"https:\/\/miksch-werkzeugwechsler.de\/service-kontakt-miksch-gmbh-ansprechpartner-und-support\/#breadcrumb","itemListElement":[{"@type":"ListItem","position":1,"name":"Home","item":"https:\/\/miksch-werkzeugwechsler.de\/"},{"@type":"ListItem","position":2,"name":"Kontakt Service"}]},{"@type":"WebSite","@id":"https:\/\/miksch-werkzeugwechsler.de\/#website","url":"https:\/\/miksch-werkzeugwechsler.de\/","name":"MIKSCH GmbH","description":"","publisher":{"@id":"https:\/\/miksch-werkzeugwechsler.de\/#organization"},"potentialAction":[{"@type":"SearchAction","target":{"@type":"EntryPoint","urlTemplate":"https:\/\/miksch-werkzeugwechsler.de\/?s={search_term_string}"},"query-input":{"@type":"PropertyValueSpecification","valueRequired":true,"valueName":"search_term_string"}}],"inLanguage":"de"},{"@type":"Organization","@id":"https:\/\/miksch-werkzeugwechsler.de\/#organization","name":"MIKSCH GmbH","url":"https:\/\/miksch-werkzeugwechsler.de\/","logo":{"@type":"ImageObject","inLanguage":"de","@id":"https:\/\/miksch-werkzeugwechsler.de\/#\/schema\/logo\/image\/","url":"https:\/\/miksch-werkzeugwechsler.de\/wp-content\/uploads\/2024\/11\/gcOnlineDirectory-5-2.png","contentUrl":"https:\/\/miksch-werkzeugwechsler.de\/wp-content\/uploads\/2024\/11\/gcOnlineDirectory-5-2.png","width":227,"height":48,"caption":"MIKSCH GmbH"},"image":{"@id":"https:\/\/miksch-werkzeugwechsler.de\/#\/schema\/logo\/image\/"},"sameAs":["https:\/\/www.facebook.com\/people\/Miksch-GmbH\/100066497170541\/","https:\/\/au.linkedin.com\/company\/miksch-gmbh"]}]}},"_links":{"self":[{"href":"https:\/\/miksch-werkzeugwechsler.de\/de\/wp-json\/wp\/v2\/pages\/4004","targetHints":{"allow":["GET"]}}],"collection":[{"href":"https:\/\/miksch-werkzeugwechsler.de\/de\/wp-json\/wp\/v2\/pages"}],"about":[{"href":"https:\/\/miksch-werkzeugwechsler.de\/de\/wp-json\/wp\/v2\/types\/page"}],"author":[{"embeddable":true,"href":"https:\/\/miksch-werkzeugwechsler.de\/de\/wp-json\/wp\/v2\/users\/1"}],"replies":[{"embeddable":true,"href":"https:\/\/miksch-werkzeugwechsler.de\/de\/wp-json\/wp\/v2\/comments?post=4004"}],"version-history":[{"count":4,"href":"https:\/\/miksch-werkzeugwechsler.de\/de\/wp-json\/wp\/v2\/pages\/4004\/revisions"}],"predecessor-version":[{"id":4966,"href":"https:\/\/miksch-werkzeugwechsler.de\/de\/wp-json\/wp\/v2\/pages\/4004\/revisions\/4966"}],"wp:attachment":[{"href":"https:\/\/miksch-werkzeugwechsler.de\/de\/wp-json\/wp\/v2\/media?parent=4004"}],"curies":[{"name":"wp","href":"https:\/\/api.w.org\/{rel}","templated":true}]}}