{"id":3933,"date":"2024-12-10T17:32:00","date_gmt":"2024-12-10T16:32:00","guid":{"rendered":"https:\/\/miksch-werkzeugwechsler.de\/?page_id=3933"},"modified":"2026-03-30T12:53:24","modified_gmt":"2026-03-30T11:53:24","slug":"agb-miksch-gmbh-liefer-und-zahlungsbedingungen-fuer-werkzeugwechselsysteme","status":"publish","type":"page","link":"https:\/\/miksch-werkzeugwechsler.de\/de\/agb-miksch-gmbh-liefer-und-zahlungsbedingungen-fuer-werkzeugwechselsysteme\/","title":{"rendered":"AGB"},"content":{"rendered":"\n<h2 class=\"wp-block-heading\">Allgemeine Gesch\u00e4ftsbedingungen (AGB) von MIKSCH<\/h2>\n\n\n\n<figure class=\"wp-block-gallery has-nested-images columns-default is-cropped wp-block-gallery-1 is-layout-flex wp-block-gallery-is-layout-flex\">\n<figure class=\"wp-block-image size-full is-style-default\"><a href=\"https:\/\/miksch-werkzeugwechsler.de\/wp-content\/uploads\/2026\/03\/AGB.jpg\"><img decoding=\"async\" width=\"1536\" height=\"1024\" data-id=\"5616\" src=\"https:\/\/miksch-werkzeugwechsler.de\/wp-content\/uploads\/2026\/03\/AGB.jpg\" alt=\"\" class=\"wp-image-5616\" srcset=\"https:\/\/miksch-werkzeugwechsler.de\/wp-content\/uploads\/2026\/03\/AGB.jpg 1536w, https:\/\/miksch-werkzeugwechsler.de\/wp-content\/uploads\/2026\/03\/AGB-300x200.jpg 300w, https:\/\/miksch-werkzeugwechsler.de\/wp-content\/uploads\/2026\/03\/AGB-1024x683.jpg 1024w, https:\/\/miksch-werkzeugwechsler.de\/wp-content\/uploads\/2026\/03\/AGB-768x512.jpg 768w, https:\/\/miksch-werkzeugwechsler.de\/wp-content\/uploads\/2026\/03\/AGB-18x12.jpg 18w, https:\/\/miksch-werkzeugwechsler.de\/wp-content\/uploads\/2026\/03\/AGB-1320x880.jpg 1320w, https:\/\/miksch-werkzeugwechsler.de\/wp-content\/uploads\/2026\/03\/AGB-500x333.jpg 500w\" sizes=\"(max-width: 1536px) 100vw, 1536px\" \/><\/a><\/figure>\n<\/figure>\n\n\n\n<p>Die Liefer- und Einkaufsbedingungen der MIKSCH GmbH k\u00f6nnen Sie direkt \u00fcber die nachfolgenden Links herunterladen und einsehen. <\/p>\n\n\n\n<ul class=\"wp-block-list\">\n<li><a href=\"https:\/\/miksch-werkzeugwechsler.de\/wp-content\/uploads\/2024\/12\/M0178DD2005_Lieferbedingungen.pdf\" data-type=\"link\" data-id=\"https:\/\/miksch-werkzeugwechsler.de\/wp-content\/uploads\/2024\/12\/M0178DD2005_Lieferbedingungen.pdf\" target=\"_blank\" rel=\"noreferrer noopener\">Lieferbedingungen<\/a><\/li>\n\n\n\n<li><a href=\"https:\/\/miksch-werkzeugwechsler.de\/wp-content\/uploads\/2024\/12\/M0578DD1907_Einkaufsbedingungen.pdf\" data-type=\"link\" data-id=\"https:\/\/miksch-werkzeugwechsler.de\/wp-content\/uploads\/2024\/12\/M0578DD1907_Einkaufsbedingungen.pdf\" target=\"_blank\" rel=\"noreferrer noopener\">Einkaufsbedingungen<\/a><\/li>\n<\/ul>\n\n\n\n<p>Weitere Informationen k\u00f6nnen Sie gerne<a href=\"https:\/\/miksch-werkzeugwechsler.de\/kontakt-zu-miksch-gmbh-ihre-anfrage-kontaktmoeglichkeiten\/\"> hier<\/a> anfordern.<\/p>\n\n\n\n<p><\/p>\n","protected":false},"excerpt":{"rendered":"<p>Allgemeine Gesch\u00e4ftsbedingungen (AGB) von MIKSCH Die Liefer- und Einkaufsbedingungen der MIKSCH GmbH k\u00f6nnen Sie direkt \u00fcber die nachfolgenden Links herunterladen und einsehen. Weitere Informationen k\u00f6nnen Sie gerne hier anfordern.<\/p>\n","protected":false},"author":4,"featured_media":5616,"parent":0,"menu_order":0,"comment_status":"closed","ping_status":"closed","template":"","meta":{"_acf_changed":false,"footnotes":""},"class_list":["post-3933","page","type-page","status-publish","has-post-thumbnail","hentry"],"acf":[],"yoast_head":"<!-- This site is optimized with the Yoast SEO plugin v27.3 - https:\/\/yoast.com\/product\/yoast-seo-wordpress\/ -->\n<title>AGB<\/title>\n<meta name=\"description\" content=\"Allgemeine Gesch\u00e4ftsbedingungen der MIKSCH GmbH f\u00fcr Kurvengetriebe &amp; Werkzeugwechselsysteme\" \/>\n<meta name=\"robots\" content=\"noindex, follow, max-snippet:-1, max-image-preview:large, max-video-preview:-1\" \/>\n<meta property=\"og:locale\" content=\"de_DE\" \/>\n<meta property=\"og:type\" content=\"article\" \/>\n<meta property=\"og:title\" content=\"AGB\" \/>\n<meta property=\"og:description\" content=\"Allgemeine Gesch\u00e4ftsbedingungen der MIKSCH GmbH f\u00fcr Kurvengetriebe &amp; Werkzeugwechselsysteme\" \/>\n<meta property=\"og:url\" content=\"https:\/\/miksch-werkzeugwechsler.de\/de\/agb-miksch-gmbh-liefer-und-zahlungsbedingungen-fuer-werkzeugwechselsysteme\/\" \/>\n<meta property=\"og:site_name\" content=\"MIKSCH - accelerates\" \/>\n<meta property=\"article:publisher\" content=\"https:\/\/www.facebook.com\/people\/Miksch-GmbH\/100066497170541\/\" \/>\n<meta property=\"article:modified_time\" content=\"2026-03-30T11:53:24+00:00\" \/>\n<meta property=\"og:image\" content=\"https:\/\/miksch-werkzeugwechsler.de\/wp-content\/uploads\/2026\/03\/AGB.jpg\" \/>\n\t<meta property=\"og:image:width\" content=\"1536\" \/>\n\t<meta property=\"og:image:height\" content=\"1024\" \/>\n\t<meta property=\"og:image:type\" content=\"image\/jpeg\" \/>\n<meta name=\"twitter:card\" content=\"summary_large_image\" \/>\n<meta name=\"twitter:label1\" content=\"Gesch\u00e4tzte Lesezeit\" \/>\n\t<meta name=\"twitter:data1\" content=\"1\u00a0Minute\" \/>\n<script type=\"application\/ld+json\" class=\"yoast-schema-graph\">{\"@context\":\"https:\\\/\\\/schema.org\",\"@graph\":[{\"@type\":\"WebPage\",\"@id\":\"https:\\\/\\\/miksch-werkzeugwechsler.de\\\/agb-miksch-gmbh-liefer-und-zahlungsbedingungen-fuer-werkzeugwechselsysteme\\\/\",\"url\":\"https:\\\/\\\/miksch-werkzeugwechsler.de\\\/agb-miksch-gmbh-liefer-und-zahlungsbedingungen-fuer-werkzeugwechselsysteme\\\/\",\"name\":\"AGB\",\"isPartOf\":{\"@id\":\"https:\\\/\\\/miksch-werkzeugwechsler.de\\\/#website\"},\"primaryImageOfPage\":{\"@id\":\"https:\\\/\\\/miksch-werkzeugwechsler.de\\\/agb-miksch-gmbh-liefer-und-zahlungsbedingungen-fuer-werkzeugwechselsysteme\\\/#primaryimage\"},\"image\":{\"@id\":\"https:\\\/\\\/miksch-werkzeugwechsler.de\\\/agb-miksch-gmbh-liefer-und-zahlungsbedingungen-fuer-werkzeugwechselsysteme\\\/#primaryimage\"},\"thumbnailUrl\":\"https:\\\/\\\/miksch-werkzeugwechsler.de\\\/wp-content\\\/uploads\\\/2026\\\/03\\\/AGB.jpg\",\"datePublished\":\"2024-12-10T16:32:00+00:00\",\"dateModified\":\"2026-03-30T11:53:24+00:00\",\"description\":\"Allgemeine Gesch\u00e4ftsbedingungen der MIKSCH GmbH f\u00fcr Kurvengetriebe & Werkzeugwechselsysteme\",\"breadcrumb\":{\"@id\":\"https:\\\/\\\/miksch-werkzeugwechsler.de\\\/agb-miksch-gmbh-liefer-und-zahlungsbedingungen-fuer-werkzeugwechselsysteme\\\/#breadcrumb\"},\"inLanguage\":\"de\",\"potentialAction\":[{\"@type\":\"ReadAction\",\"target\":[\"https:\\\/\\\/miksch-werkzeugwechsler.de\\\/agb-miksch-gmbh-liefer-und-zahlungsbedingungen-fuer-werkzeugwechselsysteme\\\/\"]}]},{\"@type\":\"ImageObject\",\"inLanguage\":\"de\",\"@id\":\"https:\\\/\\\/miksch-werkzeugwechsler.de\\\/agb-miksch-gmbh-liefer-und-zahlungsbedingungen-fuer-werkzeugwechselsysteme\\\/#primaryimage\",\"url\":\"https:\\\/\\\/miksch-werkzeugwechsler.de\\\/wp-content\\\/uploads\\\/2026\\\/03\\\/AGB.jpg\",\"contentUrl\":\"https:\\\/\\\/miksch-werkzeugwechsler.de\\\/wp-content\\\/uploads\\\/2026\\\/03\\\/AGB.jpg\",\"width\":1536,\"height\":1024},{\"@type\":\"BreadcrumbList\",\"@id\":\"https:\\\/\\\/miksch-werkzeugwechsler.de\\\/agb-miksch-gmbh-liefer-und-zahlungsbedingungen-fuer-werkzeugwechselsysteme\\\/#breadcrumb\",\"itemListElement\":[{\"@type\":\"ListItem\",\"position\":1,\"name\":\"Home\",\"item\":\"https:\\\/\\\/miksch-werkzeugwechsler.de\\\/\"},{\"@type\":\"ListItem\",\"position\":2,\"name\":\"AGB\"}]},{\"@type\":\"WebSite\",\"@id\":\"https:\\\/\\\/miksch-werkzeugwechsler.de\\\/#website\",\"url\":\"https:\\\/\\\/miksch-werkzeugwechsler.de\\\/\",\"name\":\"MIKSCH GmbH\",\"description\":\"\",\"publisher\":{\"@id\":\"https:\\\/\\\/miksch-werkzeugwechsler.de\\\/#organization\"},\"potentialAction\":[{\"@type\":\"SearchAction\",\"target\":{\"@type\":\"EntryPoint\",\"urlTemplate\":\"https:\\\/\\\/miksch-werkzeugwechsler.de\\\/?s={search_term_string}\"},\"query-input\":{\"@type\":\"PropertyValueSpecification\",\"valueRequired\":true,\"valueName\":\"search_term_string\"}}],\"inLanguage\":\"de\"},{\"@type\":\"Organization\",\"@id\":\"https:\\\/\\\/miksch-werkzeugwechsler.de\\\/#organization\",\"name\":\"MIKSCH GmbH\",\"url\":\"https:\\\/\\\/miksch-werkzeugwechsler.de\\\/\",\"logo\":{\"@type\":\"ImageObject\",\"inLanguage\":\"de\",\"@id\":\"https:\\\/\\\/miksch-werkzeugwechsler.de\\\/#\\\/schema\\\/logo\\\/image\\\/\",\"url\":\"https:\\\/\\\/miksch-werkzeugwechsler.de\\\/wp-content\\\/uploads\\\/2024\\\/11\\\/gcOnlineDirectory-5-2.png\",\"contentUrl\":\"https:\\\/\\\/miksch-werkzeugwechsler.de\\\/wp-content\\\/uploads\\\/2024\\\/11\\\/gcOnlineDirectory-5-2.png\",\"width\":227,\"height\":48,\"caption\":\"MIKSCH GmbH\"},\"image\":{\"@id\":\"https:\\\/\\\/miksch-werkzeugwechsler.de\\\/#\\\/schema\\\/logo\\\/image\\\/\"},\"sameAs\":[\"https:\\\/\\\/www.facebook.com\\\/people\\\/Miksch-GmbH\\\/100066497170541\\\/\",\"https:\\\/\\\/au.linkedin.com\\\/company\\\/miksch-gmbh\"]}]}<\/script>\n<!-- \/ Yoast SEO plugin. -->","yoast_head_json":{"title":"AGB","description":"Allgemeine Gesch\u00e4ftsbedingungen der MIKSCH GmbH f\u00fcr Kurvengetriebe & Werkzeugwechselsysteme","robots":{"index":"noindex","follow":"follow","max-snippet":"max-snippet:-1","max-image-preview":"max-image-preview:large","max-video-preview":"max-video-preview:-1"},"og_locale":"de_DE","og_type":"article","og_title":"AGB","og_description":"Allgemeine Gesch\u00e4ftsbedingungen der MIKSCH GmbH f\u00fcr Kurvengetriebe & Werkzeugwechselsysteme","og_url":"https:\/\/miksch-werkzeugwechsler.de\/de\/agb-miksch-gmbh-liefer-und-zahlungsbedingungen-fuer-werkzeugwechselsysteme\/","og_site_name":"MIKSCH - accelerates","article_publisher":"https:\/\/www.facebook.com\/people\/Miksch-GmbH\/100066497170541\/","article_modified_time":"2026-03-30T11:53:24+00:00","og_image":[{"width":1536,"height":1024,"url":"https:\/\/miksch-werkzeugwechsler.de\/wp-content\/uploads\/2026\/03\/AGB.jpg","type":"image\/jpeg"}],"twitter_card":"summary_large_image","twitter_misc":{"Gesch\u00e4tzte Lesezeit":"1\u00a0Minute"},"schema":{"@context":"https:\/\/schema.org","@graph":[{"@type":"WebPage","@id":"https:\/\/miksch-werkzeugwechsler.de\/agb-miksch-gmbh-liefer-und-zahlungsbedingungen-fuer-werkzeugwechselsysteme\/","url":"https:\/\/miksch-werkzeugwechsler.de\/agb-miksch-gmbh-liefer-und-zahlungsbedingungen-fuer-werkzeugwechselsysteme\/","name":"AGB","isPartOf":{"@id":"https:\/\/miksch-werkzeugwechsler.de\/#website"},"primaryImageOfPage":{"@id":"https:\/\/miksch-werkzeugwechsler.de\/agb-miksch-gmbh-liefer-und-zahlungsbedingungen-fuer-werkzeugwechselsysteme\/#primaryimage"},"image":{"@id":"https:\/\/miksch-werkzeugwechsler.de\/agb-miksch-gmbh-liefer-und-zahlungsbedingungen-fuer-werkzeugwechselsysteme\/#primaryimage"},"thumbnailUrl":"https:\/\/miksch-werkzeugwechsler.de\/wp-content\/uploads\/2026\/03\/AGB.jpg","datePublished":"2024-12-10T16:32:00+00:00","dateModified":"2026-03-30T11:53:24+00:00","description":"Allgemeine Gesch\u00e4ftsbedingungen der MIKSCH GmbH f\u00fcr Kurvengetriebe & Werkzeugwechselsysteme","breadcrumb":{"@id":"https:\/\/miksch-werkzeugwechsler.de\/agb-miksch-gmbh-liefer-und-zahlungsbedingungen-fuer-werkzeugwechselsysteme\/#breadcrumb"},"inLanguage":"de","potentialAction":[{"@type":"ReadAction","target":["https:\/\/miksch-werkzeugwechsler.de\/agb-miksch-gmbh-liefer-und-zahlungsbedingungen-fuer-werkzeugwechselsysteme\/"]}]},{"@type":"ImageObject","inLanguage":"de","@id":"https:\/\/miksch-werkzeugwechsler.de\/agb-miksch-gmbh-liefer-und-zahlungsbedingungen-fuer-werkzeugwechselsysteme\/#primaryimage","url":"https:\/\/miksch-werkzeugwechsler.de\/wp-content\/uploads\/2026\/03\/AGB.jpg","contentUrl":"https:\/\/miksch-werkzeugwechsler.de\/wp-content\/uploads\/2026\/03\/AGB.jpg","width":1536,"height":1024},{"@type":"BreadcrumbList","@id":"https:\/\/miksch-werkzeugwechsler.de\/agb-miksch-gmbh-liefer-und-zahlungsbedingungen-fuer-werkzeugwechselsysteme\/#breadcrumb","itemListElement":[{"@type":"ListItem","position":1,"name":"Home","item":"https:\/\/miksch-werkzeugwechsler.de\/"},{"@type":"ListItem","position":2,"name":"AGB"}]},{"@type":"WebSite","@id":"https:\/\/miksch-werkzeugwechsler.de\/#website","url":"https:\/\/miksch-werkzeugwechsler.de\/","name":"MIKSCH GmbH","description":"","publisher":{"@id":"https:\/\/miksch-werkzeugwechsler.de\/#organization"},"potentialAction":[{"@type":"SearchAction","target":{"@type":"EntryPoint","urlTemplate":"https:\/\/miksch-werkzeugwechsler.de\/?s={search_term_string}"},"query-input":{"@type":"PropertyValueSpecification","valueRequired":true,"valueName":"search_term_string"}}],"inLanguage":"de"},{"@type":"Organization","@id":"https:\/\/miksch-werkzeugwechsler.de\/#organization","name":"MIKSCH GmbH","url":"https:\/\/miksch-werkzeugwechsler.de\/","logo":{"@type":"ImageObject","inLanguage":"de","@id":"https:\/\/miksch-werkzeugwechsler.de\/#\/schema\/logo\/image\/","url":"https:\/\/miksch-werkzeugwechsler.de\/wp-content\/uploads\/2024\/11\/gcOnlineDirectory-5-2.png","contentUrl":"https:\/\/miksch-werkzeugwechsler.de\/wp-content\/uploads\/2024\/11\/gcOnlineDirectory-5-2.png","width":227,"height":48,"caption":"MIKSCH GmbH"},"image":{"@id":"https:\/\/miksch-werkzeugwechsler.de\/#\/schema\/logo\/image\/"},"sameAs":["https:\/\/www.facebook.com\/people\/Miksch-GmbH\/100066497170541\/","https:\/\/au.linkedin.com\/company\/miksch-gmbh"]}]}},"_links":{"self":[{"href":"https:\/\/miksch-werkzeugwechsler.de\/de\/wp-json\/wp\/v2\/pages\/3933","targetHints":{"allow":["GET"]}}],"collection":[{"href":"https:\/\/miksch-werkzeugwechsler.de\/de\/wp-json\/wp\/v2\/pages"}],"about":[{"href":"https:\/\/miksch-werkzeugwechsler.de\/de\/wp-json\/wp\/v2\/types\/page"}],"author":[{"embeddable":true,"href":"https:\/\/miksch-werkzeugwechsler.de\/de\/wp-json\/wp\/v2\/users\/4"}],"replies":[{"embeddable":true,"href":"https:\/\/miksch-werkzeugwechsler.de\/de\/wp-json\/wp\/v2\/comments?post=3933"}],"version-history":[{"count":11,"href":"https:\/\/miksch-werkzeugwechsler.de\/de\/wp-json\/wp\/v2\/pages\/3933\/revisions"}],"predecessor-version":[{"id":5623,"href":"https:\/\/miksch-werkzeugwechsler.de\/de\/wp-json\/wp\/v2\/pages\/3933\/revisions\/5623"}],"wp:featuredmedia":[{"embeddable":true,"href":"https:\/\/miksch-werkzeugwechsler.de\/de\/wp-json\/wp\/v2\/media\/5616"}],"wp:attachment":[{"href":"https:\/\/miksch-werkzeugwechsler.de\/de\/wp-json\/wp\/v2\/media?parent=3933"}],"curies":[{"name":"wp","href":"https:\/\/api.w.org\/{rel}","templated":true}]}}