{"id":3883,"date":"2024-12-05T17:06:40","date_gmt":"2024-12-05T16:06:40","guid":{"rendered":"https:\/\/miksch-werkzeugwechsler.de\/?page_id=3883"},"modified":"2026-01-12T09:34:57","modified_gmt":"2026-01-12T08:34:57","slug":"miksch-gmbh-impressum","status":"publish","type":"page","link":"https:\/\/miksch-werkzeugwechsler.de\/de\/miksch-gmbh-impressum\/","title":{"rendered":"Impressum"},"content":{"rendered":"\r\n<h2 class=\"wp-block-heading\">Impressum der MIKSCH GmbH<\/h2>\r\n\r\n\r\n\r\n<p class=\"has-medium-font-size\">MIKSCH GmbH<br \/>Reutlinger Str. 5<br \/>73037 G\u00f6ppingen &#8211; Germany<br \/>Tel. +49 (0) 7161\/6724-0<br \/>Fax +49 (0) 7161\/6724-99<br \/>E-Mail:\u00a0<a href=\"mailto:mi****@*********************er.de\" data-original-string=\"c5kPsT7E2Aci3kHp5wSJOw==f42NSTwzYcgNbv3ZAxOVBBvtS6PL6EbVh7WfWk3RgNRVpzwjF39tWsRnwSi3mNQvpdpd2\/0fCCml1u4lt74BK3ch+LEVW+\/p3mWN2cDRkVcLb+RSPDbVsoAdi4jJfCnq6yOyVYAWX0t8PMk35VNPvZVtz8kh3UaWMC+mS2bUNHu01KZ6LpeLI\/poSVBkPLVZETf6u5ziikJih+VR089557Z7PfdvIk5DMlfwSiDXALJZzD1E2\/quIfsHrM75ZRcWXxTonXlJmThYXqCpqn1RL9bP8fJtPZ\/Piw56wTOxtPh+aZ9hNrBea0CnayRUioP2N3uCCcJCY9M7JDwTLhu4qupqGlrOACjt0tZFKnhqeevXhc=\" title=\"Dieser Kontakt wurde von Anti-Spam by CleanTalk verschl\u00fcsselt. Klicken Sie hier, um ihn zu entschl\u00fcsseln. Um die Entschl\u00fcsselung abzuschlie\u00dfen, stellen Sie sicher, dass JavaScript in Ihrem Browser aktiviert ist.?subject= MIKSCH-Website%20-%20Anfrage%20\u00fcber%20Impressum%20f\u00fcr%20MIKSCH%20GmbH&amp;body=Sehr%20geehrtes%20MIKSCH-Team,%0A%0Aich%20habe%20folgende%20Anfrage%20an%20Sie:%20%0A%0ABitte%20kontaktieren%20Sie%20mich.%20A%20ADanke!&quot;\" target=\"_blank\" rel=\"noopener\"><span \n                data-original-string='YlgSxNDbR86eTCTFXYWDMg==f42gdrFko6961iOb\/WSB6SvewFoye38sZtDtVtnWB0wlyfSs2BfeQtVWauawzDIqXQR'\n                class='apbct-email-encoder'\n                title='Dieser Kontakt wurde von Anti-Spam by CleanTalk verschl\u00fcsselt. Klicken Sie hier, um ihn zu entschl\u00fcsseln. Um die Entschl\u00fcsselung abzuschlie\u00dfen, stellen Sie sicher, dass JavaScript in Ihrem Browser aktiviert ist.'>mi<span class=\"apbct-blur\">****<\/span>@<span class=\"apbct-blur\">*********************<\/span>er.de<\/span><\/a><\/p>\r\n\r\n\r\n\r\n<h4 class=\"wp-block-heading\">Gesch\u00e4ftsf\u00fchrer:<\/h4>\r\n\r\n\r\n\r\n<p>Dipl.-Ing. Alexander Miksch, MBA<\/p>\r\n\r\n\r\n\r\n<p>Handelsregister Amtsgericht Ulm, Nr.\u00a0HRB 530594<\/p>\r\n\r\n\r\n\r\n<h4 class=\"wp-block-heading\">Umsatzsteueridentifikations-Nr.:<\/h4>\r\n\r\n\r\n\r\n<p>DE 145557640<\/p>\r\n\r\n\r\n\r\n<h4 class=\"wp-block-heading\">Rechtliche Hinweise<\/h4>\r\n\r\n\r\n\r\n<p><strong>Urheberrecht:<\/strong><br \/>Copyright 2025 MIKSCH GmbH: Alle Rechte vorbehalten. Ale Texte, Bilder, Graphiken, Ton-\/Video- und Animationsdateien sowie ihre Arrangements unterliegen dem Urheberrecht und anderen Gesetzen zum Schutz geistigen Eigentums der MIKSCH GmbH in allen Ver\u00f6ffentlichungen (Website, Kataloge, Mailings u.a.). Eine Vervielf\u00e4ltigung, Verbreitung \u00f6ffentlich Zug\u00e4nglichmachung, Bearbeitung oder sonstige Verwendung solcher Grafiken, Bildern und Texten etc. in anderen elektronischen oder gedruckten Publikationen oder auf sonstige Weise ist ohne ausdr\u00fcckliche Zustimmung der MIKSCH GmbH nicht gestattet. Das gesetzliche Recht zur Privatkopie bleibt hiervon unber\u00fchrt.<\/p>\r\n\r\n\r\n\r\n<p>Einige Internetseiten dieser Website enthalten auch Inhalte, die dem Urheberrecht derjenigen unterliegen, die diese der MIKSCH GmbH zur Verf\u00fcgung gestellt haben.<\/p>\r\n\r\n\r\n\r\n<p><strong>Marken und Namen:<\/strong><br \/>Sofern nicht an der entsprechenden Stelle angegeben, unterliegen alle innerhalb dieser Website aufgef\u00fchrten Marken, Kennzeichen und Namen uneingeschr\u00e4nkt den Rechten der jeweiligen Berechtigten.<\/p>\r\n\r\n\r\n\r\n<p>Wir als MIKSCH GmbH behalten uns bei Verletzung diese Rechte die Einleitung s\u00e4mtlicher zivilrechtlicher und strafrechtlicher Schritte vor.<\/p>\r\n\r\n\r\n\r\n<p><strong>Haftung:<\/strong><br \/>Die Informationen und Angaben auf dieser Website stellen keine ausdr\u00fcckliche oder stillschweigende Zusicherungen oder Garantien dar. Sie stellen insbesondere keine stillschweigende Zusage oder Garantie betreffend die Beschaffenheit, die Handelsf\u00e4higkeit, die Eignung f\u00fcr bestimmte Zwecke oder den Nichtversto\u00df gegen Gesetze und Patente dar.<\/p>\r\n\r\n\r\n\r\n<p>Auf unserer Website finden Sie auch Links zu anderen Websites im Internet. Wir m\u00f6chten Sie darauf hinweisen, dass wir keinen Einfluss auf die Gestaltung und den Inhalt dieser Seiten haben, auf die verlinkt wird. Wir k\u00f6nnen daher auch keine Gew\u00e4hr f\u00fcr die Aktualit\u00e4t, Korrektheit, Vollst\u00e4ndigkeit oder Qualit\u00e4t der dort bereitgestellten Informationen \u00fcbernehmen. Vor diesem Hintergrund distanzieren wir uns hiermit von allen Inhalten dieser Internet-Seiten. Diese Erkl\u00e4rung gilt f\u00fcr alle auf unserer Website enthaltenen Links zu externen Seiten und deren Inhalten.<\/p>\r\n\r\n\r\n\r\n<p><strong>Online-Streitbeilegung:<\/strong><br \/>Online-Streitbeilegung gem\u00e4\u00df Art. 14 Abs. 1 ODR-VO:<\/p>\r\n\r\n\r\n\r\n<p>Die Europ\u00e4ische Kommission stellt eine Plattform zur Online-Streitbeilegung (OS) bereit, die Sie unter\u00a0<a href=\"http:\/\/ec.europa.eu\/consumers\/odr\/\">ec.europa.eu\/consumers\/odr\/\u00a0<\/a>finden.<\/p>\r\n\r\n\r\n\r\n<p>&nbsp;<\/p>\r\n","protected":false},"excerpt":{"rendered":"<p>Impressum der MIKSCH GmbH MIKSCH GmbHReutlinger Str. 573037 G\u00f6ppingen &#8211; GermanyTel. +49 (0) 7161\/6724-0Fax +49 (0) 7161\/6724-99E-Mail:\u00a0mi****@*********************er.de Gesch\u00e4ftsf\u00fchrer: Dipl.-Ing. Alexander Miksch, MBA Handelsregister Amtsgericht Ulm, Nr.\u00a0HRB 530594 Umsatzsteueridentifikations-Nr.: DE 145557640 Rechtliche Hinweise Urheberrecht:Copyright 2025 MIKSCH GmbH: Alle Rechte vorbehalten. Ale Texte, Bilder, Graphiken, Ton-\/Video- und Animationsdateien sowie ihre Arrangements unterliegen<\/p>\n","protected":false},"author":4,"featured_media":0,"parent":0,"menu_order":0,"comment_status":"closed","ping_status":"closed","template":"","meta":{"_acf_changed":false,"footnotes":""},"class_list":["post-3883","page","type-page","status-publish","hentry"],"acf":[],"yoast_head":"<!-- This site is optimized with the Yoast SEO plugin v27.3 - https:\/\/yoast.com\/product\/yoast-seo-wordpress\/ -->\n<title>Impressum - MIKSCH - accelerates<\/title>\n<meta name=\"description\" content=\"MIKSCH GmbH - Impressum mit allen rechtlichen notwendigen Angaben. Urheberrecht, Marken und Namen, Haftung, Online-Streitbeilegung.\" \/>\n<meta name=\"robots\" content=\"noindex, follow, max-snippet:-1, max-image-preview:large, max-video-preview:-1\" \/>\n<meta property=\"og:locale\" content=\"de_DE\" \/>\n<meta property=\"og:type\" content=\"article\" \/>\n<meta property=\"og:title\" content=\"Impressum - MIKSCH - accelerates\" \/>\n<meta property=\"og:description\" content=\"MIKSCH GmbH - Impressum mit allen rechtlichen notwendigen Angaben. Urheberrecht, Marken und Namen, Haftung, Online-Streitbeilegung.\" \/>\n<meta property=\"og:url\" content=\"https:\/\/miksch-werkzeugwechsler.de\/de\/miksch-gmbh-impressum\/\" \/>\n<meta property=\"og:site_name\" content=\"MIKSCH - accelerates\" \/>\n<meta property=\"article:publisher\" content=\"https:\/\/www.facebook.com\/people\/Miksch-GmbH\/100066497170541\/\" \/>\n<meta property=\"article:modified_time\" content=\"2026-01-12T08:34:57+00:00\" \/>\n<meta name=\"twitter:card\" content=\"summary_large_image\" \/>\n<meta name=\"twitter:label1\" content=\"Gesch\u00e4tzte Lesezeit\" \/>\n\t<meta name=\"twitter:data1\" content=\"2\u00a0Minuten\" \/>\n<script type=\"application\/ld+json\" class=\"yoast-schema-graph\">{\"@context\":\"https:\\\/\\\/schema.org\",\"@graph\":[{\"@type\":\"WebPage\",\"@id\":\"https:\\\/\\\/miksch-werkzeugwechsler.de\\\/miksch-gmbh-impressum\\\/\",\"url\":\"https:\\\/\\\/miksch-werkzeugwechsler.de\\\/miksch-gmbh-impressum\\\/\",\"name\":\"Impressum - MIKSCH - accelerates\",\"isPartOf\":{\"@id\":\"https:\\\/\\\/miksch-werkzeugwechsler.de\\\/#website\"},\"datePublished\":\"2024-12-05T16:06:40+00:00\",\"dateModified\":\"2026-01-12T08:34:57+00:00\",\"description\":\"MIKSCH GmbH - Impressum mit allen rechtlichen notwendigen Angaben. Urheberrecht, Marken und Namen, Haftung, Online-Streitbeilegung.\",\"breadcrumb\":{\"@id\":\"https:\\\/\\\/miksch-werkzeugwechsler.de\\\/miksch-gmbh-impressum\\\/#breadcrumb\"},\"inLanguage\":\"de\",\"potentialAction\":[{\"@type\":\"ReadAction\",\"target\":[\"https:\\\/\\\/miksch-werkzeugwechsler.de\\\/miksch-gmbh-impressum\\\/\"]}]},{\"@type\":\"BreadcrumbList\",\"@id\":\"https:\\\/\\\/miksch-werkzeugwechsler.de\\\/miksch-gmbh-impressum\\\/#breadcrumb\",\"itemListElement\":[{\"@type\":\"ListItem\",\"position\":1,\"name\":\"Home\",\"item\":\"https:\\\/\\\/miksch-werkzeugwechsler.de\\\/\"},{\"@type\":\"ListItem\",\"position\":2,\"name\":\"Impressum\"}]},{\"@type\":\"WebSite\",\"@id\":\"https:\\\/\\\/miksch-werkzeugwechsler.de\\\/#website\",\"url\":\"https:\\\/\\\/miksch-werkzeugwechsler.de\\\/\",\"name\":\"MIKSCH GmbH\",\"description\":\"\",\"publisher\":{\"@id\":\"https:\\\/\\\/miksch-werkzeugwechsler.de\\\/#organization\"},\"potentialAction\":[{\"@type\":\"SearchAction\",\"target\":{\"@type\":\"EntryPoint\",\"urlTemplate\":\"https:\\\/\\\/miksch-werkzeugwechsler.de\\\/?s={search_term_string}\"},\"query-input\":{\"@type\":\"PropertyValueSpecification\",\"valueRequired\":true,\"valueName\":\"search_term_string\"}}],\"inLanguage\":\"de\"},{\"@type\":\"Organization\",\"@id\":\"https:\\\/\\\/miksch-werkzeugwechsler.de\\\/#organization\",\"name\":\"MIKSCH GmbH\",\"url\":\"https:\\\/\\\/miksch-werkzeugwechsler.de\\\/\",\"logo\":{\"@type\":\"ImageObject\",\"inLanguage\":\"de\",\"@id\":\"https:\\\/\\\/miksch-werkzeugwechsler.de\\\/#\\\/schema\\\/logo\\\/image\\\/\",\"url\":\"https:\\\/\\\/miksch-werkzeugwechsler.de\\\/wp-content\\\/uploads\\\/2024\\\/11\\\/gcOnlineDirectory-5-2.png\",\"contentUrl\":\"https:\\\/\\\/miksch-werkzeugwechsler.de\\\/wp-content\\\/uploads\\\/2024\\\/11\\\/gcOnlineDirectory-5-2.png\",\"width\":227,\"height\":48,\"caption\":\"MIKSCH GmbH\"},\"image\":{\"@id\":\"https:\\\/\\\/miksch-werkzeugwechsler.de\\\/#\\\/schema\\\/logo\\\/image\\\/\"},\"sameAs\":[\"https:\\\/\\\/www.facebook.com\\\/people\\\/Miksch-GmbH\\\/100066497170541\\\/\",\"https:\\\/\\\/au.linkedin.com\\\/company\\\/miksch-gmbh\"]}]}<\/script>\n<!-- \/ Yoast SEO plugin. -->","yoast_head_json":{"title":"Impressum - MIKSCH - accelerates","description":"MIKSCH GmbH - Impressum mit allen rechtlichen notwendigen Angaben. Urheberrecht, Marken und Namen, Haftung, Online-Streitbeilegung.","robots":{"index":"noindex","follow":"follow","max-snippet":"max-snippet:-1","max-image-preview":"max-image-preview:large","max-video-preview":"max-video-preview:-1"},"og_locale":"de_DE","og_type":"article","og_title":"Impressum - MIKSCH - accelerates","og_description":"MIKSCH GmbH - Impressum mit allen rechtlichen notwendigen Angaben. Urheberrecht, Marken und Namen, Haftung, Online-Streitbeilegung.","og_url":"https:\/\/miksch-werkzeugwechsler.de\/de\/miksch-gmbh-impressum\/","og_site_name":"MIKSCH - accelerates","article_publisher":"https:\/\/www.facebook.com\/people\/Miksch-GmbH\/100066497170541\/","article_modified_time":"2026-01-12T08:34:57+00:00","twitter_card":"summary_large_image","twitter_misc":{"Gesch\u00e4tzte Lesezeit":"2\u00a0Minuten"},"schema":{"@context":"https:\/\/schema.org","@graph":[{"@type":"WebPage","@id":"https:\/\/miksch-werkzeugwechsler.de\/miksch-gmbh-impressum\/","url":"https:\/\/miksch-werkzeugwechsler.de\/miksch-gmbh-impressum\/","name":"Impressum - MIKSCH - accelerates","isPartOf":{"@id":"https:\/\/miksch-werkzeugwechsler.de\/#website"},"datePublished":"2024-12-05T16:06:40+00:00","dateModified":"2026-01-12T08:34:57+00:00","description":"MIKSCH GmbH - Impressum mit allen rechtlichen notwendigen Angaben. Urheberrecht, Marken und Namen, Haftung, Online-Streitbeilegung.","breadcrumb":{"@id":"https:\/\/miksch-werkzeugwechsler.de\/miksch-gmbh-impressum\/#breadcrumb"},"inLanguage":"de","potentialAction":[{"@type":"ReadAction","target":["https:\/\/miksch-werkzeugwechsler.de\/miksch-gmbh-impressum\/"]}]},{"@type":"BreadcrumbList","@id":"https:\/\/miksch-werkzeugwechsler.de\/miksch-gmbh-impressum\/#breadcrumb","itemListElement":[{"@type":"ListItem","position":1,"name":"Home","item":"https:\/\/miksch-werkzeugwechsler.de\/"},{"@type":"ListItem","position":2,"name":"Impressum"}]},{"@type":"WebSite","@id":"https:\/\/miksch-werkzeugwechsler.de\/#website","url":"https:\/\/miksch-werkzeugwechsler.de\/","name":"MIKSCH GmbH","description":"","publisher":{"@id":"https:\/\/miksch-werkzeugwechsler.de\/#organization"},"potentialAction":[{"@type":"SearchAction","target":{"@type":"EntryPoint","urlTemplate":"https:\/\/miksch-werkzeugwechsler.de\/?s={search_term_string}"},"query-input":{"@type":"PropertyValueSpecification","valueRequired":true,"valueName":"search_term_string"}}],"inLanguage":"de"},{"@type":"Organization","@id":"https:\/\/miksch-werkzeugwechsler.de\/#organization","name":"MIKSCH GmbH","url":"https:\/\/miksch-werkzeugwechsler.de\/","logo":{"@type":"ImageObject","inLanguage":"de","@id":"https:\/\/miksch-werkzeugwechsler.de\/#\/schema\/logo\/image\/","url":"https:\/\/miksch-werkzeugwechsler.de\/wp-content\/uploads\/2024\/11\/gcOnlineDirectory-5-2.png","contentUrl":"https:\/\/miksch-werkzeugwechsler.de\/wp-content\/uploads\/2024\/11\/gcOnlineDirectory-5-2.png","width":227,"height":48,"caption":"MIKSCH GmbH"},"image":{"@id":"https:\/\/miksch-werkzeugwechsler.de\/#\/schema\/logo\/image\/"},"sameAs":["https:\/\/www.facebook.com\/people\/Miksch-GmbH\/100066497170541\/","https:\/\/au.linkedin.com\/company\/miksch-gmbh"]}]}},"_links":{"self":[{"href":"https:\/\/miksch-werkzeugwechsler.de\/de\/wp-json\/wp\/v2\/pages\/3883","targetHints":{"allow":["GET"]}}],"collection":[{"href":"https:\/\/miksch-werkzeugwechsler.de\/de\/wp-json\/wp\/v2\/pages"}],"about":[{"href":"https:\/\/miksch-werkzeugwechsler.de\/de\/wp-json\/wp\/v2\/types\/page"}],"author":[{"embeddable":true,"href":"https:\/\/miksch-werkzeugwechsler.de\/de\/wp-json\/wp\/v2\/users\/4"}],"replies":[{"embeddable":true,"href":"https:\/\/miksch-werkzeugwechsler.de\/de\/wp-json\/wp\/v2\/comments?post=3883"}],"version-history":[{"count":2,"href":"https:\/\/miksch-werkzeugwechsler.de\/de\/wp-json\/wp\/v2\/pages\/3883\/revisions"}],"predecessor-version":[{"id":4883,"href":"https:\/\/miksch-werkzeugwechsler.de\/de\/wp-json\/wp\/v2\/pages\/3883\/revisions\/4883"}],"wp:attachment":[{"href":"https:\/\/miksch-werkzeugwechsler.de\/de\/wp-json\/wp\/v2\/media?parent=3883"}],"curies":[{"name":"wp","href":"https:\/\/api.w.org\/{rel}","templated":true}]}}